{"id":2116,"date":"2021-07-17T03:10:40","date_gmt":"2021-07-17T03:10:40","guid":{"rendered":"https:\/\/ctmconnect.net\/business-solutions\/event-management\/"},"modified":"2021-10-18T22:47:38","modified_gmt":"2021-10-18T15:47:38","slug":"to-chuc-su-kien","status":"publish","type":"page","link":"https:\/\/ctmconnect.net\/vi\/giai-phap-doanh-nghiep\/to-chuc-su-kien\/","title":{"rendered":"T\u1ed5 ch\u1ee9c s\u1ef1 ki\u1ec7n"},"content":{"rendered":"\t<section class=\"section\" id=\"section_1541442830\">\n\t\t<div class=\"bg section-bg fill bg-fill  bg-loaded\" >\n\n\t\t\t\n\t\t\t\n\t\t\t\n\n\t\t<\/div>\n\n\t\t\n\n\t\t<div class=\"section-content relative\">\n\t\t\t\n\n  <div class=\"banner has-hover\" id=\"banner-1650569603\">\n          <div class=\"banner-inner fill\">\n        <div class=\"banner-bg fill\" >\n            <div class=\"bg fill bg-fill \"><\/div>\n                        <div class=\"overlay\"><\/div>            \n                    <\/div>\n\t\t\n        <div class=\"banner-layers container\">\n            <div class=\"fill banner-link\"><\/div>            \n   <div id=\"text-box-834764418\" class=\"text-box banner-layer x50 md-x50 lg-x50 y50 md-y50 lg-y50 res-text\">\n                                <div class=\"text-box-content text dark\">\n              \n              <div class=\"text-inner text-center\">\n                  \n<h3>T\u1ed5 ch\u1ee9c s\u1ef1 ki\u1ec7n<\/h3>\n              <\/div>\n           <\/div>\n                            \n<style>\n#text-box-834764418 {\n  width: 60%;\n}\n#text-box-834764418 .text-box-content {\n  font-size: 100%;\n}\n<\/style>\n    <\/div>\n \n        <\/div>\n      <\/div>\n\n            \n<style>\n#banner-1650569603 {\n  padding-top: 300px;\n}\n#banner-1650569603 .bg.bg-loaded {\n  background-image: url(https:\/\/ctmconnect.net\/wp-content\/uploads\/2020\/10\/notebook-paper-coffee-cup-envelope-with-vintage-old-picture-frame-1.jpg);\n}\n#banner-1650569603 .overlay {\n  background-color: rgba(0, 0, 0, 0.2);\n}\n#banner-1650569603 .bg {\n  background-position: 1% 3%;\n}\n#banner-1650569603 .ux-shape-divider--top svg {\n  height: 150px;\n  --divider-top-width: 100%;\n}\n#banner-1650569603 .ux-shape-divider--bottom svg {\n  height: 150px;\n  --divider-width: 100%;\n}\n<\/style>\n  <\/div>\n\n\n\t\t<\/div>\n\n\t\t\n<style>\n#section_1541442830 {\n  padding-top: 0px;\n  padding-bottom: 0px;\n}\n#section_1541442830 .ux-shape-divider--top svg {\n  height: 150px;\n  --divider-top-width: 100%;\n}\n#section_1541442830 .ux-shape-divider--bottom svg {\n  height: 150px;\n  --divider-width: 100%;\n}\n<\/style>\n\t<\/section>\n\t\n\t<section class=\"section\" id=\"section_1173766784\">\n\t\t<div class=\"bg section-bg fill bg-fill  bg-loaded\" >\n\n\t\t\t\n\t\t\t\n\t\t\t\n\n\t\t<\/div>\n\n\t\t\n\n\t\t<div class=\"section-content relative\">\n\t\t\t\n<div class=\"row nopadding\"  id=\"row-721930626\">\n\n\t<div id=\"col-81333568\" class=\"col small-12 large-12\"  >\n\t\t\t\t<div class=\"col-inner\"  >\n\t\t\t\n\t\t\t\n<div class=\"row align-center nopadding\"  id=\"row-1196685738\">\n\n\t<div id=\"col-1768961277\" class=\"col medium-7 small-12 large-7\"  >\n\t\t\t\t<div class=\"col-inner text-left\"  >\n\t\t\t\n\t\t\t\n\t\t<\/div>\n\t\t\t\t\t<\/div>\n\n\t\n<\/div>\n\t<div id=\"gap-1483368548\" class=\"gap-element clearfix\" style=\"display:block; height:auto;\">\n\t\t\n<style>\n#gap-1483368548 {\n  padding-top: 30px;\n}\n<\/style>\n\t<\/div>\n\t\n<div class=\"row row-large align-middle nopadding\"  id=\"row-137280171\">\n\n\t<div id=\"col-455549337\" class=\"col medium-6 small-12 large-6\"  >\n\t\t\t\t<div class=\"col-inner\"  >\n\t\t\t\n\t\t\t\n\t<div class=\"img has-hover x md-x lg-x y md-y lg-y\" id=\"image_493278306\">\n\t\t\t\t\t\t\t\t<div class=\"img-inner image-cover dark\" style=\"padding-top:56.25%;\">\n\t\t\t<img loading=\"lazy\" decoding=\"async\" width=\"900\" height=\"499\" src=\"https:\/\/ctmconnect.net\/wp-content\/uploads\/2020\/11\/even-management3-1038x576-1.jpg\" class=\"attachment-large size-large\" alt=\"\" srcset=\"https:\/\/ctmconnect.net\/wp-content\/uploads\/2020\/11\/even-management3-1038x576-1.jpg 900w, https:\/\/ctmconnect.net\/wp-content\/uploads\/2020\/11\/even-management3-1038x576-1-300x166.jpg 300w, https:\/\/ctmconnect.net\/wp-content\/uploads\/2020\/11\/even-management3-1038x576-1-768x426.jpg 768w, https:\/\/ctmconnect.net\/wp-content\/uploads\/2020\/11\/even-management3-1038x576-1-600x333.jpg 600w\" sizes=\"auto, (max-width: 900px) 100vw, 900px\" \/>\t\t\t\t\t\t\n\t\t\t\t\t<\/div>\n\t\t\t\t\t\t\t\t\n<style>\n#image_493278306 {\n  width: 100%;\n}\n<\/style>\n\t<\/div>\n\t\n\t\t<\/div>\n\t\t\t\t\t<\/div>\n\n\t\n\n\t<div id=\"col-1454368225\" class=\"col medium-6 small-12 large-6\"  >\n\t\t\t\t<div class=\"col-inner\"  >\n\t\t\t\n\t\t\t\n<p><strong>\u0110\u1ed9i ngu\u0303 CTM<\/strong> kh\u00f4ng ch\u1ec9 c\u00f3 nh\u1eefng phi\u00ean d\u1ecbch vi\u00ean ng\u1ed3i trong cabin, m\u00e0 c\u00f2n bao g\u1ed3m ng\u01b0\u1eddi qu\u1ea3n l\u00fd d\u1ef1 \u00e1n, c\u00e1c \u0111i\u1ec1u ph\u1ed1i vi\u00ean thi\u1ebft b\u1ecb gi\u00fap qua\u0309n li\u0301 c\u00f4ng ta\u0301c h\u1eadu c\u1ea7n va\u0300 \u0111i\u00ea\u0300u ha\u0300nh hoa\u0323t \u0111\u00f4\u0323ng trong c\u00e1c s\u1ef1 ki\u1ec7n. B\u00ean c\u1ea1nh \u0111\u00f3, ch\u00fang t\u00f4i c\u0169ng cung c\u1ea5p MC song ng\u1eef chuy\u00ean nghi\u1ec7p. V\u1edbi b\u00ea\u0300 da\u0300y kinh nghi\u00ea\u0323m trong qu\u1ea3n l\u00fd s\u1ef1 ki\u1ec7n tr\u1ef1c tuy\u1ebfn, ch\u00fang t\u00f4i l\u00e0 \u0111\u1ed1i t\u00e1c \u0111\u00e1ng tin c\u1eady c\u1ee7a kh\u00e1ch h\u00e0ng trong vi\u1ec7c t\u1ed5 ch\u1ee9c c\u00e1c s\u1ef1 ki\u1ec7n k\u1ebft h\u1ee3p (t\u1ea1i ch\u1ed7 v\u00e0 tr\u1ef1c tuy\u1ebfn).<\/p>\n\t\t<\/div>\n\t\t\t\t\t<\/div>\n\n\t\n<\/div>\n\t\t<\/div>\n\t\t\t\t\t<\/div>\n\n\t\n<\/div>\n\t\t<\/div>\n\n\t\t\n<style>\n#section_1173766784 {\n  padding-top: 30px;\n  padding-bottom: 30px;\n}\n#section_1173766784 .ux-shape-divider--top svg {\n  height: 150px;\n  --divider-top-width: 100%;\n}\n#section_1173766784 .ux-shape-divider--bottom svg {\n  height: 150px;\n  --divider-width: 100%;\n}\n<\/style>\n\t<\/section>\n\t\n\t<section class=\"section hide-for-small\" id=\"section_648629618\">\n\t\t<div class=\"bg section-bg fill bg-fill  bg-loaded\" >\n\n\t\t\t\n\t\t\t\n\t\t\t\n\n\t\t<\/div>\n\n\t\t\n\n\t\t<div class=\"section-content relative\">\n\t\t\t\n<div class=\"row nopadding\"  id=\"row-1271287038\">\n\n\t<div id=\"col-1233710488\" class=\"col small-12 large-12\"  >\n\t\t\t\t<div class=\"col-inner text-center\"  >\n\t\t\t\n\t\t\t\n<h2>Khi \u0111\u0103ng k\u00fd d\u1ecbch v\u1ee5 t\u1ed5 ch\u1ee9c s\u1ef1 ki\u1ec7n c\u1ee7a CTM, qu\u00fd kh\u00e1ch s\u1ebd nh\u1eadn \u0111\u01b0\u1ee3c<\/h2>\n\t\t<\/div>\n\t\t\t\t\t<\/div>\n\n\t\n<\/div>\n<div class=\"row align-equal row-solid nopadding\" style=\"max-width:1000px\" id=\"row-814303749\">\n\n\t<div id=\"col-1136788481\" class=\"col medium-6 small-12 large-6\"  >\n\t\t\t\t<div class=\"col-inner\"  >\n\t\t\t\n\t\t\t\n<p>T\u01b0 v\u1ea5n gi\u1ea3i ph\u00e1p tr\u1ecdn g\u00f3i v\u1edbih\u1ed7 tr\u1ee3 \u0111i\u1ec1u ph\u1ed1i h\u1eadu c\u1ea7n, l\u1eb7p \u0111\u1eb7t thi\u1ebft b\u1ecb v\u00e0 \u0111i\u00ea\u0300u h\u00e0nh s\u1ef1 ki\u1ec7n.<\/p>\n\t\t<\/div>\n\t\t\t\t\t<\/div>\n\n\t\n\n\t<div id=\"col-2115053664\" class=\"col medium-6 small-12 large-6\"  >\n\t\t\t\t<div class=\"col-inner\"  >\n\t\t\t\n\t\t\t\n<p>Thi\u1ebft b\u1ecb h\u1ed7 tr\u1ee3 h\u00ecnh \u1ea3nh v\u00e0 \u00e2m thanh ch\u1ea5t l\u01b0\u1ee3ng t\u1ed1t nh\u1ea5t ph\u00f9 h\u1ee3p v\u1edbi ng\u00e2n s\u00e1ch kh\u00e1ch h\u00e0ng.<\/p>\n\t\t<\/div>\n\t\t\t\t\t<\/div>\n\n\t\n\n\t<div id=\"col-1291419270\" class=\"col medium-6 small-12 large-6\"  >\n\t\t\t\t<div class=\"col-inner\"  >\n\t\t\t\n\t\t\t\n<p>\u0110\u1ed9i ng\u0169 phi\u00ean d\u1ecbch vi\u00ean kinh nghi\u00ea\u0323m va\u0300 ph\u00f9 h\u1ee3p nh\u00e2\u0301t cho ch\u01b0\u01a1ng tr\u00ecnh c\u1ee7a qu\u00fd v\u1ecb<\/p>\n\t\t<\/div>\n\t\t\t\t\t<\/div>\n\n\t\n\n\t<div id=\"col-861014165\" class=\"col medium-6 small-12 large-6\"  >\n\t\t\t\t<div class=\"col-inner\"  >\n\t\t\t\n\t\t\t\n<p>Qua\u0309n tr\u1ecb r\u1ee7i ro v\u00e0 kh\u0103\u0301c ph\u1ee5c s\u1ef1 c\u1ed1 m\u1ed9t c\u00e1ch chuy\u00ean nghi\u1ec7p<\/p>\n\t\t<\/div>\n\t\t\t\t\t<\/div>\n\n\t\n\n<style>\n#row-814303749 > .col > .col-inner {\n  padding: 30px 30px 30px 30px;\n}\n<\/style>\n<\/div>\n\t\t<\/div>\n\n\t\t\n<style>\n#section_648629618 {\n  padding-top: 30px;\n  padding-bottom: 30px;\n}\n#section_648629618 .ux-shape-divider--top svg {\n  height: 150px;\n  --divider-top-width: 100%;\n}\n#section_648629618 .ux-shape-divider--bottom svg {\n  height: 150px;\n  --divider-width: 100%;\n}\n<\/style>\n\t<\/section>\n\t\n\t<section class=\"section show-for-small\" id=\"section_1669675564\">\n\t\t<div class=\"bg section-bg fill bg-fill  bg-loaded\" >\n\n\t\t\t\n\t\t\t\n\t\t\t\n\n\t\t<\/div>\n\n\t\t\n\n\t\t<div class=\"section-content relative\">\n\t\t\t\n<div class=\"row nopadding\"  id=\"row-1056214868\">\n\n\t<div id=\"col-487562123\" class=\"col small-12 large-12\"  >\n\t\t\t\t<div class=\"col-inner text-center\"  >\n\t\t\t\n\t\t\t\n<h2>With CTM event management service, you will get:<\/h2>\n\t\t<\/div>\n\t\t\t\t\t<\/div>\n\n\t\n<\/div>\n<div class=\"row row-collapse row-solid\" style=\"max-width:1000px\" id=\"row-940179822\">\n\n\t<div id=\"col-1491008630\" class=\"col medium-6 small-12 large-6\"  >\n\t\t\t\t<div class=\"col-inner\"  >\n\t\t\t\n\t\t\t\n<p>Full package consultation and facilitation of event logistics, set-up, and operation.<\/p>\n\t\t<\/div>\n\t\t\t\t\t<\/div>\n\n\t\n\n\t<div id=\"col-1542218447\" class=\"col medium-6 small-12 large-6\"  >\n\t\t\t\t<div class=\"col-inner\"  >\n\t\t\t\n\t\t\t\n<p>Best quality of visual aids and audio for your budget. We interpreters and event veterans take our sound system and presentation very seriously..<\/p>\n\t\t<\/div>\n\t\t\t\t\t<\/div>\n\n\t\n\n\t<div id=\"col-1165807172\" class=\"col medium-6 small-12 large-6\"  >\n\t\t\t\t<div class=\"col-inner\"  >\n\t\t\t\n\t\t\t\n<p>The most suited team of experienced interpreters for your program<\/p>\n\t\t<\/div>\n\t\t\t\t\t<\/div>\n\n\t\n\n\t<div id=\"col-811449740\" class=\"col medium-6 small-12 large-6\"  >\n\t\t\t\t<div class=\"col-inner\"  >\n\t\t\t\n\t\t\t\n<p>Professional and seamless risk management and troubleshooting<\/p>\n\t\t<\/div>\n\t\t\t\t\t<\/div>\n\n\t\n<\/div>\n\t\t<\/div>\n\n\t\t\n<style>\n#section_1669675564 {\n  padding-top: 0px;\n  padding-bottom: 0px;\n}\n#section_1669675564 .ux-shape-divider--top svg {\n  height: 150px;\n  --divider-top-width: 100%;\n}\n#section_1669675564 .ux-shape-divider--bottom svg {\n  height: 150px;\n  --divider-width: 100%;\n}\n@media (min-width:550px) {\n  #section_1669675564 {\n    padding-top: 30px;\n    padding-bottom: 30px;\n  }\n}\n<\/style>\n\t<\/section>\n\t\n\t<section class=\"section\" id=\"section_1219928644\">\n\t\t<div class=\"bg section-bg fill bg-fill  bg-loaded\" >\n\n\t\t\t\n\t\t\t\n\t\t\t\n\n\t\t<\/div>\n\n\t\t\n\n\t\t<div class=\"section-content relative\">\n\t\t\t\n<div class=\"row align-center nopadding\"  id=\"row-1406849735\">\n\n\t<div id=\"col-2063048782\" class=\"col medium-7 small-12 large-7\"  >\n\t\t\t\t<div class=\"col-inner text-center\"  >\n\t\t\t\n\t\t\t\n<p><strong>G\u01b0\u0309i y\u00eau c\u00e2\u0300u ngay h\u00f4m nay!<\/strong> Ch\u00fang t\u00f4i lu\u00f4n s\u1eb5n s\u00e0ng h\u1ed7 tr\u1ee3 t\u1ed5 ch\u1ee9c s\u1ef1 ki\u1ec7n c\u1ee7a qu\u00fd kh\u00e1ch h\u00e0ng!<\/p>\n<a href=\"https:\/\/ctmconnect.net\/contact-us\/send-an-inquiry\/\" target=\"_self\" class=\"button primary\"  >\n    <span>G\u1eedi y\u00eau c\u1ea7u<\/span>\n  <\/a>\n\n\t\t<\/div>\n\t\t\t\t\t<\/div>\n\n\t\n<\/div>\n\t\t<\/div>\n\n\t\t\n<style>\n#section_1219928644 {\n  padding-top: 30px;\n  padding-bottom: 30px;\n}\n#section_1219928644 .ux-shape-divider--top svg {\n  height: 150px;\n  --divider-top-width: 100%;\n}\n#section_1219928644 .ux-shape-divider--bottom svg {\n  height: 150px;\n  --divider-width: 100%;\n}\n<\/style>\n\t<\/section>\n\t\n","protected":false},"excerpt":{"rendered":"","protected":false},"author":1,"featured_media":1548,"parent":1366,"menu_order":0,"comment_status":"closed","ping_status":"closed","template":"page-transparent-header.php","meta":{"footnotes":""},"class_list":["post-2116","page","type-page","status-publish","has-post-thumbnail","hentry"],"yoast_head":"<!-- This site is optimized with the Yoast SEO plugin v27.4 - https:\/\/yoast.com\/product\/yoast-seo-wordpress\/ -->\n<title>Phi\u00ean d\u1ecbch chuy\u00ean nghi\u1ec7p v\u00e0 uy t\u00edn \u2013 qu\u1ea3n l\u00fd d\u1ef1 \u00e1n \u2013 CTM connect<\/title>\n<meta name=\"description\" content=\"\u0110\u1ed9i ngu\u0303 CTM kh\u00f4ng ch\u1ec9 c\u00f3 nh\u1eefng phi\u00ean d\u1ecbch vi\u00ean ng\u1ed3i trong cabin, m\u00e0 c\u00f2n bao g\u1ed3m ng\u01b0\u1eddi qu\u1ea3n l\u00fd d\u1ef1 \u00e1n, c\u00e1c \u0111i\u1ec1u ph\u1ed1i vi\u00ean thi\u1ebft b\u1ecb gi\u00fap qua\u0309n li\u0301 c\u00f4ng ta\u0301c h\u1eadu c\u1ea7n va\u0300 \u0111i\u00ea\u0300u ha\u0300nh hoa\u0323t \u0111\u00f4\u0323ng trong c\u00e1c s\u1ef1 ki\u1ec7n.\" \/>\n<meta name=\"robots\" content=\"index, follow, max-snippet:-1, max-image-preview:large, max-video-preview:-1\" \/>\n<link rel=\"canonical\" href=\"https:\/\/ctmconnect.net\/vi\/giai-phap-doanh-nghiep\/to-chuc-su-kien\/\" \/>\n<meta name=\"twitter:card\" content=\"summary_large_image\" \/>\n<meta name=\"twitter:title\" content=\"Phi\u00ean d\u1ecbch chuy\u00ean nghi\u1ec7p v\u00e0 uy t\u00edn \u2013 qu\u1ea3n l\u00fd d\u1ef1 \u00e1n \u2013 CTM connect\" \/>\n<meta name=\"twitter:description\" content=\"\u0110\u1ed9i ngu\u0303 CTM kh\u00f4ng ch\u1ec9 c\u00f3 nh\u1eefng phi\u00ean d\u1ecbch vi\u00ean ng\u1ed3i trong cabin, m\u00e0 c\u00f2n bao g\u1ed3m ng\u01b0\u1eddi qu\u1ea3n l\u00fd d\u1ef1 \u00e1n, c\u00e1c \u0111i\u1ec1u ph\u1ed1i vi\u00ean thi\u1ebft b\u1ecb gi\u00fap qua\u0309n li\u0301 c\u00f4ng ta\u0301c h\u1eadu c\u1ea7n va\u0300 \u0111i\u00ea\u0300u ha\u0300nh hoa\u0323t \u0111\u00f4\u0323ng trong c\u00e1c s\u1ef1 ki\u1ec7n.\" \/>\n<meta name=\"twitter:image\" content=\"https:\/\/ctmconnect.net\/wp-content\/uploads\/2020\/11\/The-Advantages-of-Conferences.jpg\" \/>\n<meta name=\"twitter:label1\" content=\"Est. reading time\" \/>\n\t<meta name=\"twitter:data1\" content=\"3 minutes\" \/>\n<script type=\"application\/ld+json\" class=\"yoast-schema-graph\">{\"@context\":\"https:\\\/\\\/schema.org\",\"@graph\":[{\"@type\":\"WebPage\",\"@id\":\"https:\\\/\\\/ctmconnect.net\\\/vi\\\/giai-phap-doanh-nghiep\\\/to-chuc-su-kien\\\/\",\"url\":\"https:\\\/\\\/ctmconnect.net\\\/vi\\\/giai-phap-doanh-nghiep\\\/to-chuc-su-kien\\\/\",\"name\":\"Phi\u00ean d\u1ecbch chuy\u00ean nghi\u1ec7p v\u00e0 uy t\u00edn \u2013 qu\u1ea3n l\u00fd d\u1ef1 \u00e1n \u2013 CTM connect\",\"isPartOf\":{\"@id\":\"https:\\\/\\\/ctmconnect.net\\\/vi\\\/#website\"},\"primaryImageOfPage\":{\"@id\":\"https:\\\/\\\/ctmconnect.net\\\/vi\\\/giai-phap-doanh-nghiep\\\/to-chuc-su-kien\\\/#primaryimage\"},\"image\":{\"@id\":\"https:\\\/\\\/ctmconnect.net\\\/vi\\\/giai-phap-doanh-nghiep\\\/to-chuc-su-kien\\\/#primaryimage\"},\"thumbnailUrl\":\"https:\\\/\\\/ctmconnect.net\\\/wp-content\\\/uploads\\\/2020\\\/11\\\/The-Advantages-of-Conferences.jpg\",\"datePublished\":\"2021-07-17T03:10:40+00:00\",\"dateModified\":\"2021-10-18T15:47:38+00:00\",\"description\":\"\u0110\u1ed9i ngu\u0303 CTM kh\u00f4ng ch\u1ec9 c\u00f3 nh\u1eefng phi\u00ean d\u1ecbch vi\u00ean ng\u1ed3i trong cabin, m\u00e0 c\u00f2n bao g\u1ed3m ng\u01b0\u1eddi qu\u1ea3n l\u00fd d\u1ef1 \u00e1n, c\u00e1c \u0111i\u1ec1u ph\u1ed1i vi\u00ean thi\u1ebft b\u1ecb gi\u00fap qua\u0309n li\u0301 c\u00f4ng ta\u0301c h\u1eadu c\u1ea7n va\u0300 \u0111i\u00ea\u0300u ha\u0300nh hoa\u0323t \u0111\u00f4\u0323ng trong c\u00e1c s\u1ef1 ki\u1ec7n.\",\"breadcrumb\":{\"@id\":\"https:\\\/\\\/ctmconnect.net\\\/vi\\\/giai-phap-doanh-nghiep\\\/to-chuc-su-kien\\\/#breadcrumb\"},\"inLanguage\":\"vi-VN\",\"potentialAction\":[{\"@type\":\"ReadAction\",\"target\":[\"https:\\\/\\\/ctmconnect.net\\\/vi\\\/giai-phap-doanh-nghiep\\\/to-chuc-su-kien\\\/\"]}]},{\"@type\":\"ImageObject\",\"inLanguage\":\"vi-VN\",\"@id\":\"https:\\\/\\\/ctmconnect.net\\\/vi\\\/giai-phap-doanh-nghiep\\\/to-chuc-su-kien\\\/#primaryimage\",\"url\":\"https:\\\/\\\/ctmconnect.net\\\/wp-content\\\/uploads\\\/2020\\\/11\\\/The-Advantages-of-Conferences.jpg\",\"contentUrl\":\"https:\\\/\\\/ctmconnect.net\\\/wp-content\\\/uploads\\\/2020\\\/11\\\/The-Advantages-of-Conferences.jpg\",\"width\":900,\"height\":600},{\"@type\":\"BreadcrumbList\",\"@id\":\"https:\\\/\\\/ctmconnect.net\\\/vi\\\/giai-phap-doanh-nghiep\\\/to-chuc-su-kien\\\/#breadcrumb\",\"itemListElement\":[{\"@type\":\"ListItem\",\"position\":1,\"name\":\"Home\",\"item\":\"http:\\\/\\\/ctmconnect.net\\\/vi\\\/\"},{\"@type\":\"ListItem\",\"position\":2,\"name\":\"Gi\u1ea3i ph\u00e1p doanh nghi\u1ec7p\",\"item\":\"http:\\\/\\\/ctmconnect.net\\\/vi\\\/giai-phap-doanh-nghiep\\\/\"},{\"@type\":\"ListItem\",\"position\":3,\"name\":\"T\u1ed5 ch\u1ee9c s\u1ef1 ki\u1ec7n\"}]},{\"@type\":\"WebSite\",\"@id\":\"https:\\\/\\\/ctmconnect.net\\\/vi\\\/#website\",\"url\":\"https:\\\/\\\/ctmconnect.net\\\/vi\\\/\",\"name\":\"CTM Translation &amp; Consulting - The best Vietnamese translation company\",\"description\":\"High-quality translation\",\"publisher\":{\"@id\":\"https:\\\/\\\/ctmconnect.net\\\/vi\\\/#organization\"},\"potentialAction\":[{\"@type\":\"SearchAction\",\"target\":{\"@type\":\"EntryPoint\",\"urlTemplate\":\"https:\\\/\\\/ctmconnect.net\\\/vi\\\/?s={search_term_string}\"},\"query-input\":{\"@type\":\"PropertyValueSpecification\",\"valueRequired\":true,\"valueName\":\"search_term_string\"}}],\"inLanguage\":\"vi-VN\"},{\"@type\":\"Organization\",\"@id\":\"https:\\\/\\\/ctmconnect.net\\\/vi\\\/#organization\",\"name\":\"CTM Connect & Consulting\",\"url\":\"https:\\\/\\\/ctmconnect.net\\\/vi\\\/\",\"logo\":{\"@type\":\"ImageObject\",\"inLanguage\":\"vi-VN\",\"@id\":\"https:\\\/\\\/ctmconnect.net\\\/vi\\\/#\\\/schema\\\/logo\\\/image\\\/\",\"url\":\"https:\\\/\\\/ctmconnect.net\\\/wp-content\\\/uploads\\\/2020\\\/08\\\/logo_original.png\",\"contentUrl\":\"https:\\\/\\\/ctmconnect.net\\\/wp-content\\\/uploads\\\/2020\\\/08\\\/logo_original.png\",\"width\":200,\"height\":100,\"caption\":\"CTM Connect & Consulting\"},\"image\":{\"@id\":\"https:\\\/\\\/ctmconnect.net\\\/vi\\\/#\\\/schema\\\/logo\\\/image\\\/\"},\"sameAs\":[\"https:\\\/\\\/www.facebook.com\\\/TranslationConsulting\\\/\"]}]}<\/script>\n<!-- \/ Yoast SEO plugin. -->","yoast_head_json":{"title":"Phi\u00ean d\u1ecbch chuy\u00ean nghi\u1ec7p v\u00e0 uy t\u00edn \u2013 qu\u1ea3n l\u00fd d\u1ef1 \u00e1n \u2013 CTM connect","description":"\u0110\u1ed9i ngu\u0303 CTM kh\u00f4ng ch\u1ec9 c\u00f3 nh\u1eefng phi\u00ean d\u1ecbch vi\u00ean ng\u1ed3i trong cabin, m\u00e0 c\u00f2n bao g\u1ed3m ng\u01b0\u1eddi qu\u1ea3n l\u00fd d\u1ef1 \u00e1n, c\u00e1c \u0111i\u1ec1u ph\u1ed1i vi\u00ean thi\u1ebft b\u1ecb gi\u00fap qua\u0309n li\u0301 c\u00f4ng ta\u0301c h\u1eadu c\u1ea7n va\u0300 \u0111i\u00ea\u0300u ha\u0300nh hoa\u0323t \u0111\u00f4\u0323ng trong c\u00e1c s\u1ef1 ki\u1ec7n.","robots":{"index":"index","follow":"follow","max-snippet":"max-snippet:-1","max-image-preview":"max-image-preview:large","max-video-preview":"max-video-preview:-1"},"canonical":"https:\/\/ctmconnect.net\/vi\/giai-phap-doanh-nghiep\/to-chuc-su-kien\/","twitter_card":"summary_large_image","twitter_title":"Phi\u00ean d\u1ecbch chuy\u00ean nghi\u1ec7p v\u00e0 uy t\u00edn \u2013 qu\u1ea3n l\u00fd d\u1ef1 \u00e1n \u2013 CTM connect","twitter_description":"\u0110\u1ed9i ngu\u0303 CTM kh\u00f4ng ch\u1ec9 c\u00f3 nh\u1eefng phi\u00ean d\u1ecbch vi\u00ean ng\u1ed3i trong cabin, m\u00e0 c\u00f2n bao g\u1ed3m ng\u01b0\u1eddi qu\u1ea3n l\u00fd d\u1ef1 \u00e1n, c\u00e1c \u0111i\u1ec1u ph\u1ed1i vi\u00ean thi\u1ebft b\u1ecb gi\u00fap qua\u0309n li\u0301 c\u00f4ng ta\u0301c h\u1eadu c\u1ea7n va\u0300 \u0111i\u00ea\u0300u ha\u0300nh hoa\u0323t \u0111\u00f4\u0323ng trong c\u00e1c s\u1ef1 ki\u1ec7n.","twitter_image":"https:\/\/ctmconnect.net\/wp-content\/uploads\/2020\/11\/The-Advantages-of-Conferences.jpg","twitter_misc":{"Est. reading time":"3 minutes"},"schema":{"@context":"https:\/\/schema.org","@graph":[{"@type":"WebPage","@id":"https:\/\/ctmconnect.net\/vi\/giai-phap-doanh-nghiep\/to-chuc-su-kien\/","url":"https:\/\/ctmconnect.net\/vi\/giai-phap-doanh-nghiep\/to-chuc-su-kien\/","name":"Phi\u00ean d\u1ecbch chuy\u00ean nghi\u1ec7p v\u00e0 uy t\u00edn \u2013 qu\u1ea3n l\u00fd d\u1ef1 \u00e1n \u2013 CTM connect","isPartOf":{"@id":"https:\/\/ctmconnect.net\/vi\/#website"},"primaryImageOfPage":{"@id":"https:\/\/ctmconnect.net\/vi\/giai-phap-doanh-nghiep\/to-chuc-su-kien\/#primaryimage"},"image":{"@id":"https:\/\/ctmconnect.net\/vi\/giai-phap-doanh-nghiep\/to-chuc-su-kien\/#primaryimage"},"thumbnailUrl":"https:\/\/ctmconnect.net\/wp-content\/uploads\/2020\/11\/The-Advantages-of-Conferences.jpg","datePublished":"2021-07-17T03:10:40+00:00","dateModified":"2021-10-18T15:47:38+00:00","description":"\u0110\u1ed9i ngu\u0303 CTM kh\u00f4ng ch\u1ec9 c\u00f3 nh\u1eefng phi\u00ean d\u1ecbch vi\u00ean ng\u1ed3i trong cabin, m\u00e0 c\u00f2n bao g\u1ed3m ng\u01b0\u1eddi qu\u1ea3n l\u00fd d\u1ef1 \u00e1n, c\u00e1c \u0111i\u1ec1u ph\u1ed1i vi\u00ean thi\u1ebft b\u1ecb gi\u00fap qua\u0309n li\u0301 c\u00f4ng ta\u0301c h\u1eadu c\u1ea7n va\u0300 \u0111i\u00ea\u0300u ha\u0300nh hoa\u0323t \u0111\u00f4\u0323ng trong c\u00e1c s\u1ef1 ki\u1ec7n.","breadcrumb":{"@id":"https:\/\/ctmconnect.net\/vi\/giai-phap-doanh-nghiep\/to-chuc-su-kien\/#breadcrumb"},"inLanguage":"vi-VN","potentialAction":[{"@type":"ReadAction","target":["https:\/\/ctmconnect.net\/vi\/giai-phap-doanh-nghiep\/to-chuc-su-kien\/"]}]},{"@type":"ImageObject","inLanguage":"vi-VN","@id":"https:\/\/ctmconnect.net\/vi\/giai-phap-doanh-nghiep\/to-chuc-su-kien\/#primaryimage","url":"https:\/\/ctmconnect.net\/wp-content\/uploads\/2020\/11\/The-Advantages-of-Conferences.jpg","contentUrl":"https:\/\/ctmconnect.net\/wp-content\/uploads\/2020\/11\/The-Advantages-of-Conferences.jpg","width":900,"height":600},{"@type":"BreadcrumbList","@id":"https:\/\/ctmconnect.net\/vi\/giai-phap-doanh-nghiep\/to-chuc-su-kien\/#breadcrumb","itemListElement":[{"@type":"ListItem","position":1,"name":"Home","item":"https:\/\/ctmconnect.net\/vi\/"},{"@type":"ListItem","position":2,"name":"Gi\u1ea3i ph\u00e1p doanh nghi\u1ec7p","item":"https:\/\/ctmconnect.net\/vi\/giai-phap-doanh-nghiep\/"},{"@type":"ListItem","position":3,"name":"T\u1ed5 ch\u1ee9c s\u1ef1 ki\u1ec7n"}]},{"@type":"WebSite","@id":"https:\/\/ctmconnect.net\/vi\/#website","url":"https:\/\/ctmconnect.net\/vi\/","name":"CTM Translation &amp; Consulting - The best Vietnamese translation company","description":"High-quality translation","publisher":{"@id":"https:\/\/ctmconnect.net\/vi\/#organization"},"potentialAction":[{"@type":"SearchAction","target":{"@type":"EntryPoint","urlTemplate":"https:\/\/ctmconnect.net\/vi\/?s={search_term_string}"},"query-input":{"@type":"PropertyValueSpecification","valueRequired":true,"valueName":"search_term_string"}}],"inLanguage":"vi-VN"},{"@type":"Organization","@id":"https:\/\/ctmconnect.net\/vi\/#organization","name":"CTM Connect & Consulting","url":"https:\/\/ctmconnect.net\/vi\/","logo":{"@type":"ImageObject","inLanguage":"vi-VN","@id":"https:\/\/ctmconnect.net\/vi\/#\/schema\/logo\/image\/","url":"https:\/\/ctmconnect.net\/wp-content\/uploads\/2020\/08\/logo_original.png","contentUrl":"https:\/\/ctmconnect.net\/wp-content\/uploads\/2020\/08\/logo_original.png","width":200,"height":100,"caption":"CTM Connect & Consulting"},"image":{"@id":"https:\/\/ctmconnect.net\/vi\/#\/schema\/logo\/image\/"},"sameAs":["https:\/\/www.facebook.com\/TranslationConsulting\/"]}]}},"_links":{"self":[{"href":"https:\/\/ctmconnect.net\/vi\/wp-json\/wp\/v2\/pages\/2116","targetHints":{"allow":["GET"]}}],"collection":[{"href":"https:\/\/ctmconnect.net\/vi\/wp-json\/wp\/v2\/pages"}],"about":[{"href":"https:\/\/ctmconnect.net\/vi\/wp-json\/wp\/v2\/types\/page"}],"author":[{"embeddable":true,"href":"https:\/\/ctmconnect.net\/vi\/wp-json\/wp\/v2\/users\/1"}],"replies":[{"embeddable":true,"href":"https:\/\/ctmconnect.net\/vi\/wp-json\/wp\/v2\/comments?post=2116"}],"version-history":[{"count":14,"href":"https:\/\/ctmconnect.net\/vi\/wp-json\/wp\/v2\/pages\/2116\/revisions"}],"predecessor-version":[{"id":2714,"href":"https:\/\/ctmconnect.net\/vi\/wp-json\/wp\/v2\/pages\/2116\/revisions\/2714"}],"up":[{"embeddable":true,"href":"https:\/\/ctmconnect.net\/vi\/wp-json\/wp\/v2\/pages\/1366"}],"wp:featuredmedia":[{"embeddable":true,"href":"https:\/\/ctmconnect.net\/vi\/wp-json\/wp\/v2\/media\/1548"}],"wp:attachment":[{"href":"https:\/\/ctmconnect.net\/vi\/wp-json\/wp\/v2\/media?parent=2116"}],"curies":[{"name":"wp","href":"https:\/\/api.w.org\/{rel}","templated":true}]}}