{"id":2128,"date":"2021-07-17T04:22:33","date_gmt":"2021-07-17T04:22:33","guid":{"rendered":"https:\/\/ctmconnect.net\/business-solutions\/market-access\/"},"modified":"2021-10-18T22:37:18","modified_gmt":"2021-10-18T15:37:18","slug":"tiep-can-thi-truong","status":"publish","type":"page","link":"https:\/\/ctmconnect.net\/vi\/giai-phap-doanh-nghiep\/tiep-can-thi-truong\/","title":{"rendered":"Ti\u1ebfp c\u1eadn th\u1ecb tr\u01b0\u1eddng"},"content":{"rendered":"\t<section class=\"section\" id=\"section_736853219\">\n\t\t<div class=\"bg section-bg fill bg-fill  bg-loaded\" >\n\n\t\t\t\n\t\t\t\n\t\t\t\n\n\t\t<\/div>\n\n\t\t\n\n\t\t<div class=\"section-content relative\">\n\t\t\t\n\n  <div class=\"banner has-hover\" id=\"banner-296958980\">\n          <div class=\"banner-inner fill\">\n        <div class=\"banner-bg fill\" >\n            <div class=\"bg fill bg-fill \"><\/div>\n                        <div class=\"overlay\"><\/div>            \n                    <\/div>\n\t\t\n        <div class=\"banner-layers container\">\n            <div class=\"fill banner-link\"><\/div>            \n   <div id=\"text-box-1750585518\" class=\"text-box banner-layer x50 md-x50 lg-x50 y50 md-y50 lg-y50 res-text\">\n                                <div class=\"text-box-content text dark\">\n              \n              <div class=\"text-inner text-center\">\n                  \n<h3>Ti\u1ebfp c\u1eadn th\u1ecb tr\u01b0\u1eddng<\/h3>\n              <\/div>\n           <\/div>\n                            \n<style>\n#text-box-1750585518 {\n  width: 60%;\n}\n#text-box-1750585518 .text-box-content {\n  font-size: 100%;\n}\n<\/style>\n    <\/div>\n \n        <\/div>\n      <\/div>\n\n            \n<style>\n#banner-296958980 {\n  padding-top: 300px;\n}\n#banner-296958980 .bg.bg-loaded {\n  background-image: url(https:\/\/ctmconnect.net\/wp-content\/uploads\/2020\/10\/notebook-paper-coffee-cup-envelope-with-vintage-old-picture-frame-1.jpg);\n}\n#banner-296958980 .overlay {\n  background-color: rgba(0, 0, 0, 0.2);\n}\n#banner-296958980 .bg {\n  background-position: 1% 3%;\n}\n#banner-296958980 .ux-shape-divider--top svg {\n  height: 150px;\n  --divider-top-width: 100%;\n}\n#banner-296958980 .ux-shape-divider--bottom svg {\n  height: 150px;\n  --divider-width: 100%;\n}\n<\/style>\n  <\/div>\n\n\n\t\t<\/div>\n\n\t\t\n<style>\n#section_736853219 {\n  padding-top: 0px;\n  padding-bottom: 0px;\n}\n#section_736853219 .ux-shape-divider--top svg {\n  height: 150px;\n  --divider-top-width: 100%;\n}\n#section_736853219 .ux-shape-divider--bottom svg {\n  height: 150px;\n  --divider-width: 100%;\n}\n<\/style>\n\t<\/section>\n\t\n\t<section class=\"section\" id=\"section_87994115\">\n\t\t<div class=\"bg section-bg fill bg-fill  bg-loaded\" >\n\n\t\t\t\n\t\t\t\n\t\t\t\n\n\t\t<\/div>\n\n\t\t\n\n\t\t<div class=\"section-content relative\">\n\t\t\t\n<div class=\"row align-middle align-center nopadding\"  id=\"row-1713292998\">\n\n\t<div id=\"col-392422376\" class=\"col medium-10 small-12 large-10\"  >\n\t\t\t\t<div class=\"col-inner text-left\"  >\n\t\t\t\n\t\t\t\n<blockquote><p>S\u1ee9 m\u1ec7nh c\u1ee7a CTM Connect l\u00e0 k\u1ebft n\u1ed1i th\u1ebf gi\u1edbi v\u1edbi Vi\u1ec7t Nam th\u00f4ng qua vi\u1ec7c k\u1ebft n\u1ed1i con ng\u01b0\u1eddi, doanh nghi\u1ec7p v\u00e0 c\u00e1c n\u1ec1n v\u0103n h\u00f3a. N\u1ebfu qu\u00fd v\u1ecb \u0111ang t\u00ecm m\u1ed9t \u0111\u1ed1i t\u00e1c h\u1ed7 tr\u1ee3 vi\u1ec7c ti\u1ebfp c\u1eadn th\u1ecb tr\u01b0\u1eddng, CTM ch\u00ednh l\u00e0 l\u1ef1a ch\u1ecdn ph\u00f9 h\u1ee3p. CTM Connect c\u00f3 \u0111\u1ea7y \u0111\u1ee7 n\u0103ng l\u1ef1c \u0111\u1ec3 gi\u00fap h\u00e0nh tr\u00ecnh c\u1ee7a qu\u00fd v\u1ecb ti\u1ebfn xa v\u00e0 nhanh h\u01a1n.<\/p><\/blockquote>\n\t\t<\/div>\n\t\t\t\t\t<\/div>\n\n\t\n<\/div>\n\t\t<\/div>\n\n\t\t\n<style>\n#section_87994115 {\n  padding-top: 30px;\n  padding-bottom: 30px;\n}\n#section_87994115 .ux-shape-divider--top svg {\n  height: 150px;\n  --divider-top-width: 100%;\n}\n#section_87994115 .ux-shape-divider--bottom svg {\n  height: 150px;\n  --divider-width: 100%;\n}\n<\/style>\n\t<\/section>\n\t\n\n  <div class=\"banner has-hover hide-for-small\" id=\"banner-335124534\">\n          <div class=\"banner-inner fill\">\n        <div class=\"banner-bg fill\" >\n            <div class=\"bg fill bg-fill \"><\/div>\n                                    \n                    <\/div>\n\t\t\n        <div class=\"banner-layers container\">\n            <div class=\"fill banner-link\"><\/div>            \n   <div id=\"text-box-576876200\" class=\"text-box banner-layer x95 md-x95 lg-x95 y50 md-y50 lg-y50 res-text\">\n                                <div class=\"text-box-content text \">\n              \n              <div class=\"text-inner text-left\">\n                  \n<h3 class=\"uppercase\">\u0110\u1ed9i ng\u0169 Gi\u1ea3i ph\u00e1p doanh nghi\u1ec7p CTM h\u1ed7 tr\u1ee3 kh\u00e1ch h\u00e0ng:<\/h3>\n<p>&nbsp;<\/p>\n<ol>\n<li>B\u1ea3n \u0111\u1ed3 h\u00f3a th\u1ecb tr\u01b0\u1eddng v\u00e0 th\u00f4ng tin li\u00ean quan t\u1edbi ng\u00e0nh quan t\u00e2m<\/li>\n<li>Th\u00f4ng tin li\u00ean l\u1ea1c c\u1ee7a c\u00e1c b\u00ean li\u00ean quan nh\u01b0 c\u01a1 quan nh\u00e0 n\u01b0\u1edbc, doanh nghi\u1ec7p, nh\u00e0 cung \u1ee9ng , \u0111\u1ea1i l\u00fd ph\u00e2n ph\u1ed1i \u0111\u1ecba ph\u01b0\u01a1ng, lu\u1eadt s\u01b0 doanh nghi\u1ec7p, v.v<\/li>\n<li>Gi\u1ea3i ph\u00e1p th\u00f4ng minh cho v\u0103n ph\u00f2ng \u0111\u1ea1i di\u1ec7n doanh nghi\u1ec7p v\u00e0 \u0111\u1ea7u m\u1ed1i li\u00ean l\u1ea1c \u1edf \u0111\u1ecba ph\u01b0\u01a1ng<\/li>\n<li>Nghi\u00ean c\u1ee9u th\u1ecb tr\u01b0\u1eddng v\u00e0 \u0111\u1ed1i t\u01b0\u1ee3ng kh\u00e1ch h\u00e0ng<\/li>\n<li>C\u00e1c d\u1ecbch v\u1ee5 ng\u00f4n ng\u1eef ch\u1ea5t l\u01b0\u1ee3ng v\u01b0\u1ee3t tr\u1ed9i, gi\u00fap b\u1ea1n t\u1eebng b\u01b0\u1edbc b\u1ea3n \u0111\u1ecba h\u00f3a chi\u1ebfn l\u01b0\u1ee3c kinh doanh c\u0169ng nh\u01b0 giao ti\u1ebfp m\u1ed9t c\u00e1ch hi\u1ec7u qu\u1ea3 v\u1edbi kh\u00e1ch h\u00e0ng ti\u1ec1m n\u0103ng c\u1ee7a m\u00ecnh.<\/li>\n<\/ol>\n              <\/div>\n           <\/div>\n                            \n<style>\n#text-box-576876200 .text-box-content {\n  background-color: rgba(255, 255, 255, 0.85);\n  font-size: 90%;\n}\n#text-box-576876200 .text-inner {\n  padding: 30px 15px 30px 40px;\n}\n#text-box-576876200 {\n  width: 60%;\n}\n<\/style>\n    <\/div>\n \n        <\/div>\n      <\/div>\n\n            \n<style>\n#banner-335124534 {\n  padding-top: 500px;\n}\n#banner-335124534 .bg.bg-loaded {\n  background-image: url(https:\/\/ctmconnect.net\/wp-content\/uploads\/2020\/12\/investments-Vietnam-venture-capital-960x600-1.jpg);\n}\n#banner-335124534 .bg {\n  background-position: 7% 32%;\n}\n#banner-335124534 .ux-shape-divider--top svg {\n  height: 150px;\n  --divider-top-width: 100%;\n}\n#banner-335124534 .ux-shape-divider--bottom svg {\n  height: 150px;\n  --divider-width: 100%;\n}\n<\/style>\n  <\/div>\n\n\n\n  <div class=\"banner has-hover show-for-small\" id=\"banner-786047843\">\n          <div class=\"banner-inner fill\">\n        <div class=\"banner-bg fill\" >\n            <div class=\"bg fill bg-fill \"><\/div>\n                                    \n                    <\/div>\n\t\t\n        <div class=\"banner-layers container\">\n            <div class=\"fill banner-link\"><\/div>            \n   <div id=\"text-box-774504776\" class=\"text-box banner-layer x50 md-x100 lg-x100 y50 md-y10 lg-y10 res-text\">\n                                <div class=\"text-box-content text \">\n              \n              <div class=\"text-inner text-left\">\n                  \n<h3 class=\"uppercase\"><span style=\"color: #ffffff;\">CTM Business Solutions Team can provide<\/span><\/h3>\n<ol>\n<li><span style=\"font-size: 130%;\">Market mapping and industry-related information<\/span><\/li>\n<li><span style=\"font-size: 130%;\">Contact information of your target stakeholders such as government agencies, local manufacturers, suppliers, or distributors, corporate lawyers, etc<\/span><\/li>\n<li><span style=\"font-size: 130%;\">Smart solutions for representative offices and local contact persons<\/span><\/li>\n<li><span style=\"font-size: 130%;\">Market research and consumer research<\/span><\/li>\n<li><span style=\"font-size: 130%;\">Excellent language services every step of the way to help you localize your strategy and communicate effectively with your target audience.<\/span><\/li>\n<\/ol>\n              <\/div>\n           <\/div>\n                            \n<style>\n#text-box-774504776 {\n  width: 86%;\n}\n#text-box-774504776 .text-box-content {\n  font-size: 100%;\n}\n@media (min-width:550px) {\n  #text-box-774504776 {\n    width: 47%;\n  }\n}\n<\/style>\n    <\/div>\n \n        <\/div>\n      <\/div>\n\n            \n<style>\n#banner-786047843 {\n  padding-top: 500px;\n}\n#banner-786047843 .ux-shape-divider--top svg {\n  height: 150px;\n  --divider-top-width: 100%;\n}\n#banner-786047843 .ux-shape-divider--bottom svg {\n  height: 150px;\n  --divider-width: 100%;\n}\n<\/style>\n  <\/div>\n\n\n\t<section class=\"section\" id=\"section_1312052497\">\n\t\t<div class=\"bg section-bg fill bg-fill  bg-loaded\" >\n\n\t\t\t\n\t\t\t\n\t\t\t\n\n\t\t<\/div>\n\n\t\t\n\n\t\t<div class=\"section-content relative\">\n\t\t\t\n<div class=\"row align-center nopadding\"  id=\"row-1698941026\">\n\n\t<div id=\"col-805320613\" class=\"col medium-6 small-12 large-6\"  >\n\t\t\t\t<div class=\"col-inner text-center\"  >\n\t\t\t\n\t\t\t\n<p><strong><u>Li\u00ean h\u1ec7 ngay v\u1edbi ch\u00fang t\u00f4i <\/u><\/strong>! Ch\u00fang t\u00f4i s\u1eb5n s\u00e0ng h\u1ed7 tr\u1ee3 qu\u00fd kh\u00e1ch ph\u00e1t tri\u1ec3n doanh nghi\u1ec7p t\u1ea1i Vi\u1ec7t Nam.<\/p>\n<a href=\"https:\/\/ctmconnect.net\/contact-us\/get-a-quotation\/\" target=\"_self\" class=\"button primary\"  >\n    <span>g\u1eedi y\u00eau c\u1ea7u<\/span>\n  <\/a>\n\n\t\t<\/div>\n\t\t\t\t\t<\/div>\n\n\t\n<\/div>\n\t\t<\/div>\n\n\t\t\n<style>\n#section_1312052497 {\n  padding-top: 30px;\n  padding-bottom: 30px;\n}\n#section_1312052497 .ux-shape-divider--top svg {\n  height: 150px;\n  --divider-top-width: 100%;\n}\n#section_1312052497 .ux-shape-divider--bottom svg {\n  height: 150px;\n  --divider-width: 100%;\n}\n<\/style>\n\t<\/section>\n\t\n","protected":false},"excerpt":{"rendered":"","protected":false},"author":1,"featured_media":1415,"parent":1366,"menu_order":0,"comment_status":"closed","ping_status":"closed","template":"page-transparent-header.php","meta":{"footnotes":""},"class_list":["post-2128","page","type-page","status-publish","has-post-thumbnail","hentry"],"yoast_head":"<!-- This site is optimized with the Yoast SEO plugin v27.4 - https:\/\/yoast.com\/product\/yoast-seo-wordpress\/ -->\n<title>CTM Connect - K\u1ebft n\u1ed1i doanh nghi\u1ec7p - Gi\u1ea3i ph\u00e1p ti\u1ebfp c\u1eadn th\u1ecb tr\u01b0\u1eddng<\/title>\n<meta name=\"description\" content=\"S\u1ee9 m\u1ec7nh c\u1ee7a CTM Connect l\u00e0 k\u1ebft n\u1ed1i th\u1ebf gi\u1edbi v\u1edbi Vi\u1ec7t Nam th\u00f4ng qua vi\u1ec7c k\u1ebft n\u1ed1i con ng\u01b0\u1eddi, doanh nghi\u1ec7p v\u00e0 c\u00e1c n\u1ec1n v\u0103n h\u00f3a.\" \/>\n<meta name=\"robots\" content=\"index, follow, max-snippet:-1, max-image-preview:large, max-video-preview:-1\" \/>\n<link rel=\"canonical\" href=\"https:\/\/ctmconnect.net\/vi\/giai-phap-doanh-nghiep\/tiep-can-thi-truong\/\" \/>\n<meta name=\"twitter:card\" content=\"summary_large_image\" \/>\n<meta name=\"twitter:title\" content=\"CTM Connect - K\u1ebft n\u1ed1i doanh nghi\u1ec7p - Gi\u1ea3i ph\u00e1p ti\u1ebfp c\u1eadn th\u1ecb tr\u01b0\u1eddng\" \/>\n<meta name=\"twitter:description\" content=\"S\u1ee9 m\u1ec7nh c\u1ee7a CTM Connect l\u00e0 k\u1ebft n\u1ed1i th\u1ebf gi\u1edbi v\u1edbi Vi\u1ec7t Nam th\u00f4ng qua vi\u1ec7c k\u1ebft n\u1ed1i con ng\u01b0\u1eddi, doanh nghi\u1ec7p v\u00e0 c\u00e1c n\u1ec1n v\u0103n h\u00f3a.\" \/>\n<meta name=\"twitter:image\" content=\"https:\/\/ctmconnect.net\/wp-content\/uploads\/2020\/07\/Business-Solutions.jpg\" \/>\n<meta name=\"twitter:label1\" content=\"Est. reading time\" \/>\n\t<meta name=\"twitter:data1\" content=\"3 minutes\" \/>\n<script type=\"application\/ld+json\" class=\"yoast-schema-graph\">{\"@context\":\"https:\\\/\\\/schema.org\",\"@graph\":[{\"@type\":\"WebPage\",\"@id\":\"https:\\\/\\\/ctmconnect.net\\\/vi\\\/giai-phap-doanh-nghiep\\\/tiep-can-thi-truong\\\/\",\"url\":\"https:\\\/\\\/ctmconnect.net\\\/vi\\\/giai-phap-doanh-nghiep\\\/tiep-can-thi-truong\\\/\",\"name\":\"CTM Connect - K\u1ebft n\u1ed1i doanh nghi\u1ec7p - Gi\u1ea3i ph\u00e1p ti\u1ebfp c\u1eadn th\u1ecb tr\u01b0\u1eddng\",\"isPartOf\":{\"@id\":\"https:\\\/\\\/ctmconnect.net\\\/vi\\\/#website\"},\"primaryImageOfPage\":{\"@id\":\"https:\\\/\\\/ctmconnect.net\\\/vi\\\/giai-phap-doanh-nghiep\\\/tiep-can-thi-truong\\\/#primaryimage\"},\"image\":{\"@id\":\"https:\\\/\\\/ctmconnect.net\\\/vi\\\/giai-phap-doanh-nghiep\\\/tiep-can-thi-truong\\\/#primaryimage\"},\"thumbnailUrl\":\"https:\\\/\\\/ctmconnect.net\\\/wp-content\\\/uploads\\\/2020\\\/07\\\/Business-Solutions.jpg\",\"datePublished\":\"2021-07-17T04:22:33+00:00\",\"dateModified\":\"2021-10-18T15:37:18+00:00\",\"description\":\"S\u1ee9 m\u1ec7nh c\u1ee7a CTM Connect l\u00e0 k\u1ebft n\u1ed1i th\u1ebf gi\u1edbi v\u1edbi Vi\u1ec7t Nam th\u00f4ng qua vi\u1ec7c k\u1ebft n\u1ed1i con ng\u01b0\u1eddi, doanh nghi\u1ec7p v\u00e0 c\u00e1c n\u1ec1n v\u0103n h\u00f3a.\",\"breadcrumb\":{\"@id\":\"https:\\\/\\\/ctmconnect.net\\\/vi\\\/giai-phap-doanh-nghiep\\\/tiep-can-thi-truong\\\/#breadcrumb\"},\"inLanguage\":\"vi-VN\",\"potentialAction\":[{\"@type\":\"ReadAction\",\"target\":[\"https:\\\/\\\/ctmconnect.net\\\/vi\\\/giai-phap-doanh-nghiep\\\/tiep-can-thi-truong\\\/\"]}]},{\"@type\":\"ImageObject\",\"inLanguage\":\"vi-VN\",\"@id\":\"https:\\\/\\\/ctmconnect.net\\\/vi\\\/giai-phap-doanh-nghiep\\\/tiep-can-thi-truong\\\/#primaryimage\",\"url\":\"https:\\\/\\\/ctmconnect.net\\\/wp-content\\\/uploads\\\/2020\\\/07\\\/Business-Solutions.jpg\",\"contentUrl\":\"https:\\\/\\\/ctmconnect.net\\\/wp-content\\\/uploads\\\/2020\\\/07\\\/Business-Solutions.jpg\",\"width\":275,\"height\":183},{\"@type\":\"BreadcrumbList\",\"@id\":\"https:\\\/\\\/ctmconnect.net\\\/vi\\\/giai-phap-doanh-nghiep\\\/tiep-can-thi-truong\\\/#breadcrumb\",\"itemListElement\":[{\"@type\":\"ListItem\",\"position\":1,\"name\":\"Home\",\"item\":\"http:\\\/\\\/ctmconnect.net\\\/vi\\\/\"},{\"@type\":\"ListItem\",\"position\":2,\"name\":\"Gi\u1ea3i ph\u00e1p doanh nghi\u1ec7p\",\"item\":\"http:\\\/\\\/ctmconnect.net\\\/vi\\\/giai-phap-doanh-nghiep\\\/\"},{\"@type\":\"ListItem\",\"position\":3,\"name\":\"Ti\u1ebfp c\u1eadn th\u1ecb tr\u01b0\u1eddng\"}]},{\"@type\":\"WebSite\",\"@id\":\"https:\\\/\\\/ctmconnect.net\\\/vi\\\/#website\",\"url\":\"https:\\\/\\\/ctmconnect.net\\\/vi\\\/\",\"name\":\"CTM Translation &amp; Consulting - The best Vietnamese translation company\",\"description\":\"High-quality translation\",\"publisher\":{\"@id\":\"https:\\\/\\\/ctmconnect.net\\\/vi\\\/#organization\"},\"potentialAction\":[{\"@type\":\"SearchAction\",\"target\":{\"@type\":\"EntryPoint\",\"urlTemplate\":\"https:\\\/\\\/ctmconnect.net\\\/vi\\\/?s={search_term_string}\"},\"query-input\":{\"@type\":\"PropertyValueSpecification\",\"valueRequired\":true,\"valueName\":\"search_term_string\"}}],\"inLanguage\":\"vi-VN\"},{\"@type\":\"Organization\",\"@id\":\"https:\\\/\\\/ctmconnect.net\\\/vi\\\/#organization\",\"name\":\"CTM Connect & Consulting\",\"url\":\"https:\\\/\\\/ctmconnect.net\\\/vi\\\/\",\"logo\":{\"@type\":\"ImageObject\",\"inLanguage\":\"vi-VN\",\"@id\":\"https:\\\/\\\/ctmconnect.net\\\/vi\\\/#\\\/schema\\\/logo\\\/image\\\/\",\"url\":\"https:\\\/\\\/ctmconnect.net\\\/wp-content\\\/uploads\\\/2020\\\/08\\\/logo_original.png\",\"contentUrl\":\"https:\\\/\\\/ctmconnect.net\\\/wp-content\\\/uploads\\\/2020\\\/08\\\/logo_original.png\",\"width\":200,\"height\":100,\"caption\":\"CTM Connect & Consulting\"},\"image\":{\"@id\":\"https:\\\/\\\/ctmconnect.net\\\/vi\\\/#\\\/schema\\\/logo\\\/image\\\/\"},\"sameAs\":[\"https:\\\/\\\/www.facebook.com\\\/TranslationConsulting\\\/\"]}]}<\/script>\n<!-- \/ Yoast SEO plugin. -->","yoast_head_json":{"title":"CTM Connect - K\u1ebft n\u1ed1i doanh nghi\u1ec7p - Gi\u1ea3i ph\u00e1p ti\u1ebfp c\u1eadn th\u1ecb tr\u01b0\u1eddng","description":"S\u1ee9 m\u1ec7nh c\u1ee7a CTM Connect l\u00e0 k\u1ebft n\u1ed1i th\u1ebf gi\u1edbi v\u1edbi Vi\u1ec7t Nam th\u00f4ng qua vi\u1ec7c k\u1ebft n\u1ed1i con ng\u01b0\u1eddi, doanh nghi\u1ec7p v\u00e0 c\u00e1c n\u1ec1n v\u0103n h\u00f3a.","robots":{"index":"index","follow":"follow","max-snippet":"max-snippet:-1","max-image-preview":"max-image-preview:large","max-video-preview":"max-video-preview:-1"},"canonical":"https:\/\/ctmconnect.net\/vi\/giai-phap-doanh-nghiep\/tiep-can-thi-truong\/","twitter_card":"summary_large_image","twitter_title":"CTM Connect - K\u1ebft n\u1ed1i doanh nghi\u1ec7p - Gi\u1ea3i ph\u00e1p ti\u1ebfp c\u1eadn th\u1ecb tr\u01b0\u1eddng","twitter_description":"S\u1ee9 m\u1ec7nh c\u1ee7a CTM Connect l\u00e0 k\u1ebft n\u1ed1i th\u1ebf gi\u1edbi v\u1edbi Vi\u1ec7t Nam th\u00f4ng qua vi\u1ec7c k\u1ebft n\u1ed1i con ng\u01b0\u1eddi, doanh nghi\u1ec7p v\u00e0 c\u00e1c n\u1ec1n v\u0103n h\u00f3a.","twitter_image":"https:\/\/ctmconnect.net\/wp-content\/uploads\/2020\/07\/Business-Solutions.jpg","twitter_misc":{"Est. reading time":"3 minutes"},"schema":{"@context":"https:\/\/schema.org","@graph":[{"@type":"WebPage","@id":"https:\/\/ctmconnect.net\/vi\/giai-phap-doanh-nghiep\/tiep-can-thi-truong\/","url":"https:\/\/ctmconnect.net\/vi\/giai-phap-doanh-nghiep\/tiep-can-thi-truong\/","name":"CTM Connect - K\u1ebft n\u1ed1i doanh nghi\u1ec7p - Gi\u1ea3i ph\u00e1p ti\u1ebfp c\u1eadn th\u1ecb tr\u01b0\u1eddng","isPartOf":{"@id":"https:\/\/ctmconnect.net\/vi\/#website"},"primaryImageOfPage":{"@id":"https:\/\/ctmconnect.net\/vi\/giai-phap-doanh-nghiep\/tiep-can-thi-truong\/#primaryimage"},"image":{"@id":"https:\/\/ctmconnect.net\/vi\/giai-phap-doanh-nghiep\/tiep-can-thi-truong\/#primaryimage"},"thumbnailUrl":"https:\/\/ctmconnect.net\/wp-content\/uploads\/2020\/07\/Business-Solutions.jpg","datePublished":"2021-07-17T04:22:33+00:00","dateModified":"2021-10-18T15:37:18+00:00","description":"S\u1ee9 m\u1ec7nh c\u1ee7a CTM Connect l\u00e0 k\u1ebft n\u1ed1i th\u1ebf gi\u1edbi v\u1edbi Vi\u1ec7t Nam th\u00f4ng qua vi\u1ec7c k\u1ebft n\u1ed1i con ng\u01b0\u1eddi, doanh nghi\u1ec7p v\u00e0 c\u00e1c n\u1ec1n v\u0103n h\u00f3a.","breadcrumb":{"@id":"https:\/\/ctmconnect.net\/vi\/giai-phap-doanh-nghiep\/tiep-can-thi-truong\/#breadcrumb"},"inLanguage":"vi-VN","potentialAction":[{"@type":"ReadAction","target":["https:\/\/ctmconnect.net\/vi\/giai-phap-doanh-nghiep\/tiep-can-thi-truong\/"]}]},{"@type":"ImageObject","inLanguage":"vi-VN","@id":"https:\/\/ctmconnect.net\/vi\/giai-phap-doanh-nghiep\/tiep-can-thi-truong\/#primaryimage","url":"https:\/\/ctmconnect.net\/wp-content\/uploads\/2020\/07\/Business-Solutions.jpg","contentUrl":"https:\/\/ctmconnect.net\/wp-content\/uploads\/2020\/07\/Business-Solutions.jpg","width":275,"height":183},{"@type":"BreadcrumbList","@id":"https:\/\/ctmconnect.net\/vi\/giai-phap-doanh-nghiep\/tiep-can-thi-truong\/#breadcrumb","itemListElement":[{"@type":"ListItem","position":1,"name":"Home","item":"https:\/\/ctmconnect.net\/vi\/"},{"@type":"ListItem","position":2,"name":"Gi\u1ea3i ph\u00e1p doanh nghi\u1ec7p","item":"https:\/\/ctmconnect.net\/vi\/giai-phap-doanh-nghiep\/"},{"@type":"ListItem","position":3,"name":"Ti\u1ebfp c\u1eadn th\u1ecb tr\u01b0\u1eddng"}]},{"@type":"WebSite","@id":"https:\/\/ctmconnect.net\/vi\/#website","url":"https:\/\/ctmconnect.net\/vi\/","name":"CTM Translation &amp; Consulting - The best Vietnamese translation company","description":"High-quality translation","publisher":{"@id":"https:\/\/ctmconnect.net\/vi\/#organization"},"potentialAction":[{"@type":"SearchAction","target":{"@type":"EntryPoint","urlTemplate":"https:\/\/ctmconnect.net\/vi\/?s={search_term_string}"},"query-input":{"@type":"PropertyValueSpecification","valueRequired":true,"valueName":"search_term_string"}}],"inLanguage":"vi-VN"},{"@type":"Organization","@id":"https:\/\/ctmconnect.net\/vi\/#organization","name":"CTM Connect & Consulting","url":"https:\/\/ctmconnect.net\/vi\/","logo":{"@type":"ImageObject","inLanguage":"vi-VN","@id":"https:\/\/ctmconnect.net\/vi\/#\/schema\/logo\/image\/","url":"https:\/\/ctmconnect.net\/wp-content\/uploads\/2020\/08\/logo_original.png","contentUrl":"https:\/\/ctmconnect.net\/wp-content\/uploads\/2020\/08\/logo_original.png","width":200,"height":100,"caption":"CTM Connect & Consulting"},"image":{"@id":"https:\/\/ctmconnect.net\/vi\/#\/schema\/logo\/image\/"},"sameAs":["https:\/\/www.facebook.com\/TranslationConsulting\/"]}]}},"_links":{"self":[{"href":"https:\/\/ctmconnect.net\/vi\/wp-json\/wp\/v2\/pages\/2128","targetHints":{"allow":["GET"]}}],"collection":[{"href":"https:\/\/ctmconnect.net\/vi\/wp-json\/wp\/v2\/pages"}],"about":[{"href":"https:\/\/ctmconnect.net\/vi\/wp-json\/wp\/v2\/types\/page"}],"author":[{"embeddable":true,"href":"https:\/\/ctmconnect.net\/vi\/wp-json\/wp\/v2\/users\/1"}],"replies":[{"embeddable":true,"href":"https:\/\/ctmconnect.net\/vi\/wp-json\/wp\/v2\/comments?post=2128"}],"version-history":[{"count":15,"href":"https:\/\/ctmconnect.net\/vi\/wp-json\/wp\/v2\/pages\/2128\/revisions"}],"predecessor-version":[{"id":2709,"href":"https:\/\/ctmconnect.net\/vi\/wp-json\/wp\/v2\/pages\/2128\/revisions\/2709"}],"up":[{"embeddable":true,"href":"https:\/\/ctmconnect.net\/vi\/wp-json\/wp\/v2\/pages\/1366"}],"wp:featuredmedia":[{"embeddable":true,"href":"https:\/\/ctmconnect.net\/vi\/wp-json\/wp\/v2\/media\/1415"}],"wp:attachment":[{"href":"https:\/\/ctmconnect.net\/vi\/wp-json\/wp\/v2\/media?parent=2128"}],"curies":[{"name":"wp","href":"https:\/\/api.w.org\/{rel}","templated":true}]}}