{"id":2145,"date":"2021-07-17T07:26:21","date_gmt":"2021-07-17T07:26:21","guid":{"rendered":"https:\/\/ctmconnect.net\/linh-vuc-khach-hang\/"},"modified":"2021-07-17T07:26:22","modified_gmt":"2021-07-17T07:26:22","slug":"linh-vuc-khach-hang","status":"publish","type":"page","link":"https:\/\/ctmconnect.net\/vi\/linh-vuc-khach-hang\/","title":{"rendered":"L\u0129nh v\u1ef1c &#038; Kh\u00e1ch h\u00e0ng"},"content":{"rendered":"\t<section class=\"section\" id=\"section_1530289840\">\n\t\t<div class=\"bg section-bg fill bg-fill  bg-loaded\" >\n\n\t\t\t\n\t\t\t\n\t\t\t\n\n\t\t<\/div>\n\n\t\t\n\n\t\t<div class=\"section-content relative\">\n\t\t\t\n\n  <div class=\"banner has-hover\" id=\"banner-1926966807\">\n          <div class=\"banner-inner fill\">\n        <div class=\"banner-bg fill\" >\n            <div class=\"bg fill bg-fill \"><\/div>\n                        <div class=\"overlay\"><\/div>            \n                    <\/div>\n\t\t\n        <div class=\"banner-layers container\">\n            <div class=\"fill banner-link\"><\/div>            \n   <div id=\"text-box-163863895\" class=\"text-box banner-layer x50 md-x50 lg-x50 y50 md-y50 lg-y50 res-text\">\n                                <div class=\"text-box-content text dark\">\n              \n              <div class=\"text-inner text-center\">\n                  \n<h3 class=\"uppercase\">L\u0129nh v\u1ef1c &amp; Kh\u00e1ch h\u00e0ng<\/h3>\n              <\/div>\n           <\/div>\n                            \n<style>\n#text-box-163863895 {\n  width: 60%;\n}\n#text-box-163863895 .text-box-content {\n  font-size: 100%;\n}\n<\/style>\n    <\/div>\n \n        <\/div>\n      <\/div>\n\n            \n<style>\n#banner-1926966807 {\n  padding-top: 300px;\n}\n#banner-1926966807 .bg.bg-loaded {\n  background-image: url(https:\/\/ctmconnect.net\/wp-content\/uploads\/2020\/10\/abstract-office-desktop-1024x683.jpg);\n}\n#banner-1926966807 .overlay {\n  background-color: rgba(0, 0, 0, 0.2);\n}\n#banner-1926966807 .ux-shape-divider--top svg {\n  height: 150px;\n  --divider-top-width: 100%;\n}\n#banner-1926966807 .ux-shape-divider--bottom svg {\n  height: 150px;\n  --divider-width: 100%;\n}\n<\/style>\n  <\/div>\n\n\n\t\t<\/div>\n\n\t\t\n<style>\n#section_1530289840 {\n  padding-top: 0px;\n  padding-bottom: 0px;\n}\n#section_1530289840 .ux-shape-divider--top svg {\n  height: 150px;\n  --divider-top-width: 100%;\n}\n#section_1530289840 .ux-shape-divider--bottom svg {\n  height: 150px;\n  --divider-width: 100%;\n}\n<\/style>\n\t<\/section>\n\t\n\t<section class=\"section\" id=\"section_1869661115\">\n\t\t<div class=\"bg section-bg fill bg-fill  bg-loaded\" >\n\n\t\t\t\n\t\t\t\n\t\t\t\n\n\t\t<\/div>\n\n\t\t\n\n\t\t<div class=\"section-content relative\">\n\t\t\t\n<div class=\"row\"  id=\"row-866687979\">\n\n\t<div id=\"col-63930944\" class=\"col small-12 large-12\"  >\n\t\t\t\t<div class=\"col-inner\"  >\n\t\t\t\n\t\t\t\n\n  \n    <div class=\"row hide-for-small large-columns-3 medium-columns- small-columns-2\">\n  <div class=\"page-col col\" >\n          <div class=\"col-inner\" >\n          <a class=\"plain\" href=\"https:\/\/ctmconnect.net\/vi\/linh-vuc-khach-hang\/linh-vuc\/\" title=\"L\u0129nh v\u1ef1c\" target=\"\">\n            <div class=\"page-box box has-hover box-shade dark\">\n                  <div class=\"box-image\" >\n                      <div class=\"box-image\" >\n                      <img loading=\"lazy\" decoding=\"async\" width=\"600\" height=\"400\" src=\"https:\/\/ctmconnect.net\/wp-content\/uploads\/2020\/06\/j7.jpg\" class=\"attachment-original size-original\" alt=\"\" srcset=\"https:\/\/ctmconnect.net\/wp-content\/uploads\/2020\/06\/j7.jpg 600w, https:\/\/ctmconnect.net\/wp-content\/uploads\/2020\/06\/j7-300x200.jpg 300w\" sizes=\"auto, (max-width: 600px) 100vw, 600px\" \/>                      <\/div>\n                                            <div class=\"shade\"><\/div>                  <\/div>\n                  <div class=\"box-text text-left\" >\n                        <div class=\"box-text-inner\">\n                            <p>L\u0129nh v\u1ef1c<\/p>\n                        <\/div>\n                  <\/div>\n              <\/div>\n            <\/a>\n            <\/div>\n          <\/div><div class=\"page-col col\" >\n          <div class=\"col-inner\" >\n          <a class=\"plain\" href=\"https:\/\/ctmconnect.net\/vi\/linh-vuc-khach-hang\/khach-hang\/\" title=\"Kh\u00e1ch h\u00e0ng\" target=\"\">\n            <div class=\"page-box box has-hover box-shade dark\">\n                  <div class=\"box-image\" >\n                      <div class=\"box-image\" >\n                      <img loading=\"lazy\" decoding=\"async\" width=\"600\" height=\"399\" src=\"https:\/\/ctmconnect.net\/wp-content\/uploads\/2020\/06\/b3.jpg\" class=\"attachment-original size-original\" alt=\"\" srcset=\"https:\/\/ctmconnect.net\/wp-content\/uploads\/2020\/06\/b3.jpg 600w, https:\/\/ctmconnect.net\/wp-content\/uploads\/2020\/06\/b3-300x200.jpg 300w\" sizes=\"auto, (max-width: 600px) 100vw, 600px\" \/>                      <\/div>\n                                            <div class=\"shade\"><\/div>                  <\/div>\n                  <div class=\"box-text text-left\" >\n                        <div class=\"box-text-inner\">\n                            <p>Kh\u00e1ch h\u00e0ng<\/p>\n                        <\/div>\n                  <\/div>\n              <\/div>\n            <\/a>\n            <\/div>\n          <\/div><div class=\"page-col col\" >\n          <div class=\"col-inner\" >\n          <a class=\"plain\" href=\"https:\/\/ctmconnect.net\/vi\/linh-vuc-khach-hang\/danh-gia-cua-khach-hang\/\" title=\"\u0110\u00e1nh gi\u00e1 c\u1ee7a kh\u00e1ch h\u00e0ng\" target=\"\">\n            <div class=\"page-box box has-hover box-shade dark\">\n                  <div class=\"box-image\" >\n                      <div class=\"box-image\" >\n                      <img loading=\"lazy\" decoding=\"async\" width=\"600\" height=\"400\" src=\"https:\/\/ctmconnect.net\/wp-content\/uploads\/2020\/09\/faq2.jpg\" class=\"attachment-original size-original\" alt=\"\" srcset=\"https:\/\/ctmconnect.net\/wp-content\/uploads\/2020\/09\/faq2.jpg 600w, https:\/\/ctmconnect.net\/wp-content\/uploads\/2020\/09\/faq2-300x200.jpg 300w\" sizes=\"auto, (max-width: 600px) 100vw, 600px\" \/>                      <\/div>\n                                            <div class=\"shade\"><\/div>                  <\/div>\n                  <div class=\"box-text text-left\" >\n                        <div class=\"box-text-inner\">\n                            <p>\u0110\u00e1nh gi\u00e1 c\u1ee7a kh\u00e1ch h\u00e0ng<\/p>\n                        <\/div>\n                  <\/div>\n              <\/div>\n            <\/a>\n            <\/div>\n          <\/div><\/div>\n  <style>\n    #pages-531129871 .grid-col-1{height: 600px}\n    #pages-531129871 .grid-col-1-2{height: 300px}\n    #pages-531129871 .grid-col-1-3{height:200px}\n    #pages-531129871 .grid-col-2-3{height: 400px}\n    #pages-531129871 .grid-col-1-4{height: 150px}\n    #pages-531129871 .grid-col-3-4{height: 450px}\n\n\n        \/* Tablet *\/\n    @media (max-width: 850px){\n      #pages-531129871 .grid-col-1{height: 400px}\n      #pages-531129871 .grid-col-1-2{height: 200px}\n      #pages-531129871 .grid-col-1-3{height:133.33333333333px}\n      #pages-531129871 .grid-col-2-3{height: 266.66666666667px}\n      #pages-531129871 .grid-col-1-4{height: 100px}\n      #pages-531129871 .grid-col-3-4{height: 300px}\n    }\n    \n        \/* Mobile *\/\n    @media (max-width: 550px){\n      #pages-531129871 .grid-col-1{height: 400px}\n      #pages-531129871 .grid-col-1-2{height: 200px}\n      #pages-531129871 .grid-col-1-3{height:133.33333333333px}\n      #pages-531129871 .grid-col-2-3{height: 266.66666666667px}\n      #pages-531129871 .grid-col-1-4{height: 100px}\n      #pages-531129871 .grid-col-3-4{height: 300px}\n    }\n    \n\n  <\/style>\n  \n  \n    <div id=\"pages-531129871\" class=\"row show-for-small row-grid\" data-packery-options='{\"itemSelector\": \".col\", \"gutter\": 0, \"presentageWidth\" : true}'>\n\n  <div class=\"page-col col grid-col grid-col-1 large-3 medium-6\" >\n          <div class=\"col-inner\" >\n          <a class=\"plain\" href=\"https:\/\/ctmconnect.net\/vi\/linh-vuc-khach-hang\/linh-vuc\/\" title=\"L\u0129nh v\u1ef1c\" target=\"\">\n            <div class=\"page-box box has-hover box-shade dark box-text-center\">\n                  <div class=\"box-image\" >\n                      <div class=\"box-image\" >\n                      <img loading=\"lazy\" decoding=\"async\" width=\"600\" height=\"400\" src=\"https:\/\/ctmconnect.net\/wp-content\/uploads\/2020\/06\/j7.jpg\" class=\"attachment-large size-large\" alt=\"\" srcset=\"https:\/\/ctmconnect.net\/wp-content\/uploads\/2020\/06\/j7.jpg 600w, https:\/\/ctmconnect.net\/wp-content\/uploads\/2020\/06\/j7-300x200.jpg 300w\" sizes=\"auto, (max-width: 600px) 100vw, 600px\" \/>                      <\/div>\n                                            <div class=\"shade\"><\/div>                  <\/div>\n                  <div class=\"box-text text-left dark\" >\n                        <div class=\"box-text-inner\">\n                            <p>L\u0129nh v\u1ef1c<\/p>\n                        <\/div>\n                  <\/div>\n              <\/div>\n            <\/a>\n            <\/div>\n          <\/div><div class=\"page-col col grid-col grid-col-1 large-3 medium-6\" >\n          <div class=\"col-inner\" >\n          <a class=\"plain\" href=\"https:\/\/ctmconnect.net\/vi\/linh-vuc-khach-hang\/khach-hang\/\" title=\"Kh\u00e1ch h\u00e0ng\" target=\"\">\n            <div class=\"page-box box has-hover box-shade dark box-text-center\">\n                  <div class=\"box-image\" >\n                      <div class=\"box-image\" >\n                      <img loading=\"lazy\" decoding=\"async\" width=\"600\" height=\"399\" src=\"https:\/\/ctmconnect.net\/wp-content\/uploads\/2020\/06\/b3.jpg\" class=\"attachment-large size-large\" alt=\"\" srcset=\"https:\/\/ctmconnect.net\/wp-content\/uploads\/2020\/06\/b3.jpg 600w, https:\/\/ctmconnect.net\/wp-content\/uploads\/2020\/06\/b3-300x200.jpg 300w\" sizes=\"auto, (max-width: 600px) 100vw, 600px\" \/>                      <\/div>\n                                            <div class=\"shade\"><\/div>                  <\/div>\n                  <div class=\"box-text text-left dark\" >\n                        <div class=\"box-text-inner\">\n                            <p>Kh\u00e1ch h\u00e0ng<\/p>\n                        <\/div>\n                  <\/div>\n              <\/div>\n            <\/a>\n            <\/div>\n          <\/div><div class=\"page-col col grid-col grid-col-1 large-3 medium-6\" >\n          <div class=\"col-inner\" >\n          <a class=\"plain\" href=\"https:\/\/ctmconnect.net\/vi\/linh-vuc-khach-hang\/danh-gia-cua-khach-hang\/\" title=\"\u0110\u00e1nh gi\u00e1 c\u1ee7a kh\u00e1ch h\u00e0ng\" target=\"\">\n            <div class=\"page-box box has-hover box-shade dark box-text-center\">\n                  <div class=\"box-image\" >\n                      <div class=\"box-image\" >\n                      <img loading=\"lazy\" decoding=\"async\" width=\"600\" height=\"400\" src=\"https:\/\/ctmconnect.net\/wp-content\/uploads\/2020\/09\/faq2.jpg\" class=\"attachment-large size-large\" alt=\"\" srcset=\"https:\/\/ctmconnect.net\/wp-content\/uploads\/2020\/09\/faq2.jpg 600w, https:\/\/ctmconnect.net\/wp-content\/uploads\/2020\/09\/faq2-300x200.jpg 300w\" sizes=\"auto, (max-width: 600px) 100vw, 600px\" \/>                      <\/div>\n                                            <div class=\"shade\"><\/div>                  <\/div>\n                  <div class=\"box-text text-left dark\" >\n                        <div class=\"box-text-inner\">\n                            <p>\u0110\u00e1nh gi\u00e1 c\u1ee7a kh\u00e1ch h\u00e0ng<\/p>\n                        <\/div>\n                  <\/div>\n              <\/div>\n            <\/a>\n            <\/div>\n          <\/div><\/div>\n\t\t<\/div>\n\t\t\t\t\t<\/div>\n\n\t\n<\/div>\n\t\t<\/div>\n\n\t\t\n<style>\n#section_1869661115 {\n  padding-top: 30px;\n  padding-bottom: 30px;\n}\n#section_1869661115 .ux-shape-divider--top svg {\n  height: 150px;\n  --divider-top-width: 100%;\n}\n#section_1869661115 .ux-shape-divider--bottom svg {\n  height: 150px;\n  --divider-width: 100%;\n}\n<\/style>\n\t<\/section>\n\t\n","protected":false},"excerpt":{"rendered":"","protected":false},"author":1,"featured_media":0,"parent":0,"menu_order":0,"comment_status":"closed","ping_status":"closed","template":"page-transparent-header.php","meta":{"footnotes":""},"class_list":["post-2145","page","type-page","status-publish","hentry"],"yoast_head":"<!-- This site is optimized with the Yoast SEO plugin v27.6 - https:\/\/yoast.com\/product\/yoast-seo-wordpress\/ -->\n<title>L\u0129nh v\u1ef1c &amp; Kh\u00e1ch h\u00e0ng - CTM Translation &amp; Consulting - The best Vietnamese translation company<\/title>\n<meta name=\"robots\" content=\"index, follow, max-snippet:-1, max-image-preview:large, max-video-preview:-1\" \/>\n<link rel=\"canonical\" href=\"https:\/\/ctmconnect.net\/vi\/linh-vuc-khach-hang\/\" \/>\n<meta name=\"twitter:card\" content=\"summary_large_image\" \/>\n<meta name=\"twitter:title\" content=\"L\u0129nh v\u1ef1c &amp; Kh\u00e1ch h\u00e0ng - CTM Translation &amp; Consulting - The best Vietnamese translation company\" \/>\n<script type=\"application\/ld+json\" class=\"yoast-schema-graph\">{\"@context\":\"https:\\\/\\\/schema.org\",\"@graph\":[{\"@type\":\"WebPage\",\"@id\":\"https:\\\/\\\/ctmconnect.net\\\/vi\\\/linh-vuc-khach-hang\\\/\",\"url\":\"https:\\\/\\\/ctmconnect.net\\\/vi\\\/linh-vuc-khach-hang\\\/\",\"name\":\"L\u0129nh v\u1ef1c & Kh\u00e1ch h\u00e0ng - CTM Translation &amp; Consulting - The best Vietnamese translation company\",\"isPartOf\":{\"@id\":\"https:\\\/\\\/ctmconnect.net\\\/vi\\\/#website\"},\"datePublished\":\"2021-07-17T07:26:21+00:00\",\"dateModified\":\"2021-07-17T07:26:22+00:00\",\"breadcrumb\":{\"@id\":\"https:\\\/\\\/ctmconnect.net\\\/vi\\\/linh-vuc-khach-hang\\\/#breadcrumb\"},\"inLanguage\":\"vi-VN\",\"potentialAction\":[{\"@type\":\"ReadAction\",\"target\":[\"https:\\\/\\\/ctmconnect.net\\\/vi\\\/linh-vuc-khach-hang\\\/\"]}]},{\"@type\":\"BreadcrumbList\",\"@id\":\"https:\\\/\\\/ctmconnect.net\\\/vi\\\/linh-vuc-khach-hang\\\/#breadcrumb\",\"itemListElement\":[{\"@type\":\"ListItem\",\"position\":1,\"name\":\"Home\",\"item\":\"http:\\\/\\\/ctmconnect.net\\\/vi\\\/\"},{\"@type\":\"ListItem\",\"position\":2,\"name\":\"L\u0129nh v\u1ef1c &#038; Kh\u00e1ch h\u00e0ng\"}]},{\"@type\":\"WebSite\",\"@id\":\"https:\\\/\\\/ctmconnect.net\\\/vi\\\/#website\",\"url\":\"https:\\\/\\\/ctmconnect.net\\\/vi\\\/\",\"name\":\"CTM Translation &amp; Consulting - The best Vietnamese translation company\",\"description\":\"High-quality translation\",\"publisher\":{\"@id\":\"https:\\\/\\\/ctmconnect.net\\\/vi\\\/#organization\"},\"potentialAction\":[{\"@type\":\"SearchAction\",\"target\":{\"@type\":\"EntryPoint\",\"urlTemplate\":\"https:\\\/\\\/ctmconnect.net\\\/vi\\\/?s={search_term_string}\"},\"query-input\":{\"@type\":\"PropertyValueSpecification\",\"valueRequired\":true,\"valueName\":\"search_term_string\"}}],\"inLanguage\":\"vi-VN\"},{\"@type\":\"Organization\",\"@id\":\"https:\\\/\\\/ctmconnect.net\\\/vi\\\/#organization\",\"name\":\"CTM Connect & Consulting\",\"url\":\"https:\\\/\\\/ctmconnect.net\\\/vi\\\/\",\"logo\":{\"@type\":\"ImageObject\",\"inLanguage\":\"vi-VN\",\"@id\":\"https:\\\/\\\/ctmconnect.net\\\/vi\\\/#\\\/schema\\\/logo\\\/image\\\/\",\"url\":\"https:\\\/\\\/ctmconnect.net\\\/wp-content\\\/uploads\\\/2020\\\/08\\\/logo_original.png\",\"contentUrl\":\"https:\\\/\\\/ctmconnect.net\\\/wp-content\\\/uploads\\\/2020\\\/08\\\/logo_original.png\",\"width\":200,\"height\":100,\"caption\":\"CTM Connect & Consulting\"},\"image\":{\"@id\":\"https:\\\/\\\/ctmconnect.net\\\/vi\\\/#\\\/schema\\\/logo\\\/image\\\/\"},\"sameAs\":[\"https:\\\/\\\/www.facebook.com\\\/TranslationConsulting\\\/\"]}]}<\/script>\n<!-- \/ Yoast SEO plugin. -->","yoast_head_json":{"title":"L\u0129nh v\u1ef1c & Kh\u00e1ch h\u00e0ng - CTM Translation &amp; Consulting - The best Vietnamese translation company","robots":{"index":"index","follow":"follow","max-snippet":"max-snippet:-1","max-image-preview":"max-image-preview:large","max-video-preview":"max-video-preview:-1"},"canonical":"https:\/\/ctmconnect.net\/vi\/linh-vuc-khach-hang\/","twitter_card":"summary_large_image","twitter_title":"L\u0129nh v\u1ef1c & Kh\u00e1ch h\u00e0ng - CTM Translation &amp; Consulting - The best Vietnamese translation company","schema":{"@context":"https:\/\/schema.org","@graph":[{"@type":"WebPage","@id":"https:\/\/ctmconnect.net\/vi\/linh-vuc-khach-hang\/","url":"https:\/\/ctmconnect.net\/vi\/linh-vuc-khach-hang\/","name":"L\u0129nh v\u1ef1c & Kh\u00e1ch h\u00e0ng - CTM Translation &amp; Consulting - The best Vietnamese translation company","isPartOf":{"@id":"https:\/\/ctmconnect.net\/vi\/#website"},"datePublished":"2021-07-17T07:26:21+00:00","dateModified":"2021-07-17T07:26:22+00:00","breadcrumb":{"@id":"https:\/\/ctmconnect.net\/vi\/linh-vuc-khach-hang\/#breadcrumb"},"inLanguage":"vi-VN","potentialAction":[{"@type":"ReadAction","target":["https:\/\/ctmconnect.net\/vi\/linh-vuc-khach-hang\/"]}]},{"@type":"BreadcrumbList","@id":"https:\/\/ctmconnect.net\/vi\/linh-vuc-khach-hang\/#breadcrumb","itemListElement":[{"@type":"ListItem","position":1,"name":"Home","item":"https:\/\/ctmconnect.net\/vi\/"},{"@type":"ListItem","position":2,"name":"L\u0129nh v\u1ef1c &#038; Kh\u00e1ch h\u00e0ng"}]},{"@type":"WebSite","@id":"https:\/\/ctmconnect.net\/vi\/#website","url":"https:\/\/ctmconnect.net\/vi\/","name":"CTM Translation &amp; Consulting - The best Vietnamese translation company","description":"High-quality translation","publisher":{"@id":"https:\/\/ctmconnect.net\/vi\/#organization"},"potentialAction":[{"@type":"SearchAction","target":{"@type":"EntryPoint","urlTemplate":"https:\/\/ctmconnect.net\/vi\/?s={search_term_string}"},"query-input":{"@type":"PropertyValueSpecification","valueRequired":true,"valueName":"search_term_string"}}],"inLanguage":"vi-VN"},{"@type":"Organization","@id":"https:\/\/ctmconnect.net\/vi\/#organization","name":"CTM Connect & Consulting","url":"https:\/\/ctmconnect.net\/vi\/","logo":{"@type":"ImageObject","inLanguage":"vi-VN","@id":"https:\/\/ctmconnect.net\/vi\/#\/schema\/logo\/image\/","url":"https:\/\/ctmconnect.net\/wp-content\/uploads\/2020\/08\/logo_original.png","contentUrl":"https:\/\/ctmconnect.net\/wp-content\/uploads\/2020\/08\/logo_original.png","width":200,"height":100,"caption":"CTM Connect & Consulting"},"image":{"@id":"https:\/\/ctmconnect.net\/vi\/#\/schema\/logo\/image\/"},"sameAs":["https:\/\/www.facebook.com\/TranslationConsulting\/"]}]}},"_links":{"self":[{"href":"https:\/\/ctmconnect.net\/vi\/wp-json\/wp\/v2\/pages\/2145","targetHints":{"allow":["GET"]}}],"collection":[{"href":"https:\/\/ctmconnect.net\/vi\/wp-json\/wp\/v2\/pages"}],"about":[{"href":"https:\/\/ctmconnect.net\/vi\/wp-json\/wp\/v2\/types\/page"}],"author":[{"embeddable":true,"href":"https:\/\/ctmconnect.net\/vi\/wp-json\/wp\/v2\/users\/1"}],"replies":[{"embeddable":true,"href":"https:\/\/ctmconnect.net\/vi\/wp-json\/wp\/v2\/comments?post=2145"}],"version-history":[{"count":3,"href":"https:\/\/ctmconnect.net\/vi\/wp-json\/wp\/v2\/pages\/2145\/revisions"}],"predecessor-version":[{"id":2148,"href":"https:\/\/ctmconnect.net\/vi\/wp-json\/wp\/v2\/pages\/2145\/revisions\/2148"}],"wp:attachment":[{"href":"https:\/\/ctmconnect.net\/vi\/wp-json\/wp\/v2\/media?parent=2145"}],"curies":[{"name":"wp","href":"https:\/\/api.w.org\/{rel}","templated":true}]}}