{"id":2149,"date":"2021-07-17T07:26:27","date_gmt":"2021-07-17T07:26:27","guid":{"rendered":"https:\/\/ctmconnect.net\/dien-dich\/rsi-phien-dich-song-song-tu-xa\/"},"modified":"2021-10-18T22:22:19","modified_gmt":"2021-10-18T15:22:19","slug":"rsi-phien-dich-song-song-tu-xa","status":"publish","type":"page","link":"https:\/\/ctmconnect.net\/vi\/bien-phien-dich\/phien-dich\/rsi-phien-dich-song-song-tu-xa\/","title":{"rendered":"RSI &#8211; Phi\u00ean d\u1ecbch Song song T\u1eeb xa"},"content":{"rendered":"\t<section class=\"section\" id=\"section_167494477\">\n\t\t<div class=\"bg section-bg fill bg-fill  bg-loaded\" >\n\n\t\t\t\n\t\t\t\n\t\t\t\n\n\t\t<\/div>\n\n\t\t\n\n\t\t<div class=\"section-content relative\">\n\t\t\t\n\n  <div class=\"banner has-hover\" id=\"banner-1367444926\">\n          <div class=\"banner-inner fill\">\n        <div class=\"banner-bg fill\" >\n            <div class=\"bg fill bg-fill \"><\/div>\n                        <div class=\"overlay\"><\/div>            \n                    <\/div>\n\t\t\n        <div class=\"banner-layers container\">\n            <div class=\"fill banner-link\"><\/div>            \n   <div id=\"text-box-626334896\" class=\"text-box banner-layer x50 md-x50 lg-x50 y50 md-y50 lg-y50 res-text\">\n                                <div class=\"text-box-content text dark\">\n              \n              <div class=\"text-inner text-center\">\n                  \n<h3>RSI &#8211; Phi\u00ean d\u1ecbch Song song T\u1eeb xa<\/h3>\n              <\/div>\n           <\/div>\n                            \n<style>\n#text-box-626334896 {\n  width: 60%;\n}\n#text-box-626334896 .text-box-content {\n  font-size: 100%;\n}\n<\/style>\n    <\/div>\n \n        <\/div>\n      <\/div>\n\n            \n<style>\n#banner-1367444926 {\n  padding-top: 300px;\n}\n#banner-1367444926 .bg.bg-loaded {\n  background-image: url(https:\/\/ctmconnect.net\/wp-content\/uploads\/2020\/10\/beautiful-shot-optical-glasses-cup-table-with-white-background-space-text.jpg);\n}\n#banner-1367444926 .overlay {\n  background-color: rgba(0, 0, 0, 0.3);\n}\n#banner-1367444926 .bg {\n  background-position: 2% 94%;\n}\n#banner-1367444926 .ux-shape-divider--top svg {\n  height: 150px;\n  --divider-top-width: 100%;\n}\n#banner-1367444926 .ux-shape-divider--bottom svg {\n  height: 150px;\n  --divider-width: 100%;\n}\n<\/style>\n  <\/div>\n\n\n\t\t<\/div>\n\n\t\t\n<style>\n#section_167494477 {\n  padding-top: 0px;\n  padding-bottom: 0px;\n}\n#section_167494477 .ux-shape-divider--top svg {\n  height: 150px;\n  --divider-top-width: 100%;\n}\n#section_167494477 .ux-shape-divider--bottom svg {\n  height: 150px;\n  --divider-width: 100%;\n}\n<\/style>\n\t<\/section>\n\t\n\t<section class=\"section\" id=\"section_155903553\">\n\t\t<div class=\"bg section-bg fill bg-fill  bg-loaded\" >\n\n\t\t\t\n\t\t\t\n\t\t\t\n\n\t\t<\/div>\n\n\t\t\n\n\t\t<div class=\"section-content relative\">\n\t\t\t\n<div class=\"row nopadding\"  id=\"row-1448338365\">\n\n\t<div id=\"col-263662943\" class=\"col small-12 large-12\"  >\n\t\t\t\t<div class=\"col-inner\"  >\n\t\t\t\n\t\t\t\n<div class=\"row align-center nopadding\"  id=\"row-166490794\">\n\n\t<div id=\"col-1319927694\" class=\"col medium-7 small-12 large-7\"  >\n\t\t\t\t<div class=\"col-inner text-left\"  >\n\t\t\t\n\t\t\t\n<p style=\"text-align: center;\"><span style=\"font-weight: 400;\">CTM Connect \u0111\u1eb7t m\u1ee5c ti\u00eau tr\u1edf th\u00e0nh c\u00f4ng ty \u0111i \u0111\u1ea7u cung c\u1ea5p d\u1ecbch v\u1ee5 D\u1ecbch song song t\u1eeb xa <\/span><b>RSI<\/b><span style=\"font-weight: 400;\"> \u1edf Vi\u1ec7t Nam. <\/span><\/p>\n\t\t<\/div>\n\t\t\t\t\t<\/div>\n\n\t\n<\/div>\n<div class=\"row row-large align-middle\"  id=\"row-1857830021\">\n\n\t<div id=\"col-1392986865\" class=\"col medium-6 small-12 large-6\"  >\n\t\t\t\t<div class=\"col-inner\"  >\n\t\t\t\n\t\t\t\n\n  <div class=\"banner has-hover\" id=\"banner-537657171\">\n          <div class=\"banner-inner fill\">\n        <div class=\"banner-bg fill\" >\n            <div class=\"bg fill bg-fill \"><\/div>\n                                    \n                    <\/div>\n\t\t\n        <div class=\"banner-layers container\">\n            <div class=\"fill banner-link\"><\/div>            \n   <div id=\"text-box-1431530815\" class=\"text-box banner-layer x50 md-x50 lg-x50 y50 md-y50 lg-y50 res-text\">\n                                <div class=\"text-box-content text dark\">\n              \n              <div class=\"text-inner text-center\">\n                  \n              <\/div>\n           <\/div>\n                            \n<style>\n#text-box-1431530815 {\n  width: 60%;\n}\n#text-box-1431530815 .text-box-content {\n  font-size: 100%;\n}\n@media (min-width:550px) {\n  #text-box-1431530815 {\n    width: 60%;\n  }\n}\n<\/style>\n    <\/div>\n \n        <\/div>\n      <\/div>\n\n            \n<style>\n#banner-537657171 {\n  padding-top: 400px;\n}\n#banner-537657171 .bg.bg-loaded {\n  background-image: url(https:\/\/ctmconnect.net\/wp-content\/uploads\/2020\/09\/NADA9802bw-640x606-1.jpg);\n}\n#banner-537657171 .ux-shape-divider--top svg {\n  height: 150px;\n  --divider-top-width: 100%;\n}\n#banner-537657171 .ux-shape-divider--bottom svg {\n  height: 150px;\n  --divider-width: 100%;\n}\n<\/style>\n  <\/div>\n\n\n\t\t<\/div>\n\t\t\t\t\t<\/div>\n\n\t\n\n\t<div id=\"col-598782058\" class=\"col medium-6 small-12 large-6\"  >\n\t\t\t\t<div class=\"col-inner\"  >\n\t\t\t\n\t\t\t\n<p><span style=\"font-weight: 400;\">Khi b\u1ec7nh d\u1ecbch Covid-19 b\u1eaft \u0111\u1ea7u b\u00f9ng ph\u00e1t, CTM Connect \u0111\u00e3 \u0111\u1ed3ng h\u00e0nh c\u00f9ng kh\u00e1ch h\u00e0ng, h\u1ed7 tr\u1ee3 \u0111\u1ea3m b\u1ea3o cho c\u00e1c ho\u1ea1t \u0111\u1ed9ng c\u1ee7a kh\u00e1ch h\u00e0ng di\u1ec5n ra th\u00f4ng su\u1ed1t. D\u1ecbch v\u1ee5 RSI \u0111\u01b0\u1ee3c CTM Connect tri\u1ec3n khai cho c\u00e1c<strong> cu\u1ed9c h\u1ecdp, s\u1ef1 ki\u1ec7n, h\u1ed9i ngh\u1ecb, h\u1ed9i th\u1ea3o tr\u1ef1c tuy\u1ebfn<\/strong>, v\u1edbi ch\u1ea5t l\u01b0\u1ee3ng d\u1ecbch v\u1ee5 t\u01b0\u01a1ng \u0111\u01b0\u01a1ng nh\u01b0 l\u00e0m vi\u1ec7c t\u1ea1i hi\u1ec7n tr\u01b0\u1eddng c\u00f9ng kh\u00e1ch h\u00e0ng.<\/span><\/p>\n\t\t<\/div>\n\t\t\t\t\t<\/div>\n\n\t\n<\/div>\n\t<div id=\"gap-608114\" class=\"gap-element clearfix\" style=\"display:block; height:auto;\">\n\t\t\n<style>\n#gap-608114 {\n  padding-top: 30px;\n}\n<\/style>\n\t<\/div>\n\t\n<div class=\"row align-center nopadding\"  id=\"row-1518782864\">\n\n\t<div id=\"col-1697216728\" class=\"col medium-8 small-12 large-8\"  >\n\t\t\t\t<div class=\"col-inner text-left\"  >\n\t\t\t\n\t\t\t\n<blockquote><p><span style=\"font-weight: 400;\">Ch\u00fang t\u00f4i \u00e1p d\u1ee5ng c\u00e1c c\u00f4ng ngh\u1ec7 hi\u1ec7n \u0111\u1ea1i \u0111\u1ec3 d\u1ecbch t\u1eeb xa c\u00f9ng l\u00fac qua \u0111i\u1ec7n tho\u1ea1i th\u00f4ng minh, m\u00e1y t\u00ednh x\u00e1ch tay hay m\u00e1y t\u00ednh b\u1ea3ng. D\u1ecbch v\u1ee5 RSI c\u0169ng ch\u1ea1y m\u01b0\u1ee3t m\u00e0 tr\u00ean c\u00e1c thi\u1ebft b\u1ecb s\u00f3ng RF\/IF, c\u00e1c b\u1ed9 thu\/tai nghe kh\u00f4ng d\u00e2y khi t\u1ed5 ch\u1ee9c s\u1ef1 ki\u1ec7n k\u1ebft h\u1ee3p tham gia tr\u1ef1c ti\u1ebfp t\u1ea1i hi\u1ec7n tr\u01b0\u1eddng v\u1edbi c\u00e1c di\u1ec5n gi\u1ea3 \u1edf n\u01b0\u1edbc ngo\u00e0i v\u00e0 nh\u1eefng v\u1ecb kh\u00e1ch kh\u00e1c \u0111ang b\u1ecb h\u1ea1n ch\u1ebf di chuy\u1ec3n do d\u1ecbch b\u1ec7nh.<\/span><\/p><\/blockquote>\n\t\t<\/div>\n\t\t\t\t\t<\/div>\n\n\t\n<\/div>\n\t<div id=\"gap-2044375639\" class=\"gap-element clearfix\" style=\"display:block; height:auto;\">\n\t\t\n<style>\n#gap-2044375639 {\n  padding-top: 10px;\n}\n<\/style>\n\t<\/div>\n\t\n<div class=\"row row-large align-middle nopadding\"  id=\"row-282905521\">\n\n\t<div id=\"col-617883763\" class=\"col medium-6 small-12 large-6\"  >\n\t\t\t\t<div class=\"col-inner\"  >\n\t\t\t\n\t\t\t\n<p><span style=\"font-weight: 400;\">CTM Connect hi\u1ec7n nay c\u00f3 th\u1ec3 cung c\u1ea5p d\u1ecbch v\u1ee5 RSI cho t\u1ea5t c\u1ea3 c\u00e1c lo\u1ea1i s\u1ef1 ki\u1ec7n nh\u01b0 h\u1ed9i ngh\u1ecb, h\u1ecdp l\u00e0m vi\u1ec7c, ph\u1ecfng v\u1ea5n, h\u1ed9i th\u1ea3o, c\u00e1c phi\u00ean th\u1ea3o lu\u1eadn, webinar v\u00e0 th\u1ea3o lu\u1eadn nh\u00f3m t\u1eadp trung. N\u00f3i m\u1ed9t c\u00e1ch \u0111\u01a1n gi\u1ea3n, RSI l\u00e0 m\u1ed9t gi\u1ea3i ph\u00e1p th\u00f4ng minh x\u00f3a \u0111i c\u00e1ch bi\u1ec7t v\u1ec1 ng\u00f4n ng\u1eef m\u1ed9t c\u00e1ch tr\u01a1n tru nh\u1ea5t, d\u1ec5 d\u00e0ng nh\u1ea5t, s\u1eb5n s\u00e0ng cho t\u1ea5t c\u1ea3 c\u00e1c kh\u00e1ch h\u00e0ng b\u1ea5t c\u1ee9 khi n\u00e0o c\u1ea7n \u0111\u1ebfn, s\u1eed d\u1ee5ng ngay tr\u00ean c\u00e1c thi\u1ebft b\u1ecb d\u00f9ng s\u00f3ng Wifi c\u1ee7a h\u1ecd.<\/span><\/p>\n\t\t<\/div>\n\t\t\t\t\t<\/div>\n\n\t\n\n\t<div id=\"col-2087313247\" class=\"col medium-6 small-12 large-6 small-col-first\"  >\n\t\t\t\t<div class=\"col-inner\"  >\n\t\t\t\n\t\t\t\n\n  <div class=\"banner has-hover\" id=\"banner-1772350030\">\n          <div class=\"banner-inner fill\">\n        <div class=\"banner-bg fill\" >\n            <div class=\"bg fill bg-fill \"><\/div>\n                                    \n                    <\/div>\n\t\t\n        <div class=\"banner-layers container\">\n            <div class=\"fill banner-link\"><\/div>            \n   <div id=\"text-box-2018094895\" class=\"text-box banner-layer x50 md-x50 lg-x50 y50 md-y50 lg-y50 res-text\">\n                                <div class=\"text-box-content text dark\">\n              \n              <div class=\"text-inner text-center\">\n                  \n              <\/div>\n           <\/div>\n                            \n<style>\n#text-box-2018094895 {\n  width: 60%;\n}\n#text-box-2018094895 .text-box-content {\n  font-size: 100%;\n}\n@media (min-width:550px) {\n  #text-box-2018094895 {\n    width: 60%;\n  }\n}\n<\/style>\n    <\/div>\n \n        <\/div>\n      <\/div>\n\n            \n<style>\n#banner-1772350030 {\n  padding-top: 400px;\n}\n#banner-1772350030 .bg.bg-loaded {\n  background-image: url(https:\/\/ctmconnect.net\/wp-content\/uploads\/2020\/09\/Aug2020_Competency-based-Learner-Guide-course-on-Zoom_2.jpg);\n}\n#banner-1772350030 .ux-shape-divider--top svg {\n  height: 150px;\n  --divider-top-width: 100%;\n}\n#banner-1772350030 .ux-shape-divider--bottom svg {\n  height: 150px;\n  --divider-width: 100%;\n}\n<\/style>\n  <\/div>\n\n\n\t\t<\/div>\n\t\t\t\t\t<\/div>\n\n\t\n<\/div>\n\t<div id=\"gap-1955202100\" class=\"gap-element clearfix\" style=\"display:block; height:auto;\">\n\t\t\n<style>\n#gap-1955202100 {\n  padding-top: 30px;\n}\n<\/style>\n\t<\/div>\n\t\n<div class=\"row row-large align-middle nopadding\"  id=\"row-1977615030\">\n\n\t<div id=\"col-1092804886\" class=\"col medium-6 small-12 large-6\"  >\n\t\t\t\t<div class=\"col-inner\"  >\n\t\t\t\n\t\t\t\n\n  <div class=\"banner has-hover\" id=\"banner-1655055533\">\n          <div class=\"banner-inner fill\">\n        <div class=\"banner-bg fill\" >\n            <div class=\"bg fill bg-fill \"><\/div>\n                                    \n                    <\/div>\n\t\t\n        <div class=\"banner-layers container\">\n            <div class=\"fill banner-link\"><\/div>            \n   <div id=\"text-box-236592528\" class=\"text-box banner-layer x50 md-x50 lg-x50 y50 md-y50 lg-y50 res-text\">\n                                <div class=\"text-box-content text dark\">\n              \n              <div class=\"text-inner text-center\">\n                  \n              <\/div>\n           <\/div>\n                            \n<style>\n#text-box-236592528 {\n  width: 60%;\n}\n#text-box-236592528 .text-box-content {\n  font-size: 100%;\n}\n@media (min-width:550px) {\n  #text-box-236592528 {\n    width: 60%;\n  }\n}\n<\/style>\n    <\/div>\n \n        <\/div>\n      <\/div>\n\n            \n<style>\n#banner-1655055533 {\n  padding-top: 400px;\n}\n#banner-1655055533 .bg.bg-loaded {\n  background-image: url(https:\/\/ctmconnect.net\/wp-content\/uploads\/2020\/09\/IMG_20200409_161350-1.jpg);\n}\n#banner-1655055533 .ux-shape-divider--top svg {\n  height: 150px;\n  --divider-top-width: 100%;\n}\n#banner-1655055533 .ux-shape-divider--bottom svg {\n  height: 150px;\n  --divider-width: 100%;\n}\n<\/style>\n  <\/div>\n\n\n\t\t<\/div>\n\t\t\t\t\t<\/div>\n\n\t\n\n\t<div id=\"col-495739246\" class=\"col medium-6 small-12 large-6\"  >\n\t\t\t\t<div class=\"col-inner\"  >\n\t\t\t\n\t\t\t\n<p><span style=\"font-weight: 400;\">\u0110\u1ed9i ng\u0169 nh\u00e2n vi\u00ean CTM Connect ph\u1ee5 tr\u00e1ch m\u1ea3ng RSI s\u1eb5n s\u00e0ng l\u00e0m vi\u1ec7c tr\u00ean nhi\u1ec1u n\u1ec1n t\u1ea3ng tr\u1ef1c tuy\u1ebfn kh\u00e1c nhau. B\u1ea5t c\u1ee9 n\u01a1i \u0111\u00e2u b\u1ea1n c\u1ea7n, ch\u00fang t\u00f4i \u0111\u1ec1u s\u1eb5n s\u00e0ng ph\u1ee5c v\u1ee5. Hi\u1ec7n nay, h\u00e0ng ng\u00e0y ch\u00fang t\u00f4i v\u1eabn \u0111ang cung c\u1ea5p d\u1ecbch v\u1ee5 RSI tr\u00ean c\u00e1c n\u1ec1n t\u1ea3ng Interprefy, KUDOS, Zoom, Hangout, Webex, Microsoft Team, v.v&#8230; <\/span><\/p>\n\t\t<\/div>\n\t\t\t\t\t<\/div>\n\n\t\n<\/div>\n\t<div id=\"gap-1009348087\" class=\"gap-element clearfix\" style=\"display:block; height:auto;\">\n\t\t\n<style>\n#gap-1009348087 {\n  padding-top: 40px;\n}\n<\/style>\n\t<\/div>\n\t\n<div class=\"row align-center nopadding\"  id=\"row-22431484\">\n\n\t<div id=\"col-189620963\" class=\"col medium-5 small-12 large-5\"  >\n\t\t\t\t<div class=\"col-inner text-center\"  >\n\t\t\t\n\t\t\t\n<p><b>H\u00e3y g\u1eedi Y\u00eau c\u1ea7u b\u00e1o gi\u00e1<\/b><span style=\"font-weight: 400;\"> ngay b\u00e2y gi\u1edd v\u00e0 ch\u00fang t\u00f4i s\u1ebd b\u1eaft tay ngay v\u00e0o c\u00f4ng vi\u1ec7c!<\/span><\/p>\n<a href=\"\/contact-us\/get-a-quotation\/\" target=\"_self\" class=\"button primary\"  >\n    <span>Y\u00eau c\u1ea7u b\u00e1o gi\u00e1<\/span>\n  <\/a>\n\n\t\t<\/div>\n\t\t\t\t\t<\/div>\n\n\t\n<\/div>\n\t\t<\/div>\n\t\t\t\t\t<\/div>\n\n\t\n<\/div>\n\t\t<\/div>\n\n\t\t\n<style>\n#section_155903553 {\n  padding-top: 30px;\n  padding-bottom: 30px;\n}\n#section_155903553 .ux-shape-divider--top svg {\n  height: 150px;\n  --divider-top-width: 100%;\n}\n#section_155903553 .ux-shape-divider--bottom svg {\n  height: 150px;\n  --divider-width: 100%;\n}\n<\/style>\n\t<\/section>\n\t\n","protected":false},"excerpt":{"rendered":"","protected":false},"author":1,"featured_media":1441,"parent":2101,"menu_order":0,"comment_status":"closed","ping_status":"closed","template":"page-transparent-header.php","meta":{"footnotes":""},"class_list":["post-2149","page","type-page","status-publish","has-post-thumbnail","hentry"],"yoast_head":"<!-- This site is optimized with the Yoast SEO plugin v27.4 - https:\/\/yoast.com\/product\/yoast-seo-wordpress\/ -->\n<title>Phi\u00ean d\u1ecbch Song song t\u1eeb xa (RSI) chuy\u00ean nghi\u1ec7p - CTM Connect<\/title>\n<meta name=\"description\" content=\"CTM Connect hi\u1ec7n nay c\u00f3 th\u1ec3 cung c\u1ea5p d\u1ecbch v\u1ee5 RSI cho t\u1ea5t c\u1ea3 c\u00e1c lo\u1ea1i s\u1ef1 ki\u1ec7n nh\u01b0 h\u1ed9i ngh\u1ecb, h\u1ecdp l\u00e0m vi\u1ec7c, ph\u1ecfng v\u1ea5n, h\u1ed9i th\u1ea3o, c\u00e1c phi\u00ean th\u1ea3o lu\u1eadn, webinar v\u00e0 th\u1ea3o lu\u1eadn nh\u00f3m t\u1eadp trung.\" \/>\n<meta name=\"robots\" content=\"index, follow, max-snippet:-1, max-image-preview:large, max-video-preview:-1\" \/>\n<link rel=\"canonical\" href=\"https:\/\/ctmconnect.net\/vi\/bien-phien-dich\/phien-dich\/rsi-phien-dich-song-song-tu-xa\/\" \/>\n<meta name=\"twitter:card\" content=\"summary_large_image\" \/>\n<meta name=\"twitter:title\" content=\"Phi\u00ean d\u1ecbch Song song t\u1eeb xa (RSI) chuy\u00ean nghi\u1ec7p - CTM Connect\" \/>\n<meta name=\"twitter:description\" content=\"CTM Connect hi\u1ec7n nay c\u00f3 th\u1ec3 cung c\u1ea5p d\u1ecbch v\u1ee5 RSI cho t\u1ea5t c\u1ea3 c\u00e1c lo\u1ea1i s\u1ef1 ki\u1ec7n nh\u01b0 h\u1ed9i ngh\u1ecb, h\u1ecdp l\u00e0m vi\u1ec7c, ph\u1ecfng v\u1ea5n, h\u1ed9i th\u1ea3o, c\u00e1c phi\u00ean th\u1ea3o lu\u1eadn, webinar v\u00e0 th\u1ea3o lu\u1eadn nh\u00f3m t\u1eadp trung.\" \/>\n<meta name=\"twitter:image\" content=\"https:\/\/ctmconnect.net\/wp-content\/uploads\/2020\/09\/NADA9802bw-640x606-1.jpg\" \/>\n<meta name=\"twitter:label1\" content=\"Est. reading time\" \/>\n\t<meta name=\"twitter:data1\" content=\"4 minutes\" \/>\n<script type=\"application\/ld+json\" class=\"yoast-schema-graph\">{\"@context\":\"https:\\\/\\\/schema.org\",\"@graph\":[{\"@type\":\"WebPage\",\"@id\":\"https:\\\/\\\/ctmconnect.net\\\/vi\\\/bien-phien-dich\\\/phien-dich\\\/rsi-phien-dich-song-song-tu-xa\\\/\",\"url\":\"https:\\\/\\\/ctmconnect.net\\\/vi\\\/bien-phien-dich\\\/phien-dich\\\/rsi-phien-dich-song-song-tu-xa\\\/\",\"name\":\"Phi\u00ean d\u1ecbch Song song t\u1eeb xa (RSI) chuy\u00ean nghi\u1ec7p - CTM Connect\",\"isPartOf\":{\"@id\":\"https:\\\/\\\/ctmconnect.net\\\/vi\\\/#website\"},\"primaryImageOfPage\":{\"@id\":\"https:\\\/\\\/ctmconnect.net\\\/vi\\\/bien-phien-dich\\\/phien-dich\\\/rsi-phien-dich-song-song-tu-xa\\\/#primaryimage\"},\"image\":{\"@id\":\"https:\\\/\\\/ctmconnect.net\\\/vi\\\/bien-phien-dich\\\/phien-dich\\\/rsi-phien-dich-song-song-tu-xa\\\/#primaryimage\"},\"thumbnailUrl\":\"https:\\\/\\\/ctmconnect.net\\\/wp-content\\\/uploads\\\/2020\\\/09\\\/NADA9802bw-640x606-1.jpg\",\"datePublished\":\"2021-07-17T07:26:27+00:00\",\"dateModified\":\"2021-10-18T15:22:19+00:00\",\"description\":\"CTM Connect hi\u1ec7n nay c\u00f3 th\u1ec3 cung c\u1ea5p d\u1ecbch v\u1ee5 RSI cho t\u1ea5t c\u1ea3 c\u00e1c lo\u1ea1i s\u1ef1 ki\u1ec7n nh\u01b0 h\u1ed9i ngh\u1ecb, h\u1ecdp l\u00e0m vi\u1ec7c, ph\u1ecfng v\u1ea5n, h\u1ed9i th\u1ea3o, c\u00e1c phi\u00ean th\u1ea3o lu\u1eadn, webinar v\u00e0 th\u1ea3o lu\u1eadn nh\u00f3m t\u1eadp trung.\",\"breadcrumb\":{\"@id\":\"https:\\\/\\\/ctmconnect.net\\\/vi\\\/bien-phien-dich\\\/phien-dich\\\/rsi-phien-dich-song-song-tu-xa\\\/#breadcrumb\"},\"inLanguage\":\"vi-VN\",\"potentialAction\":[{\"@type\":\"ReadAction\",\"target\":[\"https:\\\/\\\/ctmconnect.net\\\/vi\\\/bien-phien-dich\\\/phien-dich\\\/rsi-phien-dich-song-song-tu-xa\\\/\"]}]},{\"@type\":\"ImageObject\",\"inLanguage\":\"vi-VN\",\"@id\":\"https:\\\/\\\/ctmconnect.net\\\/vi\\\/bien-phien-dich\\\/phien-dich\\\/rsi-phien-dich-song-song-tu-xa\\\/#primaryimage\",\"url\":\"https:\\\/\\\/ctmconnect.net\\\/wp-content\\\/uploads\\\/2020\\\/09\\\/NADA9802bw-640x606-1.jpg\",\"contentUrl\":\"https:\\\/\\\/ctmconnect.net\\\/wp-content\\\/uploads\\\/2020\\\/09\\\/NADA9802bw-640x606-1.jpg\",\"width\":640,\"height\":606},{\"@type\":\"BreadcrumbList\",\"@id\":\"https:\\\/\\\/ctmconnect.net\\\/vi\\\/bien-phien-dich\\\/phien-dich\\\/rsi-phien-dich-song-song-tu-xa\\\/#breadcrumb\",\"itemListElement\":[{\"@type\":\"ListItem\",\"position\":1,\"name\":\"Home\",\"item\":\"http:\\\/\\\/ctmconnect.net\\\/vi\\\/\"},{\"@type\":\"ListItem\",\"position\":2,\"name\":\"Bi\u00ean &#8211; Phi\u00ean d\u1ecbch\",\"item\":\"http:\\\/\\\/ctmconnect.net\\\/vi\\\/bien-phien-dich\\\/\"},{\"@type\":\"ListItem\",\"position\":3,\"name\":\"Phi\u00ean d\u1ecbch\",\"item\":\"http:\\\/\\\/ctmconnect.net\\\/vi\\\/bien-phien-dich\\\/phien-dich\\\/\"},{\"@type\":\"ListItem\",\"position\":4,\"name\":\"RSI &#8211; Phi\u00ean d\u1ecbch Song song T\u1eeb xa\"}]},{\"@type\":\"WebSite\",\"@id\":\"https:\\\/\\\/ctmconnect.net\\\/vi\\\/#website\",\"url\":\"https:\\\/\\\/ctmconnect.net\\\/vi\\\/\",\"name\":\"CTM Translation &amp; Consulting - The best Vietnamese translation company\",\"description\":\"High-quality translation\",\"publisher\":{\"@id\":\"https:\\\/\\\/ctmconnect.net\\\/vi\\\/#organization\"},\"potentialAction\":[{\"@type\":\"SearchAction\",\"target\":{\"@type\":\"EntryPoint\",\"urlTemplate\":\"https:\\\/\\\/ctmconnect.net\\\/vi\\\/?s={search_term_string}\"},\"query-input\":{\"@type\":\"PropertyValueSpecification\",\"valueRequired\":true,\"valueName\":\"search_term_string\"}}],\"inLanguage\":\"vi-VN\"},{\"@type\":\"Organization\",\"@id\":\"https:\\\/\\\/ctmconnect.net\\\/vi\\\/#organization\",\"name\":\"CTM Connect & Consulting\",\"url\":\"https:\\\/\\\/ctmconnect.net\\\/vi\\\/\",\"logo\":{\"@type\":\"ImageObject\",\"inLanguage\":\"vi-VN\",\"@id\":\"https:\\\/\\\/ctmconnect.net\\\/vi\\\/#\\\/schema\\\/logo\\\/image\\\/\",\"url\":\"https:\\\/\\\/ctmconnect.net\\\/wp-content\\\/uploads\\\/2020\\\/08\\\/logo_original.png\",\"contentUrl\":\"https:\\\/\\\/ctmconnect.net\\\/wp-content\\\/uploads\\\/2020\\\/08\\\/logo_original.png\",\"width\":200,\"height\":100,\"caption\":\"CTM Connect & Consulting\"},\"image\":{\"@id\":\"https:\\\/\\\/ctmconnect.net\\\/vi\\\/#\\\/schema\\\/logo\\\/image\\\/\"},\"sameAs\":[\"https:\\\/\\\/www.facebook.com\\\/TranslationConsulting\\\/\"]}]}<\/script>\n<!-- \/ Yoast SEO plugin. -->","yoast_head_json":{"title":"Phi\u00ean d\u1ecbch Song song t\u1eeb xa (RSI) chuy\u00ean nghi\u1ec7p - CTM Connect","description":"CTM Connect hi\u1ec7n nay c\u00f3 th\u1ec3 cung c\u1ea5p d\u1ecbch v\u1ee5 RSI cho t\u1ea5t c\u1ea3 c\u00e1c lo\u1ea1i s\u1ef1 ki\u1ec7n nh\u01b0 h\u1ed9i ngh\u1ecb, h\u1ecdp l\u00e0m vi\u1ec7c, ph\u1ecfng v\u1ea5n, h\u1ed9i th\u1ea3o, c\u00e1c phi\u00ean th\u1ea3o lu\u1eadn, webinar v\u00e0 th\u1ea3o lu\u1eadn nh\u00f3m t\u1eadp trung.","robots":{"index":"index","follow":"follow","max-snippet":"max-snippet:-1","max-image-preview":"max-image-preview:large","max-video-preview":"max-video-preview:-1"},"canonical":"https:\/\/ctmconnect.net\/vi\/bien-phien-dich\/phien-dich\/rsi-phien-dich-song-song-tu-xa\/","twitter_card":"summary_large_image","twitter_title":"Phi\u00ean d\u1ecbch Song song t\u1eeb xa (RSI) chuy\u00ean nghi\u1ec7p - CTM Connect","twitter_description":"CTM Connect hi\u1ec7n nay c\u00f3 th\u1ec3 cung c\u1ea5p d\u1ecbch v\u1ee5 RSI cho t\u1ea5t c\u1ea3 c\u00e1c lo\u1ea1i s\u1ef1 ki\u1ec7n nh\u01b0 h\u1ed9i ngh\u1ecb, h\u1ecdp l\u00e0m vi\u1ec7c, ph\u1ecfng v\u1ea5n, h\u1ed9i th\u1ea3o, c\u00e1c phi\u00ean th\u1ea3o lu\u1eadn, webinar v\u00e0 th\u1ea3o lu\u1eadn nh\u00f3m t\u1eadp trung.","twitter_image":"https:\/\/ctmconnect.net\/wp-content\/uploads\/2020\/09\/NADA9802bw-640x606-1.jpg","twitter_misc":{"Est. reading time":"4 minutes"},"schema":{"@context":"https:\/\/schema.org","@graph":[{"@type":"WebPage","@id":"https:\/\/ctmconnect.net\/vi\/bien-phien-dich\/phien-dich\/rsi-phien-dich-song-song-tu-xa\/","url":"https:\/\/ctmconnect.net\/vi\/bien-phien-dich\/phien-dich\/rsi-phien-dich-song-song-tu-xa\/","name":"Phi\u00ean d\u1ecbch Song song t\u1eeb xa (RSI) chuy\u00ean nghi\u1ec7p - CTM Connect","isPartOf":{"@id":"https:\/\/ctmconnect.net\/vi\/#website"},"primaryImageOfPage":{"@id":"https:\/\/ctmconnect.net\/vi\/bien-phien-dich\/phien-dich\/rsi-phien-dich-song-song-tu-xa\/#primaryimage"},"image":{"@id":"https:\/\/ctmconnect.net\/vi\/bien-phien-dich\/phien-dich\/rsi-phien-dich-song-song-tu-xa\/#primaryimage"},"thumbnailUrl":"https:\/\/ctmconnect.net\/wp-content\/uploads\/2020\/09\/NADA9802bw-640x606-1.jpg","datePublished":"2021-07-17T07:26:27+00:00","dateModified":"2021-10-18T15:22:19+00:00","description":"CTM Connect hi\u1ec7n nay c\u00f3 th\u1ec3 cung c\u1ea5p d\u1ecbch v\u1ee5 RSI cho t\u1ea5t c\u1ea3 c\u00e1c lo\u1ea1i s\u1ef1 ki\u1ec7n nh\u01b0 h\u1ed9i ngh\u1ecb, h\u1ecdp l\u00e0m vi\u1ec7c, ph\u1ecfng v\u1ea5n, h\u1ed9i th\u1ea3o, c\u00e1c phi\u00ean th\u1ea3o lu\u1eadn, webinar v\u00e0 th\u1ea3o lu\u1eadn nh\u00f3m t\u1eadp trung.","breadcrumb":{"@id":"https:\/\/ctmconnect.net\/vi\/bien-phien-dich\/phien-dich\/rsi-phien-dich-song-song-tu-xa\/#breadcrumb"},"inLanguage":"vi-VN","potentialAction":[{"@type":"ReadAction","target":["https:\/\/ctmconnect.net\/vi\/bien-phien-dich\/phien-dich\/rsi-phien-dich-song-song-tu-xa\/"]}]},{"@type":"ImageObject","inLanguage":"vi-VN","@id":"https:\/\/ctmconnect.net\/vi\/bien-phien-dich\/phien-dich\/rsi-phien-dich-song-song-tu-xa\/#primaryimage","url":"https:\/\/ctmconnect.net\/wp-content\/uploads\/2020\/09\/NADA9802bw-640x606-1.jpg","contentUrl":"https:\/\/ctmconnect.net\/wp-content\/uploads\/2020\/09\/NADA9802bw-640x606-1.jpg","width":640,"height":606},{"@type":"BreadcrumbList","@id":"https:\/\/ctmconnect.net\/vi\/bien-phien-dich\/phien-dich\/rsi-phien-dich-song-song-tu-xa\/#breadcrumb","itemListElement":[{"@type":"ListItem","position":1,"name":"Home","item":"https:\/\/ctmconnect.net\/vi\/"},{"@type":"ListItem","position":2,"name":"Bi\u00ean &#8211; Phi\u00ean d\u1ecbch","item":"https:\/\/ctmconnect.net\/vi\/bien-phien-dich\/"},{"@type":"ListItem","position":3,"name":"Phi\u00ean d\u1ecbch","item":"https:\/\/ctmconnect.net\/vi\/bien-phien-dich\/phien-dich\/"},{"@type":"ListItem","position":4,"name":"RSI &#8211; Phi\u00ean d\u1ecbch Song song T\u1eeb xa"}]},{"@type":"WebSite","@id":"https:\/\/ctmconnect.net\/vi\/#website","url":"https:\/\/ctmconnect.net\/vi\/","name":"CTM Translation &amp; Consulting - The best Vietnamese translation company","description":"High-quality translation","publisher":{"@id":"https:\/\/ctmconnect.net\/vi\/#organization"},"potentialAction":[{"@type":"SearchAction","target":{"@type":"EntryPoint","urlTemplate":"https:\/\/ctmconnect.net\/vi\/?s={search_term_string}"},"query-input":{"@type":"PropertyValueSpecification","valueRequired":true,"valueName":"search_term_string"}}],"inLanguage":"vi-VN"},{"@type":"Organization","@id":"https:\/\/ctmconnect.net\/vi\/#organization","name":"CTM Connect & Consulting","url":"https:\/\/ctmconnect.net\/vi\/","logo":{"@type":"ImageObject","inLanguage":"vi-VN","@id":"https:\/\/ctmconnect.net\/vi\/#\/schema\/logo\/image\/","url":"https:\/\/ctmconnect.net\/wp-content\/uploads\/2020\/08\/logo_original.png","contentUrl":"https:\/\/ctmconnect.net\/wp-content\/uploads\/2020\/08\/logo_original.png","width":200,"height":100,"caption":"CTM Connect & Consulting"},"image":{"@id":"https:\/\/ctmconnect.net\/vi\/#\/schema\/logo\/image\/"},"sameAs":["https:\/\/www.facebook.com\/TranslationConsulting\/"]}]}},"_links":{"self":[{"href":"https:\/\/ctmconnect.net\/vi\/wp-json\/wp\/v2\/pages\/2149","targetHints":{"allow":["GET"]}}],"collection":[{"href":"https:\/\/ctmconnect.net\/vi\/wp-json\/wp\/v2\/pages"}],"about":[{"href":"https:\/\/ctmconnect.net\/vi\/wp-json\/wp\/v2\/types\/page"}],"author":[{"embeddable":true,"href":"https:\/\/ctmconnect.net\/vi\/wp-json\/wp\/v2\/users\/1"}],"replies":[{"embeddable":true,"href":"https:\/\/ctmconnect.net\/vi\/wp-json\/wp\/v2\/comments?post=2149"}],"version-history":[{"count":9,"href":"https:\/\/ctmconnect.net\/vi\/wp-json\/wp\/v2\/pages\/2149\/revisions"}],"predecessor-version":[{"id":2707,"href":"https:\/\/ctmconnect.net\/vi\/wp-json\/wp\/v2\/pages\/2149\/revisions\/2707"}],"up":[{"embeddable":true,"href":"https:\/\/ctmconnect.net\/vi\/wp-json\/wp\/v2\/pages\/2101"}],"wp:featuredmedia":[{"embeddable":true,"href":"https:\/\/ctmconnect.net\/vi\/wp-json\/wp\/v2\/media\/1441"}],"wp:attachment":[{"href":"https:\/\/ctmconnect.net\/vi\/wp-json\/wp\/v2\/media?parent=2149"}],"curies":[{"name":"wp","href":"https:\/\/api.w.org\/{rel}","templated":true}]}}