{"id":2177,"date":"2021-07-17T07:27:37","date_gmt":"2021-07-17T07:27:37","guid":{"rendered":"https:\/\/ctmconnect.net\/linh-vuc-khach-hang\/khach-hang\/"},"modified":"2024-03-04T17:28:51","modified_gmt":"2024-03-04T10:28:51","slug":"khach-hang","status":"publish","type":"page","link":"https:\/\/ctmconnect.net\/vi\/linh-vuc-khach-hang\/khach-hang\/","title":{"rendered":"Kh\u00e1ch h\u00e0ng"},"content":{"rendered":"\t<section class=\"section\" id=\"section_1347066165\">\n\t\t<div class=\"bg section-bg fill bg-fill  bg-loaded\" >\n\n\t\t\t\n\t\t\t\n\t\t\t\n\n\t\t<\/div>\n\n\t\t\n\n\t\t<div class=\"section-content relative\">\n\t\t\t\n\n  <div class=\"banner has-hover\" id=\"banner-2095547028\">\n          <div class=\"banner-inner fill\">\n        <div class=\"banner-bg fill\" >\n            <div class=\"bg fill bg-fill \"><\/div>\n                        <div class=\"overlay\"><\/div>            \n                    <\/div>\n\t\t\n        <div class=\"banner-layers container\">\n            <div class=\"fill banner-link\"><\/div>            \n   <div id=\"text-box-1715718589\" class=\"text-box banner-layer x50 md-x50 lg-x50 y50 md-y50 lg-y50 res-text\">\n                                <div class=\"text-box-content text dark\">\n              \n              <div class=\"text-inner text-center\">\n                  \n<h3 class=\"uppercase\">Kh\u00e1ch h\u00e0ng<\/h3>\n              <\/div>\n           <\/div>\n                            \n<style>\n#text-box-1715718589 {\n  width: 60%;\n}\n#text-box-1715718589 .text-box-content {\n  font-size: 100%;\n}\n<\/style>\n    <\/div>\n \n        <\/div>\n      <\/div>\n\n            \n<style>\n#banner-2095547028 {\n  padding-top: 300px;\n}\n#banner-2095547028 .bg.bg-loaded {\n  background-image: url(https:\/\/ctmconnect.net\/wp-content\/uploads\/2020\/10\/abstract-office-desktop-1024x683.jpg);\n}\n#banner-2095547028 .overlay {\n  background-color: rgba(0, 0, 0, 0.2);\n}\n#banner-2095547028 .ux-shape-divider--top svg {\n  height: 150px;\n  --divider-top-width: 100%;\n}\n#banner-2095547028 .ux-shape-divider--bottom svg {\n  height: 150px;\n  --divider-width: 100%;\n}\n<\/style>\n  <\/div>\n\n\n\t\t<\/div>\n\n\t\t\n<style>\n#section_1347066165 {\n  padding-top: 0px;\n  padding-bottom: 0px;\n}\n#section_1347066165 .ux-shape-divider--top svg {\n  height: 150px;\n  --divider-top-width: 100%;\n}\n#section_1347066165 .ux-shape-divider--bottom svg {\n  height: 150px;\n  --divider-width: 100%;\n}\n<\/style>\n\t<\/section>\n\t\n\t<div id=\"gap-933544702\" class=\"gap-element clearfix\" style=\"display:block; height:auto;\">\n\t\t\n<style>\n#gap-933544702 {\n  padding-top: 30px;\n}\n<\/style>\n\t<\/div>\n\t\n\t<section class=\"section\" id=\"section_1784845110\">\n\t\t<div class=\"bg section-bg fill bg-fill  \" >\n\n\t\t\t\n\t\t\t<div class=\"section-bg-overlay absolute fill\"><\/div>\n\t\t\t\n\n\t\t<\/div>\n\n\t\t\n\n\t\t<div class=\"section-content relative\">\n\t\t\t\n<div class=\"row align-middle list-our-clients\"  id=\"row-702389706\">\n\n\t<div id=\"col-399351139\" class=\"col medium-6 small-12 large-6\"  >\n\t\t\t\t<div class=\"col-inner\"  >\n\t\t\t\n\t\t\t\n\t<div class=\"img has-hover x md-x lg-x y md-y lg-y\" id=\"image_2144587595\">\n\t\t\t\t\t\t\t\t<div class=\"img-inner dark\" >\n\t\t\t<img loading=\"lazy\" decoding=\"async\" width=\"1020\" height=\"922\" src=\"https:\/\/ctmconnect.net\/wp-content\/uploads\/2021\/07\/VN-CTM-Customers-1024x926.png\" class=\"attachment-large size-large\" alt=\"\" srcset=\"https:\/\/ctmconnect.net\/wp-content\/uploads\/2021\/07\/VN-CTM-Customers-1024x926.png 1024w, https:\/\/ctmconnect.net\/wp-content\/uploads\/2021\/07\/VN-CTM-Customers-300x271.png 300w, https:\/\/ctmconnect.net\/wp-content\/uploads\/2021\/07\/VN-CTM-Customers-768x695.png 768w, https:\/\/ctmconnect.net\/wp-content\/uploads\/2021\/07\/VN-CTM-Customers-1536x1389.png 1536w, https:\/\/ctmconnect.net\/wp-content\/uploads\/2021\/07\/VN-CTM-Customers.png 1824w\" sizes=\"auto, (max-width: 1020px) 100vw, 1020px\" \/>\t\t\t\t\t\t\n\t\t\t\t\t<\/div>\n\t\t\t\t\t\t\t\t\n<style>\n#image_2144587595 {\n  width: 100%;\n}\n<\/style>\n\t<\/div>\n\t\n\t\t<\/div>\n\t\t\t\t\t<\/div>\n\n\t\n\n\t<div id=\"col-1084103171\" class=\"col medium-6 small-12 large-6\"  >\n\t\t\t\t<div class=\"col-inner\"  >\n\t\t\t\n\t\t\t\n<ul class=\"list-blue\">\n<li>Ng\u00e2n h\u00e0ng Th\u1ebf gi\u1edbi, Ng\u00e2n h\u00e0ng Ph\u00e1t tri\u1ec3n Ch\u00e2u \u00c1 (ADB), T\u1ed5 ch\u1ee9c T\u00e0i ch\u00ednh Qu\u1ed1c t\u1ebf (IFC), T\u1ed5 ch\u1ee9c Di c\u01b0 Qu\u1ed1c t\u1ebf (IOM), Qu\u1ef9 D\u00e2n s\u1ed1 Li\u00ean H\u1ee3p Qu\u1ed1c (UNFPA), T\u1ed5 ch\u1ee9c N\u00f4ng L\u01b0\u01a1ng LHQ (FAO), T\u1ed5 ch\u1ee9c Lao \u0111\u1ed9ng Qu\u1ed1c t\u1ebf (ILO), Qu\u1ef9 Nhi \u0111\u1ed3ng LHQ (UNICEF)<\/li>\n<li>Ph\u00f2ng Th\u01b0\u01a1ng m\u1ea1i v\u00e0 C\u00f4ng nghi\u1ec7p Vi\u1ec7t Nam (VCCI), H\u1ed9i N\u1eef Doanh Nh\u00e2n TP.HCM (HAWEE), Trung t\u00e2m Nghi\u00ean c\u1ee9u kinh doanh v\u00e0 H\u1ed7 tr\u1ee3 Doanh nghi\u1ec7p (BSA), CLB c\u00e1c Doanh nghi\u1ec7p D\u1eabn \u0111\u1ea7u (LBC), Vi\u1ec7n Tr\u00ed Vi\u1ec7t, Hi\u1ec7p h\u1ed9i Th\u01b0\u01a1ng m\u1ea1i Hoa K\u1ef3 t\u1ea1i Vi\u1ec7t Nam (AmCham), Hi\u1ec7p h\u1ed9i Doanh nghi\u1ec7p ch\u00e2u \u00c2u t\u1ea1i Vi\u1ec7t Nam (EuroCham), H\u1ed9i \u0111\u1ed3ng Anh, H\u1ecdc b\u1ed5ng Ch\u00ednh ph\u1ee7 \u00dac<\/li>\n<li>D\u1ef1 \u00e1n ph\u00e1t tri\u1ec3n: D\u1ef1 \u00e1n K\u1ef9 n\u0103ng Ngh\u1ec1 nghi\u1ec7p Vi\u1ec7t Nam (VSEP), Li\u00ean minh T\u1ea1o thu\u1eadn l\u1ee3i Th\u01b0\u01a1ng m\u1ea1i Vi\u1ec7t Nam (VTFA), Li\u00ean minh T\u1ea1o thu\u1eadn l\u1ee3i th\u01b0\u01a1ng m\u1ea1i to\u00e0n c\u1ea7u (GTFA)<\/li>\n<li>B\u1ed9 N\u00f4ng nghi\u1ec7p v\u00e0 Ph\u00e1t tri\u1ec3n n\u00f4ng th\u00f4n, T\u1ed5ng C\u00f4ng ty B\u1ea3o hi\u1ec3m Qu\u00e2n \u0111\u1ed9i, B\u1ed9 Khoa h\u1ecdc v\u00e0 C\u00f4ng ngh\u1ec7, B\u1ed9 K\u1ebf ho\u1ea1ch v\u00e0 \u0110\u1ea7u t\u01b0, B\u1ed9 T\u00e0i nguy\u00ean v\u00e0 M\u00f4i tr\u01b0\u1eddng, B\u1ed9 Gi\u00e1o d\u1ee5c &amp; \u0110\u00e0o t\u1ea1o, B\u1ed9 C\u00f4ng an, B\u1ed9 Y t\u1ebf, H\u1ea3i Quan Vi\u1ec7t Nam, Trung T\u00e2m X\u00fac Ti\u1ebfn Th\u01b0\u01a1ng M\u1ea1i V\u00e0 \u0110\u1ea7u T\u01b0 TPHCM, S\u1edf K\u1ebf ho\u1ea1ch v\u00e0 \u0110\u1ea7u t\u01b0 t\u1ec9nh B\u1ebfn Tre, D\u1ef1 \u00e1n Ph\u00e1t tri\u1ec3n Doanh nghi\u1ec7p Nh\u1ecf v\u00e0 V\u1eeba (SME) \u1edf S\u00f3c Tr\u0103ng<\/li>\n<li>C\u01a1 quan Ph\u00e1t tri\u1ec3n Qu\u1ed1c t\u1ebf M\u1ef9 (USAID), H\u1ea3i quan Hoa K\u1ef3, C\u01a1 quan Th\u01b0\u01a1ng m\u1ea1i v\u00e0 Ph\u00e1t tri\u1ec3n Hoa K\u1ef3 (USTDA), C\u01a1 quan ph\u00e1t tri\u1ec3n qu\u1ed1c t\u1ebf \u0110an M\u1ea1ch, C\u01a1 quan H\u1ee3p t\u00e1c Qu\u1ed1c t\u1ebf Nh\u1eadt B\u1ea3n (JICA), C\u01a1 quan ph\u00e1t tri\u1ec3n qu\u1ed1c t\u1ebf Canada (CIDA), Trung t\u00e2m Nghi\u00ean c\u1ee9u N\u00f4ng nghi\u1ec7p Qu\u1ed1c t\u1ebf Australia (ACIAR), C\u01a1 Quan Th\u01b0\u01a1ng M\u1ea1i v\u00e0 \u0110\u1ea7u T\u01b0 Ch\u00ednh Ph\u1ee7 Australia t\u1ea1i Vi\u1ec7t Nam (AusTrade), T\u1ed5 ch\u1ee9c H\u1ee3p t\u00e1c Qu\u1ed1c t\u1ebf CHLB \u0110\u1ee9c (GIZ), \u0110\u1ea1i s\u1ee9 qu\u00e1n v\u00e0 L\u00e3nh s\u1ef1 qu\u00e1n Hoa K\u1ef3, \u0110\u1ea1i s\u1ee9 qu\u00e1n t\u1ea1i Vi\u1ec7t Nam c\u1ee7a c\u00e1c n\u01b0\u1edbc \u0110an M\u1ea1ch, Ph\u1ea7n Lan, H\u00e0 Lan, Th\u1ee5y S\u0129, v.v.<\/li>\n<li>Deloitte, KPMG Vi\u1ec7t Nam, Mekong Capital, L\u00ea &amp; Li\u00ean Danh, LoBue, Capra International<\/li>\n<li>C\u00f4ng ty T\u00e0i ch\u00ednh PPF Vi\u1ec7t Nam, PwC, Ng\u00e2n h\u00e0ng TMCP Ph\u01b0\u01a1ng \u0110\u00f4ng OCB, Ng\u00e2n h\u00e0ng B\u01b0u \u0111i\u1ec7n Li\u00ean Vi\u1ec7t (LienVietPost Bank), Ng\u00e2n h\u00e0ng TMCP K\u1ef9 th\u01b0\u01a1ng Vi\u1ec7t Nam (Techcombank), Ng\u00e2n h\u00e0ng Qu\u00e2n \u0111\u1ed9i (MB Bank), C\u00f4ng ty C\u1ed5 ph\u1ea7n Ch\u1ee9ng kho\u00e1n SSI<\/li>\n<li>T\u1ed5ng C\u00f4ng ty \u0110\u1ea7u t\u01b0 v\u00e0 Ph\u00e1t tri\u1ec3n C\u00f4ng nghi\u1ec7p (Becamex IDC Corp), Forbes Vietnam, Tetra Pak, Siemens Gamesa, Matterhorn Communications Biz Tequila, Focus Media, Brainwork, Bosch Vi\u1ec7t Nam, IBM Vi\u1ec7t Nam, MSD, Good Pharma, iNova\/Valeant, Bayer, Zuellig Pharma etc.<\/li>\n<\/ul>\n\t\t<\/div>\n\t\t\t\t\t<\/div>\n\n\t\n<\/div>\n\t\t<\/div>\n\n\t\t\n<style>\n#section_1784845110 {\n  padding-top: 30px;\n  padding-bottom: 30px;\n}\n#section_1784845110 .section-bg-overlay {\n  background-color: rgba(255,255,255,.5);\n}\n#section_1784845110 .section-bg.bg-loaded {\n  background-image: url(https:\/\/ctmconnect.net\/wp-content\/uploads\/2020\/10\/maps_global.jpg);\n}\n#section_1784845110 .ux-shape-divider--top svg {\n  height: 150px;\n  --divider-top-width: 100%;\n}\n#section_1784845110 .ux-shape-divider--bottom svg {\n  height: 150px;\n  --divider-width: 100%;\n}\n<\/style>\n\t<\/section>\n\t\n","protected":false},"excerpt":{"rendered":"","protected":false},"author":1,"featured_media":1378,"parent":2145,"menu_order":0,"comment_status":"closed","ping_status":"closed","template":"page-transparent-header.php","meta":{"footnotes":""},"class_list":["post-2177","page","type-page","status-publish","has-post-thumbnail","hentry"],"yoast_head":"<!-- This site is optimized with the Yoast SEO plugin v27.3 - https:\/\/yoast.com\/product\/yoast-seo-wordpress\/ -->\n<title>Kh\u00e1ch h\u00e0ng - CTM Translation &amp; Consulting - The best Vietnamese translation company<\/title>\n<meta name=\"robots\" content=\"index, follow, max-snippet:-1, max-image-preview:large, max-video-preview:-1\" \/>\n<link rel=\"canonical\" href=\"https:\/\/ctmconnect.net\/vi\/linh-vuc-khach-hang\/khach-hang\/\" \/>\n<meta name=\"twitter:card\" content=\"summary_large_image\" \/>\n<meta name=\"twitter:title\" content=\"Kh\u00e1ch h\u00e0ng - CTM Translation &amp; Consulting - The best Vietnamese translation company\" \/>\n<meta name=\"twitter:image\" content=\"https:\/\/ctmconnect.net\/wp-content\/uploads\/2020\/06\/b3.jpg\" \/>\n<meta name=\"twitter:label1\" content=\"Est. reading time\" \/>\n\t<meta name=\"twitter:data1\" content=\"3 minutes\" \/>\n<script type=\"application\/ld+json\" class=\"yoast-schema-graph\">{\"@context\":\"https:\\\/\\\/schema.org\",\"@graph\":[{\"@type\":\"WebPage\",\"@id\":\"https:\\\/\\\/ctmconnect.net\\\/vi\\\/linh-vuc-khach-hang\\\/khach-hang\\\/\",\"url\":\"https:\\\/\\\/ctmconnect.net\\\/vi\\\/linh-vuc-khach-hang\\\/khach-hang\\\/\",\"name\":\"Kh\u00e1ch h\u00e0ng - CTM Translation &amp; Consulting - The best Vietnamese translation company\",\"isPartOf\":{\"@id\":\"https:\\\/\\\/ctmconnect.net\\\/vi\\\/#website\"},\"primaryImageOfPage\":{\"@id\":\"https:\\\/\\\/ctmconnect.net\\\/vi\\\/linh-vuc-khach-hang\\\/khach-hang\\\/#primaryimage\"},\"image\":{\"@id\":\"https:\\\/\\\/ctmconnect.net\\\/vi\\\/linh-vuc-khach-hang\\\/khach-hang\\\/#primaryimage\"},\"thumbnailUrl\":\"https:\\\/\\\/ctmconnect.net\\\/wp-content\\\/uploads\\\/2020\\\/06\\\/b3.jpg\",\"datePublished\":\"2021-07-17T07:27:37+00:00\",\"dateModified\":\"2024-03-04T10:28:51+00:00\",\"breadcrumb\":{\"@id\":\"https:\\\/\\\/ctmconnect.net\\\/vi\\\/linh-vuc-khach-hang\\\/khach-hang\\\/#breadcrumb\"},\"inLanguage\":\"vi-VN\",\"potentialAction\":[{\"@type\":\"ReadAction\",\"target\":[\"https:\\\/\\\/ctmconnect.net\\\/vi\\\/linh-vuc-khach-hang\\\/khach-hang\\\/\"]}]},{\"@type\":\"ImageObject\",\"inLanguage\":\"vi-VN\",\"@id\":\"https:\\\/\\\/ctmconnect.net\\\/vi\\\/linh-vuc-khach-hang\\\/khach-hang\\\/#primaryimage\",\"url\":\"https:\\\/\\\/ctmconnect.net\\\/wp-content\\\/uploads\\\/2020\\\/06\\\/b3.jpg\",\"contentUrl\":\"https:\\\/\\\/ctmconnect.net\\\/wp-content\\\/uploads\\\/2020\\\/06\\\/b3.jpg\",\"width\":600,\"height\":399},{\"@type\":\"BreadcrumbList\",\"@id\":\"https:\\\/\\\/ctmconnect.net\\\/vi\\\/linh-vuc-khach-hang\\\/khach-hang\\\/#breadcrumb\",\"itemListElement\":[{\"@type\":\"ListItem\",\"position\":1,\"name\":\"Home\",\"item\":\"http:\\\/\\\/ctmconnect.net\\\/vi\\\/\"},{\"@type\":\"ListItem\",\"position\":2,\"name\":\"L\u0129nh v\u1ef1c &#038; Kh\u00e1ch h\u00e0ng\",\"item\":\"http:\\\/\\\/ctmconnect.net\\\/vi\\\/linh-vuc-khach-hang\\\/\"},{\"@type\":\"ListItem\",\"position\":3,\"name\":\"Kh\u00e1ch h\u00e0ng\"}]},{\"@type\":\"WebSite\",\"@id\":\"https:\\\/\\\/ctmconnect.net\\\/vi\\\/#website\",\"url\":\"https:\\\/\\\/ctmconnect.net\\\/vi\\\/\",\"name\":\"CTM Translation &amp; Consulting - The best Vietnamese translation company\",\"description\":\"High-quality translation\",\"publisher\":{\"@id\":\"https:\\\/\\\/ctmconnect.net\\\/vi\\\/#organization\"},\"potentialAction\":[{\"@type\":\"SearchAction\",\"target\":{\"@type\":\"EntryPoint\",\"urlTemplate\":\"https:\\\/\\\/ctmconnect.net\\\/vi\\\/?s={search_term_string}\"},\"query-input\":{\"@type\":\"PropertyValueSpecification\",\"valueRequired\":true,\"valueName\":\"search_term_string\"}}],\"inLanguage\":\"vi-VN\"},{\"@type\":\"Organization\",\"@id\":\"https:\\\/\\\/ctmconnect.net\\\/vi\\\/#organization\",\"name\":\"CTM Connect & Consulting\",\"url\":\"https:\\\/\\\/ctmconnect.net\\\/vi\\\/\",\"logo\":{\"@type\":\"ImageObject\",\"inLanguage\":\"vi-VN\",\"@id\":\"https:\\\/\\\/ctmconnect.net\\\/vi\\\/#\\\/schema\\\/logo\\\/image\\\/\",\"url\":\"https:\\\/\\\/ctmconnect.net\\\/wp-content\\\/uploads\\\/2020\\\/08\\\/logo_original.png\",\"contentUrl\":\"https:\\\/\\\/ctmconnect.net\\\/wp-content\\\/uploads\\\/2020\\\/08\\\/logo_original.png\",\"width\":200,\"height\":100,\"caption\":\"CTM Connect & Consulting\"},\"image\":{\"@id\":\"https:\\\/\\\/ctmconnect.net\\\/vi\\\/#\\\/schema\\\/logo\\\/image\\\/\"},\"sameAs\":[\"https:\\\/\\\/www.facebook.com\\\/TranslationConsulting\\\/\"]}]}<\/script>\n<!-- \/ Yoast SEO plugin. -->","yoast_head_json":{"title":"Kh\u00e1ch h\u00e0ng - CTM Translation &amp; Consulting - The best Vietnamese translation company","robots":{"index":"index","follow":"follow","max-snippet":"max-snippet:-1","max-image-preview":"max-image-preview:large","max-video-preview":"max-video-preview:-1"},"canonical":"https:\/\/ctmconnect.net\/vi\/linh-vuc-khach-hang\/khach-hang\/","twitter_card":"summary_large_image","twitter_title":"Kh\u00e1ch h\u00e0ng - CTM Translation &amp; Consulting - The best Vietnamese translation company","twitter_image":"https:\/\/ctmconnect.net\/wp-content\/uploads\/2020\/06\/b3.jpg","twitter_misc":{"Est. reading time":"3 minutes"},"schema":{"@context":"https:\/\/schema.org","@graph":[{"@type":"WebPage","@id":"https:\/\/ctmconnect.net\/vi\/linh-vuc-khach-hang\/khach-hang\/","url":"https:\/\/ctmconnect.net\/vi\/linh-vuc-khach-hang\/khach-hang\/","name":"Kh\u00e1ch h\u00e0ng - CTM Translation &amp; Consulting - The best Vietnamese translation company","isPartOf":{"@id":"https:\/\/ctmconnect.net\/vi\/#website"},"primaryImageOfPage":{"@id":"https:\/\/ctmconnect.net\/vi\/linh-vuc-khach-hang\/khach-hang\/#primaryimage"},"image":{"@id":"https:\/\/ctmconnect.net\/vi\/linh-vuc-khach-hang\/khach-hang\/#primaryimage"},"thumbnailUrl":"https:\/\/ctmconnect.net\/wp-content\/uploads\/2020\/06\/b3.jpg","datePublished":"2021-07-17T07:27:37+00:00","dateModified":"2024-03-04T10:28:51+00:00","breadcrumb":{"@id":"https:\/\/ctmconnect.net\/vi\/linh-vuc-khach-hang\/khach-hang\/#breadcrumb"},"inLanguage":"vi-VN","potentialAction":[{"@type":"ReadAction","target":["https:\/\/ctmconnect.net\/vi\/linh-vuc-khach-hang\/khach-hang\/"]}]},{"@type":"ImageObject","inLanguage":"vi-VN","@id":"https:\/\/ctmconnect.net\/vi\/linh-vuc-khach-hang\/khach-hang\/#primaryimage","url":"https:\/\/ctmconnect.net\/wp-content\/uploads\/2020\/06\/b3.jpg","contentUrl":"https:\/\/ctmconnect.net\/wp-content\/uploads\/2020\/06\/b3.jpg","width":600,"height":399},{"@type":"BreadcrumbList","@id":"https:\/\/ctmconnect.net\/vi\/linh-vuc-khach-hang\/khach-hang\/#breadcrumb","itemListElement":[{"@type":"ListItem","position":1,"name":"Home","item":"https:\/\/ctmconnect.net\/vi\/"},{"@type":"ListItem","position":2,"name":"L\u0129nh v\u1ef1c &#038; Kh\u00e1ch h\u00e0ng","item":"https:\/\/ctmconnect.net\/vi\/linh-vuc-khach-hang\/"},{"@type":"ListItem","position":3,"name":"Kh\u00e1ch h\u00e0ng"}]},{"@type":"WebSite","@id":"https:\/\/ctmconnect.net\/vi\/#website","url":"https:\/\/ctmconnect.net\/vi\/","name":"CTM Translation &amp; Consulting - The best Vietnamese translation company","description":"High-quality translation","publisher":{"@id":"https:\/\/ctmconnect.net\/vi\/#organization"},"potentialAction":[{"@type":"SearchAction","target":{"@type":"EntryPoint","urlTemplate":"https:\/\/ctmconnect.net\/vi\/?s={search_term_string}"},"query-input":{"@type":"PropertyValueSpecification","valueRequired":true,"valueName":"search_term_string"}}],"inLanguage":"vi-VN"},{"@type":"Organization","@id":"https:\/\/ctmconnect.net\/vi\/#organization","name":"CTM Connect & Consulting","url":"https:\/\/ctmconnect.net\/vi\/","logo":{"@type":"ImageObject","inLanguage":"vi-VN","@id":"https:\/\/ctmconnect.net\/vi\/#\/schema\/logo\/image\/","url":"https:\/\/ctmconnect.net\/wp-content\/uploads\/2020\/08\/logo_original.png","contentUrl":"https:\/\/ctmconnect.net\/wp-content\/uploads\/2020\/08\/logo_original.png","width":200,"height":100,"caption":"CTM Connect & Consulting"},"image":{"@id":"https:\/\/ctmconnect.net\/vi\/#\/schema\/logo\/image\/"},"sameAs":["https:\/\/www.facebook.com\/TranslationConsulting\/"]}]}},"_links":{"self":[{"href":"https:\/\/ctmconnect.net\/vi\/wp-json\/wp\/v2\/pages\/2177","targetHints":{"allow":["GET"]}}],"collection":[{"href":"https:\/\/ctmconnect.net\/vi\/wp-json\/wp\/v2\/pages"}],"about":[{"href":"https:\/\/ctmconnect.net\/vi\/wp-json\/wp\/v2\/types\/page"}],"author":[{"embeddable":true,"href":"https:\/\/ctmconnect.net\/vi\/wp-json\/wp\/v2\/users\/1"}],"replies":[{"embeddable":true,"href":"https:\/\/ctmconnect.net\/vi\/wp-json\/wp\/v2\/comments?post=2177"}],"version-history":[{"count":7,"href":"https:\/\/ctmconnect.net\/vi\/wp-json\/wp\/v2\/pages\/2177\/revisions"}],"predecessor-version":[{"id":3066,"href":"https:\/\/ctmconnect.net\/vi\/wp-json\/wp\/v2\/pages\/2177\/revisions\/3066"}],"up":[{"embeddable":true,"href":"https:\/\/ctmconnect.net\/vi\/wp-json\/wp\/v2\/pages\/2145"}],"wp:featuredmedia":[{"embeddable":true,"href":"https:\/\/ctmconnect.net\/vi\/wp-json\/wp\/v2\/media\/1378"}],"wp:attachment":[{"href":"https:\/\/ctmconnect.net\/vi\/wp-json\/wp\/v2\/media?parent=2177"}],"curies":[{"name":"wp","href":"https:\/\/api.w.org\/{rel}","templated":true}]}}