{"id":2220,"date":"2021-07-17T07:34:24","date_gmt":"2021-07-17T07:34:24","guid":{"rendered":"https:\/\/ctmconnect.net\/linh-vuc-khach-hang\/testimonials\/"},"modified":"2021-07-17T08:06:36","modified_gmt":"2021-07-17T08:06:36","slug":"danh-gia-cua-khach-hang","status":"publish","type":"page","link":"https:\/\/ctmconnect.net\/vi\/linh-vuc-khach-hang\/danh-gia-cua-khach-hang\/","title":{"rendered":"\u0110\u00e1nh gi\u00e1 c\u1ee7a kh\u00e1ch h\u00e0ng"},"content":{"rendered":"\t<section class=\"section\" id=\"section_1605304561\">\n\t\t<div class=\"bg section-bg fill bg-fill  bg-loaded\" >\n\n\t\t\t\n\t\t\t\n\t\t\t\n\n\t\t<\/div>\n\n\t\t\n\n\t\t<div class=\"section-content relative\">\n\t\t\t\n\n  <div class=\"banner has-hover\" id=\"banner-1638081361\">\n          <div class=\"banner-inner fill\">\n        <div class=\"banner-bg fill\" >\n            <div class=\"bg fill bg-fill \"><\/div>\n                        <div class=\"overlay\"><\/div>            \n                    <\/div>\n\t\t\n        <div class=\"banner-layers container\">\n            <div class=\"fill banner-link\"><\/div>            \n   <div id=\"text-box-263216787\" class=\"text-box banner-layer x50 md-x50 lg-x50 y50 md-y50 lg-y50 res-text\">\n                                <div class=\"text-box-content text dark\">\n              \n              <div class=\"text-inner text-center\">\n                  \n<h3 class=\"uppercase\">Testimonials<\/h3>\n              <\/div>\n           <\/div>\n                            \n<style>\n#text-box-263216787 {\n  width: 60%;\n}\n#text-box-263216787 .text-box-content {\n  font-size: 100%;\n}\n<\/style>\n    <\/div>\n \n        <\/div>\n      <\/div>\n\n            \n<style>\n#banner-1638081361 {\n  padding-top: 300px;\n}\n#banner-1638081361 .bg.bg-loaded {\n  background-image: url(https:\/\/ctmconnect.net\/wp-content\/uploads\/2020\/10\/abstract-office-desktop-1024x683.jpg);\n}\n#banner-1638081361 .overlay {\n  background-color: rgba(0, 0, 0, 0.2);\n}\n#banner-1638081361 .bg {\n  background-position: 4% 51%;\n}\n#banner-1638081361 .ux-shape-divider--top svg {\n  height: 150px;\n  --divider-top-width: 100%;\n}\n#banner-1638081361 .ux-shape-divider--bottom svg {\n  height: 150px;\n  --divider-width: 100%;\n}\n<\/style>\n  <\/div>\n\n\n\t\t<\/div>\n\n\t\t\n<style>\n#section_1605304561 {\n  padding-top: 0px;\n  padding-bottom: 0px;\n}\n#section_1605304561 .ux-shape-divider--top svg {\n  height: 150px;\n  --divider-top-width: 100%;\n}\n#section_1605304561 .ux-shape-divider--bottom svg {\n  height: 150px;\n  --divider-width: 100%;\n}\n<\/style>\n\t<\/section>\n\t\n\t<section class=\"section hide-for-small\" id=\"section_2118691900\">\n\t\t<div class=\"bg section-bg fill bg-fill  bg-loaded\" >\n\n\t\t\t\n\t\t\t\n\t\t\t\n\n\t\t<\/div>\n\n\t\t\n\n\t\t<div class=\"section-content relative\">\n\t\t\t\n\n  <div class=\"banner has-hover\" id=\"banner-844182265\">\n          <div class=\"banner-inner fill\">\n        <div class=\"banner-bg fill\" >\n            <div class=\"bg fill bg-fill \"><\/div>\n                                    \n                    <\/div>\n\t\t\n        <div class=\"banner-layers container\">\n            <div class=\"fill banner-link\"><\/div>            \n   <div id=\"text-box-461542566\" class=\"text-box banner-layer x75 md-x75 lg-x75 y90 md-y90 lg-y90 res-text\">\n                                <div class=\"text-box-content text \">\n              \n              <div class=\"text-inner text-left\">\n                  \n<h3>Stay tuned !<\/h3>\n<p>Update in progress\u2026<\/p>\n<p>Thank you for your interest.<\/p>\n              <\/div>\n           <\/div>\n                            \n<style>\n#text-box-461542566 {\n  width: 41%;\n}\n#text-box-461542566 .text-box-content {\n  font-size: 150%;\n}\n<\/style>\n    <\/div>\n \n        <\/div>\n      <\/div>\n\n            \n<style>\n#banner-844182265 {\n  padding-top: 500px;\n}\n#banner-844182265 .bg.bg-loaded {\n  background-image: url(https:\/\/ctmconnect.net\/wp-content\/uploads\/2020\/10\/notebook-paper-coffee-cup-envelope-with-vintage-old-picture-frame.jpg);\n}\n#banner-844182265 .bg {\n  background-position: 3% 30%;\n}\n#banner-844182265 .ux-shape-divider--top svg {\n  height: 150px;\n  --divider-top-width: 100%;\n}\n#banner-844182265 .ux-shape-divider--bottom svg {\n  height: 150px;\n  --divider-width: 100%;\n}\n<\/style>\n  <\/div>\n\n\n\t\t<\/div>\n\n\t\t\n<style>\n#section_2118691900 {\n  padding-top: 30px;\n  padding-bottom: 30px;\n}\n#section_2118691900 .ux-shape-divider--top svg {\n  height: 150px;\n  --divider-top-width: 100%;\n}\n#section_2118691900 .ux-shape-divider--bottom svg {\n  height: 150px;\n  --divider-width: 100%;\n}\n<\/style>\n\t<\/section>\n\t\n\t<section class=\"section show-for-small\" id=\"section_833896171\">\n\t\t<div class=\"bg section-bg fill bg-fill  bg-loaded\" >\n\n\t\t\t\n\t\t\t\n\t\t\t\n\n\t\t<\/div>\n\n\t\t\n\n\t\t<div class=\"section-content relative\">\n\t\t\t\n\n  <div class=\"banner has-hover\" id=\"banner-321205677\">\n          <div class=\"banner-inner fill\">\n        <div class=\"banner-bg fill\" >\n            <div class=\"bg fill bg-fill \"><\/div>\n                                    \n                    <\/div>\n\t\t\n        <div class=\"banner-layers container\">\n            <div class=\"fill banner-link\"><\/div>            \n   <div id=\"text-box-679845244\" class=\"text-box banner-layer x20 md-x75 lg-x75 y75 md-y90 lg-y90 res-text\">\n                                <div class=\"text-box-content text \">\n              \n              <div class=\"text-inner text-left\">\n                  \n<h3>Stay tuned !<\/h3>\n<p>Update in progress\u2026<\/p>\n<p>Thank you for your interest.<\/p>\n              <\/div>\n           <\/div>\n                            \n<style>\n#text-box-679845244 {\n  width: 58%;\n}\n#text-box-679845244 .text-box-content {\n  font-size: 150%;\n}\n@media (min-width:550px) {\n  #text-box-679845244 {\n    width: 41%;\n  }\n}\n<\/style>\n    <\/div>\n \n        <\/div>\n      <\/div>\n\n            \n<style>\n#banner-321205677 {\n  padding-top: 500px;\n}\n#banner-321205677 .bg.bg-loaded {\n  background-image: url(https:\/\/ctmconnect.net\/wp-content\/uploads\/2020\/10\/notebook-paper-coffee-cup-envelope-with-vintage-old-picture-frame.jpg);\n}\n#banner-321205677 .bg {\n  background-position: 50% 36%;\n}\n#banner-321205677 .ux-shape-divider--top svg {\n  height: 150px;\n  --divider-top-width: 100%;\n}\n#banner-321205677 .ux-shape-divider--bottom svg {\n  height: 150px;\n  --divider-width: 100%;\n}\n<\/style>\n  <\/div>\n\n\n\t\t<\/div>\n\n\t\t\n<style>\n#section_833896171 {\n  padding-top: 30px;\n  padding-bottom: 30px;\n}\n#section_833896171 .ux-shape-divider--top svg {\n  height: 150px;\n  --divider-top-width: 100%;\n}\n#section_833896171 .ux-shape-divider--bottom svg {\n  height: 150px;\n  --divider-width: 100%;\n}\n<\/style>\n\t<\/section>\n\t\n","protected":false},"excerpt":{"rendered":"","protected":false},"author":1,"featured_media":1439,"parent":2145,"menu_order":0,"comment_status":"closed","ping_status":"closed","template":"page-transparent-header.php","meta":{"footnotes":""},"class_list":["post-2220","page","type-page","status-publish","has-post-thumbnail","hentry"],"yoast_head":"<!-- This site is optimized with the Yoast SEO plugin v27.4 - https:\/\/yoast.com\/product\/yoast-seo-wordpress\/ -->\n<title>\u0110\u00e1nh gi\u00e1 c\u1ee7a kh\u00e1ch h\u00e0ng - CTM Translation &amp; Consulting - The best Vietnamese translation company<\/title>\n<meta name=\"robots\" content=\"index, follow, max-snippet:-1, max-image-preview:large, max-video-preview:-1\" \/>\n<link rel=\"canonical\" href=\"https:\/\/ctmconnect.net\/vi\/linh-vuc-khach-hang\/danh-gia-cua-khach-hang\/\" \/>\n<meta name=\"twitter:card\" content=\"summary_large_image\" \/>\n<meta name=\"twitter:title\" content=\"\u0110\u00e1nh gi\u00e1 c\u1ee7a kh\u00e1ch h\u00e0ng - CTM Translation &amp; Consulting - The best Vietnamese translation company\" \/>\n<meta name=\"twitter:image\" content=\"https:\/\/ctmconnect.net\/wp-content\/uploads\/2020\/09\/faq2.jpg\" \/>\n<meta name=\"twitter:label1\" content=\"Est. reading time\" \/>\n\t<meta name=\"twitter:data1\" content=\"1 minute\" \/>\n<script type=\"application\/ld+json\" class=\"yoast-schema-graph\">{\"@context\":\"https:\\\/\\\/schema.org\",\"@graph\":[{\"@type\":\"WebPage\",\"@id\":\"https:\\\/\\\/ctmconnect.net\\\/vi\\\/linh-vuc-khach-hang\\\/danh-gia-cua-khach-hang\\\/\",\"url\":\"https:\\\/\\\/ctmconnect.net\\\/vi\\\/linh-vuc-khach-hang\\\/danh-gia-cua-khach-hang\\\/\",\"name\":\"\u0110\u00e1nh gi\u00e1 c\u1ee7a kh\u00e1ch h\u00e0ng - CTM Translation &amp; Consulting - The best Vietnamese translation company\",\"isPartOf\":{\"@id\":\"https:\\\/\\\/ctmconnect.net\\\/vi\\\/#website\"},\"primaryImageOfPage\":{\"@id\":\"https:\\\/\\\/ctmconnect.net\\\/vi\\\/linh-vuc-khach-hang\\\/danh-gia-cua-khach-hang\\\/#primaryimage\"},\"image\":{\"@id\":\"https:\\\/\\\/ctmconnect.net\\\/vi\\\/linh-vuc-khach-hang\\\/danh-gia-cua-khach-hang\\\/#primaryimage\"},\"thumbnailUrl\":\"https:\\\/\\\/ctmconnect.net\\\/wp-content\\\/uploads\\\/2020\\\/09\\\/faq2.jpg\",\"datePublished\":\"2021-07-17T07:34:24+00:00\",\"dateModified\":\"2021-07-17T08:06:36+00:00\",\"breadcrumb\":{\"@id\":\"https:\\\/\\\/ctmconnect.net\\\/vi\\\/linh-vuc-khach-hang\\\/danh-gia-cua-khach-hang\\\/#breadcrumb\"},\"inLanguage\":\"vi-VN\",\"potentialAction\":[{\"@type\":\"ReadAction\",\"target\":[\"https:\\\/\\\/ctmconnect.net\\\/vi\\\/linh-vuc-khach-hang\\\/danh-gia-cua-khach-hang\\\/\"]}]},{\"@type\":\"ImageObject\",\"inLanguage\":\"vi-VN\",\"@id\":\"https:\\\/\\\/ctmconnect.net\\\/vi\\\/linh-vuc-khach-hang\\\/danh-gia-cua-khach-hang\\\/#primaryimage\",\"url\":\"https:\\\/\\\/ctmconnect.net\\\/wp-content\\\/uploads\\\/2020\\\/09\\\/faq2.jpg\",\"contentUrl\":\"https:\\\/\\\/ctmconnect.net\\\/wp-content\\\/uploads\\\/2020\\\/09\\\/faq2.jpg\",\"width\":600,\"height\":400},{\"@type\":\"BreadcrumbList\",\"@id\":\"https:\\\/\\\/ctmconnect.net\\\/vi\\\/linh-vuc-khach-hang\\\/danh-gia-cua-khach-hang\\\/#breadcrumb\",\"itemListElement\":[{\"@type\":\"ListItem\",\"position\":1,\"name\":\"Home\",\"item\":\"http:\\\/\\\/ctmconnect.net\\\/vi\\\/\"},{\"@type\":\"ListItem\",\"position\":2,\"name\":\"L\u0129nh v\u1ef1c &#038; Kh\u00e1ch h\u00e0ng\",\"item\":\"http:\\\/\\\/ctmconnect.net\\\/vi\\\/linh-vuc-khach-hang\\\/\"},{\"@type\":\"ListItem\",\"position\":3,\"name\":\"\u0110\u00e1nh gi\u00e1 c\u1ee7a kh\u00e1ch h\u00e0ng\"}]},{\"@type\":\"WebSite\",\"@id\":\"https:\\\/\\\/ctmconnect.net\\\/vi\\\/#website\",\"url\":\"https:\\\/\\\/ctmconnect.net\\\/vi\\\/\",\"name\":\"CTM Translation &amp; Consulting - The best Vietnamese translation company\",\"description\":\"High-quality translation\",\"publisher\":{\"@id\":\"https:\\\/\\\/ctmconnect.net\\\/vi\\\/#organization\"},\"potentialAction\":[{\"@type\":\"SearchAction\",\"target\":{\"@type\":\"EntryPoint\",\"urlTemplate\":\"https:\\\/\\\/ctmconnect.net\\\/vi\\\/?s={search_term_string}\"},\"query-input\":{\"@type\":\"PropertyValueSpecification\",\"valueRequired\":true,\"valueName\":\"search_term_string\"}}],\"inLanguage\":\"vi-VN\"},{\"@type\":\"Organization\",\"@id\":\"https:\\\/\\\/ctmconnect.net\\\/vi\\\/#organization\",\"name\":\"CTM Connect & Consulting\",\"url\":\"https:\\\/\\\/ctmconnect.net\\\/vi\\\/\",\"logo\":{\"@type\":\"ImageObject\",\"inLanguage\":\"vi-VN\",\"@id\":\"https:\\\/\\\/ctmconnect.net\\\/vi\\\/#\\\/schema\\\/logo\\\/image\\\/\",\"url\":\"https:\\\/\\\/ctmconnect.net\\\/wp-content\\\/uploads\\\/2020\\\/08\\\/logo_original.png\",\"contentUrl\":\"https:\\\/\\\/ctmconnect.net\\\/wp-content\\\/uploads\\\/2020\\\/08\\\/logo_original.png\",\"width\":200,\"height\":100,\"caption\":\"CTM Connect & Consulting\"},\"image\":{\"@id\":\"https:\\\/\\\/ctmconnect.net\\\/vi\\\/#\\\/schema\\\/logo\\\/image\\\/\"},\"sameAs\":[\"https:\\\/\\\/www.facebook.com\\\/TranslationConsulting\\\/\"]}]}<\/script>\n<!-- \/ Yoast SEO plugin. -->","yoast_head_json":{"title":"\u0110\u00e1nh gi\u00e1 c\u1ee7a kh\u00e1ch h\u00e0ng - CTM Translation &amp; Consulting - The best Vietnamese translation company","robots":{"index":"index","follow":"follow","max-snippet":"max-snippet:-1","max-image-preview":"max-image-preview:large","max-video-preview":"max-video-preview:-1"},"canonical":"https:\/\/ctmconnect.net\/vi\/linh-vuc-khach-hang\/danh-gia-cua-khach-hang\/","twitter_card":"summary_large_image","twitter_title":"\u0110\u00e1nh gi\u00e1 c\u1ee7a kh\u00e1ch h\u00e0ng - CTM Translation &amp; Consulting - The best Vietnamese translation company","twitter_image":"https:\/\/ctmconnect.net\/wp-content\/uploads\/2020\/09\/faq2.jpg","twitter_misc":{"Est. reading time":"1 minute"},"schema":{"@context":"https:\/\/schema.org","@graph":[{"@type":"WebPage","@id":"https:\/\/ctmconnect.net\/vi\/linh-vuc-khach-hang\/danh-gia-cua-khach-hang\/","url":"https:\/\/ctmconnect.net\/vi\/linh-vuc-khach-hang\/danh-gia-cua-khach-hang\/","name":"\u0110\u00e1nh gi\u00e1 c\u1ee7a kh\u00e1ch h\u00e0ng - CTM Translation &amp; Consulting - The best Vietnamese translation company","isPartOf":{"@id":"https:\/\/ctmconnect.net\/vi\/#website"},"primaryImageOfPage":{"@id":"https:\/\/ctmconnect.net\/vi\/linh-vuc-khach-hang\/danh-gia-cua-khach-hang\/#primaryimage"},"image":{"@id":"https:\/\/ctmconnect.net\/vi\/linh-vuc-khach-hang\/danh-gia-cua-khach-hang\/#primaryimage"},"thumbnailUrl":"https:\/\/ctmconnect.net\/wp-content\/uploads\/2020\/09\/faq2.jpg","datePublished":"2021-07-17T07:34:24+00:00","dateModified":"2021-07-17T08:06:36+00:00","breadcrumb":{"@id":"https:\/\/ctmconnect.net\/vi\/linh-vuc-khach-hang\/danh-gia-cua-khach-hang\/#breadcrumb"},"inLanguage":"vi-VN","potentialAction":[{"@type":"ReadAction","target":["https:\/\/ctmconnect.net\/vi\/linh-vuc-khach-hang\/danh-gia-cua-khach-hang\/"]}]},{"@type":"ImageObject","inLanguage":"vi-VN","@id":"https:\/\/ctmconnect.net\/vi\/linh-vuc-khach-hang\/danh-gia-cua-khach-hang\/#primaryimage","url":"https:\/\/ctmconnect.net\/wp-content\/uploads\/2020\/09\/faq2.jpg","contentUrl":"https:\/\/ctmconnect.net\/wp-content\/uploads\/2020\/09\/faq2.jpg","width":600,"height":400},{"@type":"BreadcrumbList","@id":"https:\/\/ctmconnect.net\/vi\/linh-vuc-khach-hang\/danh-gia-cua-khach-hang\/#breadcrumb","itemListElement":[{"@type":"ListItem","position":1,"name":"Home","item":"https:\/\/ctmconnect.net\/vi\/"},{"@type":"ListItem","position":2,"name":"L\u0129nh v\u1ef1c &#038; Kh\u00e1ch h\u00e0ng","item":"https:\/\/ctmconnect.net\/vi\/linh-vuc-khach-hang\/"},{"@type":"ListItem","position":3,"name":"\u0110\u00e1nh gi\u00e1 c\u1ee7a kh\u00e1ch h\u00e0ng"}]},{"@type":"WebSite","@id":"https:\/\/ctmconnect.net\/vi\/#website","url":"https:\/\/ctmconnect.net\/vi\/","name":"CTM Translation &amp; Consulting - The best Vietnamese translation company","description":"High-quality translation","publisher":{"@id":"https:\/\/ctmconnect.net\/vi\/#organization"},"potentialAction":[{"@type":"SearchAction","target":{"@type":"EntryPoint","urlTemplate":"https:\/\/ctmconnect.net\/vi\/?s={search_term_string}"},"query-input":{"@type":"PropertyValueSpecification","valueRequired":true,"valueName":"search_term_string"}}],"inLanguage":"vi-VN"},{"@type":"Organization","@id":"https:\/\/ctmconnect.net\/vi\/#organization","name":"CTM Connect & Consulting","url":"https:\/\/ctmconnect.net\/vi\/","logo":{"@type":"ImageObject","inLanguage":"vi-VN","@id":"https:\/\/ctmconnect.net\/vi\/#\/schema\/logo\/image\/","url":"https:\/\/ctmconnect.net\/wp-content\/uploads\/2020\/08\/logo_original.png","contentUrl":"https:\/\/ctmconnect.net\/wp-content\/uploads\/2020\/08\/logo_original.png","width":200,"height":100,"caption":"CTM Connect & Consulting"},"image":{"@id":"https:\/\/ctmconnect.net\/vi\/#\/schema\/logo\/image\/"},"sameAs":["https:\/\/www.facebook.com\/TranslationConsulting\/"]}]}},"_links":{"self":[{"href":"https:\/\/ctmconnect.net\/vi\/wp-json\/wp\/v2\/pages\/2220","targetHints":{"allow":["GET"]}}],"collection":[{"href":"https:\/\/ctmconnect.net\/vi\/wp-json\/wp\/v2\/pages"}],"about":[{"href":"https:\/\/ctmconnect.net\/vi\/wp-json\/wp\/v2\/types\/page"}],"author":[{"embeddable":true,"href":"https:\/\/ctmconnect.net\/vi\/wp-json\/wp\/v2\/users\/1"}],"replies":[{"embeddable":true,"href":"https:\/\/ctmconnect.net\/vi\/wp-json\/wp\/v2\/comments?post=2220"}],"version-history":[{"count":4,"href":"https:\/\/ctmconnect.net\/vi\/wp-json\/wp\/v2\/pages\/2220\/revisions"}],"predecessor-version":[{"id":2271,"href":"https:\/\/ctmconnect.net\/vi\/wp-json\/wp\/v2\/pages\/2220\/revisions\/2271"}],"up":[{"embeddable":true,"href":"https:\/\/ctmconnect.net\/vi\/wp-json\/wp\/v2\/pages\/2145"}],"wp:featuredmedia":[{"embeddable":true,"href":"https:\/\/ctmconnect.net\/vi\/wp-json\/wp\/v2\/media\/1439"}],"wp:attachment":[{"href":"https:\/\/ctmconnect.net\/vi\/wp-json\/wp\/v2\/media?parent=2220"}],"curies":[{"name":"wp","href":"https:\/\/api.w.org\/{rel}","templated":true}]}}