{"id":2231,"date":"2021-07-17T07:36:54","date_gmt":"2021-07-17T07:36:54","guid":{"rendered":"https:\/\/ctmconnect.net\/technical-specialized-translation\/"},"modified":"2021-07-22T14:33:19","modified_gmt":"2021-07-22T14:33:19","slug":"bien-dich-ky-thuat","status":"publish","type":"page","link":"https:\/\/ctmconnect.net\/vi\/bien-phien-dich\/bien-dich-va-ban-dia-hoa\/bien-dich-ky-thuat\/","title":{"rendered":"Bi\u00ean d\u1ecbch k\u1ef9 thu\u1eadt"},"content":{"rendered":"\n  <div class=\"banner has-hover\" id=\"banner-1005024079\">\n          <div class=\"banner-inner fill\">\n        <div class=\"banner-bg fill\" >\n            <div class=\"bg fill bg-fill \"><\/div>\n                        <div class=\"overlay\"><\/div>            \n                    <\/div>\n\t\t\n        <div class=\"banner-layers container\">\n            <div class=\"fill banner-link\"><\/div>            \n<p>\n   <div id=\"text-box-1777406600\" class=\"text-box banner-layer x75 md-x75 lg-x75 y60 md-y60 lg-y60 res-text\">\n                                <div class=\"text-box-content text dark\">\n              \n              <div class=\"text-inner text-center\">\n                  \n<h3 class=\"uppercase\">bi\u00ean d\u1ecbch k\u1ef9 thu\u1eadt<\/h3>\n              <\/div>\n           <\/div>\n                            \n<style>\n#text-box-1777406600 {\n  width: 44%;\n}\n#text-box-1777406600 .text-box-content {\n  font-size: 100%;\n}\n<\/style>\n    <\/div>\n \n<\/p>\n        <\/div>\n      <\/div>\n\n            \n<style>\n#banner-1005024079 {\n  padding-top: 300px;\n}\n#banner-1005024079 .bg.bg-loaded {\n  background-image: url(https:\/\/ctmconnect.net\/wp-content\/uploads\/2020\/10\/beautiful-shot-optical-glasses-cup-table-with-white-background-space-text-1024x732.jpg);\n}\n#banner-1005024079 .overlay {\n  background-color: rgba(0, 0, 0, 0.3);\n}\n#banner-1005024079 .bg {\n  background-position: 0% 94%;\n}\n#banner-1005024079 .ux-shape-divider--top svg {\n  height: 150px;\n  --divider-top-width: 100%;\n}\n#banner-1005024079 .ux-shape-divider--bottom svg {\n  height: 150px;\n  --divider-width: 100%;\n}\n<\/style>\n  <\/div>\n\n\n\t<section class=\"section\" id=\"section_1217846660\">\n\t\t<div class=\"bg section-bg fill bg-fill  bg-loaded\" >\n\n\t\t\t\n\t\t\t\n\t\t\t\n\n\t\t<\/div>\n\n\t\t\n\n\t\t<div class=\"section-content relative\">\n\t\t\t\n<p>\n<div class=\"row align-middle align-center\"  id=\"row-189177891\">\n<p>\n\n\t<div id=\"col-903144318\" class=\"col medium-10 small-12 large-10\"  >\n\t\t\t\t<div class=\"col-inner\"  >\n\t\t\t\n\t\t\t\n<blockquote>\n<p>Bi\u00ean di\u0323ch t\u1eeb ng\u00f4n ng\u1eef n\u00e0y sang ng\u00f4n ng\u1eef kh\u00e1c l\u00e0 hoa\u0323t \u0111\u00f4\u0323ng tr\u00ed tu\u1ec7 \u0111\u00f2i h\u1ecfi s\u1ef1 tinh t\u1ebf \u01a1\u0309 m\u01b0\u0301c cao nh\u1ea5t.<\/p>\n<p>(Nh\u00e0 ph\u00ea b\u00ecnh v\u0103n h\u1ecdc Anh Qu\u1ed1c, Cyril Connelly)<\/p>\n<\/blockquote>\n\t\t<\/div>\n\t\t\t\t\t<\/div>\n\n\t\n<\/p>\n<\/div>\n<\/p>\n<div class=\"row align-middle align-center\"  id=\"row-580094799\">\n<p>\n\n\t<div id=\"col-939644736\" class=\"col medium-6 small-12 large-6\"  >\n\t\t\t\t<div class=\"col-inner\"  >\n\t\t\t\n\t\t\t\n<p>\n\n  <div class=\"banner has-hover\" id=\"banner-738926314\">\n          <div class=\"banner-inner fill\">\n        <div class=\"banner-bg fill\" >\n            <div class=\"bg fill bg-fill \"><\/div>\n                                    \n                    <\/div>\n\t\t\n        <div class=\"banner-layers container\">\n            <div class=\"fill banner-link\"><\/div>            \n<p>\n   <div id=\"text-box-529588998\" class=\"text-box banner-layer x50 md-x50 lg-x50 y50 md-y50 lg-y50 res-text\">\n                                <div class=\"text-box-content text dark\">\n              \n              <div class=\"text-inner text-center\">\n                  \n              <\/div>\n           <\/div>\n                            \n<style>\n#text-box-529588998 {\n  width: 60%;\n}\n#text-box-529588998 .text-box-content {\n  font-size: 100%;\n}\n@media (min-width:550px) {\n  #text-box-529588998 {\n    width: 60%;\n  }\n}\n<\/style>\n    <\/div>\n \n<\/p>\n        <\/div>\n      <\/div>\n\n            \n<style>\n#banner-738926314 {\n  padding-top: 75%;\n}\n#banner-738926314 .bg.bg-loaded {\n  background-image: url(https:\/\/ctmconnect.net\/wp-content\/uploads\/2021\/06\/technical-translations1-1024x613.jpg);\n}\n#banner-738926314 .ux-shape-divider--top svg {\n  height: 150px;\n  --divider-top-width: 100%;\n}\n#banner-738926314 .ux-shape-divider--bottom svg {\n  height: 150px;\n  --divider-width: 100%;\n}\n<\/style>\n  <\/div>\n\n\n<\/p>\n\t\t<\/div>\n\t\t\t\t\t<\/div>\n\n\t\n<\/p>\n\n\t<div id=\"col-87464815\" class=\"col medium-6 small-12 large-6\"  >\n\t\t\t\t<div class=\"col-inner\"  >\n\t\t\t\n\t\t\t\n<p>M\u1ed9t b\u1ea3n d\u1ecbch t\u1ed1t y\u00eau c\u00e2\u0300u s\u1ef1 am hi\u1ec3u s\u00e2u s\u1eafc v\u1ec1 n\u1ed9i dung v\u0103n ba\u0309n ngu\u1ed3n v\u00e0 k\u1ef9 n\u0103ng vi\u1ebft xu\u1ea5t s\u1eafc b\u1eb1ng ng\u00f4n ng\u1eef \u0111\u00edch. \u0110i\u1ec1u n\u00e0y \u0111\u1eb7c bi\u1ec7t \u0111\u00fang \u0111\u1ed1i v\u1edbi d\u1ecbch k\u1ef9 thu\u1eadt b\u1edfi v\u00ec tri\u0300nh \u0111\u00f4\u0323 chuy\u00ean m\u00f4n cao v\u00e0 s\u1ef1 th\u00f4ng th\u1ea1o v\u1ec1 c\u00e1c thu\u1eadt ng\u1eef chuy\u00ean ng\u00e0nh l\u00e0 v\u00f4 c\u00f9ng quan tr\u1ecdng \u0111\u1ed1i v\u1edbi lo\u1ea1i h\u00ecnh d\u1ecbch thu\u1eadt n\u00e0y. C\u00e1c lo\u1ea1i t\u00e0i li\u1ec7u n\u00e0y bao g\u1ed3m c\u00e1c v\u0103n b\u1ea3n quy tr\u00ecnh ch\u00ednh th\u1ee9c c\u1ee7a ch\u00ednh ph\u1ee7, t\u00e0i li\u1ec7u y t\u1ebf, ng\u00e2n h\u00e0ng v\u00e0 t\u00e0i ch\u00ednh, th\u00f4ng tin m\u00e1y m\u00f3c, v.v.<\/p>\n\t\t<\/div>\n\t\t\t\t\t<\/div>\n\n\t\n<\/p>\n<\/div>\n<\/p>\n<div class=\"row align-middle align-center\"  id=\"row-1953007451\">\n<p>\n\n\t<div id=\"col-1199690885\" class=\"col medium-6 small-12 large-6\"  >\n\t\t\t\t<div class=\"col-inner\"  >\n\t\t\t\n\t\t\t\n<p>\u0110\u00e2y c\u0169ng l\u00e0 n\u0103ng l\u1ef1c c\u1ed1t l\u00f5i c\u1ee7a c\u00e1c bi\u00ean d\u1ecbch vi\u00ean CTM. Ch\u00fang t\u00f4i kh\u00f4ng chi\u0309 c\u00f3 tr\u00ecnh \u0111\u1ed9 ngo\u1ea1i ng\u1eef m\u00e0 c\u00f2n l\u00e0 nh\u1eefng ng\u01b0\u01a1\u0300i k\u1ef9 c\u00e0ng, y\u00eau con ch\u01b0\u0303 v\u00e0 gi\u00e0u kinh nghi\u1ec7m.<\/p>\n\t\t<\/div>\n\t\t\t\t\t<\/div>\n\n\t\n<\/p>\n\n\t<div id=\"col-294637833\" class=\"col medium-6 small-12 large-6 small-col-first\"  >\n\t\t\t\t<div class=\"col-inner\"  >\n\t\t\t\n\t\t\t\n<p>\n\n  <div class=\"banner has-hover\" id=\"banner-1369292475\">\n          <div class=\"banner-inner fill\">\n        <div class=\"banner-bg fill\" >\n            <div class=\"bg fill bg-fill \"><\/div>\n                                    \n                    <\/div>\n\t\t\n        <div class=\"banner-layers container\">\n            <div class=\"fill banner-link\"><\/div>            \n<p>\n   <div id=\"text-box-1591974647\" class=\"text-box banner-layer x50 md-x50 lg-x50 y50 md-y50 lg-y50 res-text\">\n                                <div class=\"text-box-content text dark\">\n              \n              <div class=\"text-inner text-center\">\n                  \n              <\/div>\n           <\/div>\n                            \n<style>\n#text-box-1591974647 {\n  width: 60%;\n}\n#text-box-1591974647 .text-box-content {\n  font-size: 100%;\n}\n@media (min-width:550px) {\n  #text-box-1591974647 {\n    width: 60%;\n  }\n}\n<\/style>\n    <\/div>\n \n<\/p>\n        <\/div>\n      <\/div>\n\n            \n<style>\n#banner-1369292475 {\n  padding-top: 50%;\n}\n#banner-1369292475 .bg.bg-loaded {\n  background-image: url(https:\/\/ctmconnect.net\/wp-content\/uploads\/2021\/06\/team-working-1.jpg);\n}\n#banner-1369292475 .ux-shape-divider--top svg {\n  height: 150px;\n  --divider-top-width: 100%;\n}\n#banner-1369292475 .ux-shape-divider--bottom svg {\n  height: 150px;\n  --divider-width: 100%;\n}\n<\/style>\n  <\/div>\n\n\n<\/p>\n\t\t<\/div>\n\t\t\t\t\t<\/div>\n\n\t\n<\/p>\n<\/div>\n<div class=\"row align-center nopadding hide-for-small\"  id=\"row-628419164\">\n\n\n\t<div id=\"col-876259060\" class=\"col medium-8 small-12 large-8\"  >\n\t\t\t\t<div class=\"col-inner text-center\"  >\n\t\t\t\n\t\t\t\n\n\n\t<a class=\"plain\" href=\"https:\/\/ctmconnect.net\/vi\/linh-vuc-khach-hang\/khach-hang\/\"  >\t<div class=\"icon-box featured-box icon-box-center text-center\"  >\n\t\t\t\t\t<div class=\"icon-box-img has-icon-bg\" style=\"width: 60px\">\n\t\t\t\t<div class=\"icon\">\n\t\t\t\t\t<div class=\"icon-inner\" style=\"border-width:3px;color:rgb(207, 81, 81);\">\n\t\t\t\t\t\t<?xml version=\"1.0\" encoding=\"iso-8859-1\"?>\r\n<!-- Generator: Adobe Illustrator 19.0.0, SVG Export Plug-In . SVG Version: 6.00 Build 0)  -->\r\n<svg version=\"1.1\" id=\"Capa_1\" xmlns=\"http:\/\/www.w3.org\/2000\/svg\" xmlns:xlink=\"http:\/\/www.w3.org\/1999\/xlink\" x=\"0px\" y=\"0px\"\r\n\t viewBox=\"0 0 512 512\" style=\"enable-background:new 0 0 512 512;\" xml:space=\"preserve\">\r\n<g>\r\n\t<g>\r\n\t\t<path d=\"M378.667,21.333c-56.792,0-103.698,52.75-122.667,77.646c-18.969-24.896-65.875-77.646-122.667-77.646\r\n\t\t\tC59.813,21.333,0,88.927,0,172c0,45.323,17.99,87.562,49.479,116.469c0.458,0.792,1.021,1.521,1.677,2.177l197.313,196.906\r\n\t\t\tc2.083,2.073,4.802,3.115,7.531,3.115s5.458-1.042,7.542-3.125L467.417,283.74l2.104-2.042c1.667-1.573,3.313-3.167,5.156-5.208\r\n\t\t\tc0.771-0.76,1.406-1.615,1.896-2.542C499.438,245.948,512,209.833,512,172C512,88.927,452.188,21.333,378.667,21.333z\r\n\t\t\t M458.823,261.948c-0.292,0.344-0.563,0.708-0.802,1.083c-1,1.146-2.094,2.156-3.177,3.188L255.99,464.927L68.667,277.979\r\n\t\t\tc-0.604-1.188-1.448-2.271-2.479-3.177C37.677,249.906,21.333,212.437,21.333,172c0-71.313,50.24-129.333,112-129.333\r\n\t\t\tc61.063,0,113.177,79.646,113.698,80.448c3.938,6.083,14,6.083,17.938,0c0.521-0.802,52.635-80.448,113.698-80.448\r\n\t\t\tc61.76,0,112,58.021,112,129.333C490.667,205.604,479.354,237.552,458.823,261.948z\"\/>\r\n\t<\/g>\r\n<\/g>\r\n<g>\r\n<\/g>\r\n<g>\r\n<\/g>\r\n<g>\r\n<\/g>\r\n<g>\r\n<\/g>\r\n<g>\r\n<\/g>\r\n<g>\r\n<\/g>\r\n<g>\r\n<\/g>\r\n<g>\r\n<\/g>\r\n<g>\r\n<\/g>\r\n<g>\r\n<\/g>\r\n<g>\r\n<\/g>\r\n<g>\r\n<\/g>\r\n<g>\r\n<\/g>\r\n<g>\r\n<\/g>\r\n<g>\r\n<\/g>\r\n<\/svg>\r\n\t\t\t\t\t<\/div>\n\t\t\t\t<\/div>\n\t\t\t<\/div>\n\t\t\t\t<div class=\"icon-box-text last-reset\">\n\t\t\t\t\t\t\t\t\t\n\n<p>THAM KH\u1ea2O KH\u00c1CH H\u00c0NG C\u1ee6A CTM<\/p>\n\n\t\t<\/div>\n\t<\/div>\n\t<\/a>\n\t\n\t<div id=\"gap-1249584947\" class=\"gap-element clearfix\" style=\"display:block; height:auto;\">\n\t\t\n<style>\n#gap-1249584947 {\n  padding-top: 30px;\n}\n<\/style>\n\t<\/div>\n\t\n\n<a href=\"https:\/\/ctmconnect.net\/vi\/lien-he\/nhan-bao-gia\/\" target=\"_self\" class=\"button primary webmtp-btn-1\"  >\n    <span>Y\u00caU C\u1ea6U B\u00c1O GI\u00c1<\/span>\n  <\/a>\n\n\n<a href=\"https:\/\/ctmconnect.net\/vi\/lien-he\/dat-dich-vu\/\" target=\"_self\" class=\"button secondary is-outline hidden\"  >\n    <span>\u0110\u1eb6T D\u1ecaCH V\u1ee4<\/span>\n  <\/a>\n\n\n\n\t\t<\/div>\n\t\t\t\t\t<\/div>\n\n\t\n\n<\/div>\n<div class=\"row align-center nopadding show-for-small\"  id=\"row-417636496\">\n\n\n\t<div id=\"col-103068432\" class=\"col medium-8 small-12 large-8\"  >\n\t\t\t\t<div class=\"col-inner text-center\"  >\n\t\t\t\n\t\t\t\n\n\n\t<a class=\"plain\" href=\"https:\/\/ctmconnect.net\/vi\/linh-vuc-khach-hang\/khach-hang\/\"  >\t<div class=\"icon-box featured-box icon-box-center text-center\"  >\n\t\t\t\t\t<div class=\"icon-box-img has-icon-bg\" style=\"width: 60px\">\n\t\t\t\t<div class=\"icon\">\n\t\t\t\t\t<div class=\"icon-inner\" style=\"border-width:3px;color:rgb(207, 81, 81);\">\n\t\t\t\t\t\t<?xml version=\"1.0\" encoding=\"iso-8859-1\"?>\r\n<!-- Generator: Adobe Illustrator 19.0.0, SVG Export Plug-In . SVG Version: 6.00 Build 0)  -->\r\n<svg version=\"1.1\" id=\"Capa_1\" xmlns=\"http:\/\/www.w3.org\/2000\/svg\" xmlns:xlink=\"http:\/\/www.w3.org\/1999\/xlink\" x=\"0px\" y=\"0px\"\r\n\t viewBox=\"0 0 512 512\" style=\"enable-background:new 0 0 512 512;\" xml:space=\"preserve\">\r\n<g>\r\n\t<g>\r\n\t\t<path d=\"M378.667,21.333c-56.792,0-103.698,52.75-122.667,77.646c-18.969-24.896-65.875-77.646-122.667-77.646\r\n\t\t\tC59.813,21.333,0,88.927,0,172c0,45.323,17.99,87.562,49.479,116.469c0.458,0.792,1.021,1.521,1.677,2.177l197.313,196.906\r\n\t\t\tc2.083,2.073,4.802,3.115,7.531,3.115s5.458-1.042,7.542-3.125L467.417,283.74l2.104-2.042c1.667-1.573,3.313-3.167,5.156-5.208\r\n\t\t\tc0.771-0.76,1.406-1.615,1.896-2.542C499.438,245.948,512,209.833,512,172C512,88.927,452.188,21.333,378.667,21.333z\r\n\t\t\t M458.823,261.948c-0.292,0.344-0.563,0.708-0.802,1.083c-1,1.146-2.094,2.156-3.177,3.188L255.99,464.927L68.667,277.979\r\n\t\t\tc-0.604-1.188-1.448-2.271-2.479-3.177C37.677,249.906,21.333,212.437,21.333,172c0-71.313,50.24-129.333,112-129.333\r\n\t\t\tc61.063,0,113.177,79.646,113.698,80.448c3.938,6.083,14,6.083,17.938,0c0.521-0.802,52.635-80.448,113.698-80.448\r\n\t\t\tc61.76,0,112,58.021,112,129.333C490.667,205.604,479.354,237.552,458.823,261.948z\"\/>\r\n\t<\/g>\r\n<\/g>\r\n<g>\r\n<\/g>\r\n<g>\r\n<\/g>\r\n<g>\r\n<\/g>\r\n<g>\r\n<\/g>\r\n<g>\r\n<\/g>\r\n<g>\r\n<\/g>\r\n<g>\r\n<\/g>\r\n<g>\r\n<\/g>\r\n<g>\r\n<\/g>\r\n<g>\r\n<\/g>\r\n<g>\r\n<\/g>\r\n<g>\r\n<\/g>\r\n<g>\r\n<\/g>\r\n<g>\r\n<\/g>\r\n<g>\r\n<\/g>\r\n<\/svg>\r\n\t\t\t\t\t<\/div>\n\t\t\t\t<\/div>\n\t\t\t<\/div>\n\t\t\t\t<div class=\"icon-box-text last-reset\">\n\t\t\t\t\t\t\t\t\t\n\n<p>THAM KH\u1ea2O KH\u00c1CH H\u00c0NG C\u1ee6A CTM<\/p>\n\n\t\t<\/div>\n\t<\/div>\n\t<\/a>\n\t\n\t<div id=\"gap-2050631194\" class=\"gap-element clearfix\" style=\"display:block; height:auto;\">\n\t\t\n<style>\n#gap-2050631194 {\n  padding-top: 30px;\n}\n<\/style>\n\t<\/div>\n\t\n\n<a href=\"https:\/\/ctmconnect.net\/vi\/lien-he\/nhan-bao-gia\/\" target=\"_self\" class=\"button primary expand webmtp-btn-1\"  >\n    <span>Y\u00caU C\u1ea6U B\u00c1O GI\u00c1<\/span>\n  <\/a>\n\n\n<a href=\"https:\/\/ctmconnect.net\/vi\/lien-he\/dat-dich-vu\/\" target=\"_self\" class=\"button secondary is-outline expand hidden\"  >\n    <span>\u0110\u1eb6T D\u1ecaCH V\u1ee4<\/span>\n  <\/a>\n\n\n\n\t\t<\/div>\n\t\t\t\t\t<\/div>\n\n\t\n\n<\/div>\n\t\t<\/div>\n\n\t\t\n<style>\n#section_1217846660 {\n  padding-top: 30px;\n  padding-bottom: 30px;\n}\n#section_1217846660 .ux-shape-divider--top svg {\n  height: 150px;\n  --divider-top-width: 100%;\n}\n#section_1217846660 .ux-shape-divider--bottom svg {\n  height: 150px;\n  --divider-width: 100%;\n}\n<\/style>\n\t<\/section>\n\t\n","protected":false},"excerpt":{"rendered":"","protected":false},"author":1,"featured_media":1534,"parent":2245,"menu_order":0,"comment_status":"closed","ping_status":"closed","template":"page-transparent-header.php","meta":{"footnotes":""},"class_list":["post-2231","page","type-page","status-publish","has-post-thumbnail","hentry"],"yoast_head":"<!-- This site is optimized with the Yoast SEO plugin v27.4 - https:\/\/yoast.com\/product\/yoast-seo-wordpress\/ -->\n<title>Bi\u00ean d\u1ecbch k\u1ef9 thu\u1eadt - CTM Translation &amp; Consulting - The best Vietnamese translation company<\/title>\n<meta name=\"robots\" content=\"index, follow, max-snippet:-1, max-image-preview:large, max-video-preview:-1\" \/>\n<link rel=\"canonical\" href=\"https:\/\/ctmconnect.net\/vi\/bien-phien-dich\/bien-dich-va-ban-dia-hoa\/bien-dich-ky-thuat\/\" \/>\n<meta name=\"twitter:card\" content=\"summary_large_image\" \/>\n<meta name=\"twitter:title\" content=\"Bi\u00ean d\u1ecbch k\u1ef9 thu\u1eadt - CTM Translation &amp; Consulting - The best Vietnamese translation company\" \/>\n<meta name=\"twitter:image\" content=\"https:\/\/ctmconnect.net\/wp-content\/uploads\/2020\/11\/editor-880x470-1.jpg\" \/>\n<meta name=\"twitter:label1\" content=\"Est. reading time\" \/>\n\t<meta name=\"twitter:data1\" content=\"2 minutes\" \/>\n<script type=\"application\/ld+json\" class=\"yoast-schema-graph\">{\"@context\":\"https:\\\/\\\/schema.org\",\"@graph\":[{\"@type\":\"WebPage\",\"@id\":\"https:\\\/\\\/ctmconnect.net\\\/vi\\\/bien-phien-dich\\\/bien-dich-va-ban-dia-hoa\\\/bien-dich-ky-thuat\\\/\",\"url\":\"https:\\\/\\\/ctmconnect.net\\\/vi\\\/bien-phien-dich\\\/bien-dich-va-ban-dia-hoa\\\/bien-dich-ky-thuat\\\/\",\"name\":\"Bi\u00ean d\u1ecbch k\u1ef9 thu\u1eadt - CTM Translation &amp; Consulting - The best Vietnamese translation company\",\"isPartOf\":{\"@id\":\"https:\\\/\\\/ctmconnect.net\\\/vi\\\/#website\"},\"primaryImageOfPage\":{\"@id\":\"https:\\\/\\\/ctmconnect.net\\\/vi\\\/bien-phien-dich\\\/bien-dich-va-ban-dia-hoa\\\/bien-dich-ky-thuat\\\/#primaryimage\"},\"image\":{\"@id\":\"https:\\\/\\\/ctmconnect.net\\\/vi\\\/bien-phien-dich\\\/bien-dich-va-ban-dia-hoa\\\/bien-dich-ky-thuat\\\/#primaryimage\"},\"thumbnailUrl\":\"https:\\\/\\\/ctmconnect.net\\\/wp-content\\\/uploads\\\/2020\\\/11\\\/editor-880x470-1.jpg\",\"datePublished\":\"2021-07-17T07:36:54+00:00\",\"dateModified\":\"2021-07-22T14:33:19+00:00\",\"breadcrumb\":{\"@id\":\"https:\\\/\\\/ctmconnect.net\\\/vi\\\/bien-phien-dich\\\/bien-dich-va-ban-dia-hoa\\\/bien-dich-ky-thuat\\\/#breadcrumb\"},\"inLanguage\":\"vi-VN\",\"potentialAction\":[{\"@type\":\"ReadAction\",\"target\":[\"https:\\\/\\\/ctmconnect.net\\\/vi\\\/bien-phien-dich\\\/bien-dich-va-ban-dia-hoa\\\/bien-dich-ky-thuat\\\/\"]}]},{\"@type\":\"ImageObject\",\"inLanguage\":\"vi-VN\",\"@id\":\"https:\\\/\\\/ctmconnect.net\\\/vi\\\/bien-phien-dich\\\/bien-dich-va-ban-dia-hoa\\\/bien-dich-ky-thuat\\\/#primaryimage\",\"url\":\"https:\\\/\\\/ctmconnect.net\\\/wp-content\\\/uploads\\\/2020\\\/11\\\/editor-880x470-1.jpg\",\"contentUrl\":\"https:\\\/\\\/ctmconnect.net\\\/wp-content\\\/uploads\\\/2020\\\/11\\\/editor-880x470-1.jpg\",\"width\":880,\"height\":470},{\"@type\":\"BreadcrumbList\",\"@id\":\"https:\\\/\\\/ctmconnect.net\\\/vi\\\/bien-phien-dich\\\/bien-dich-va-ban-dia-hoa\\\/bien-dich-ky-thuat\\\/#breadcrumb\",\"itemListElement\":[{\"@type\":\"ListItem\",\"position\":1,\"name\":\"Home\",\"item\":\"http:\\\/\\\/ctmconnect.net\\\/vi\\\/\"},{\"@type\":\"ListItem\",\"position\":2,\"name\":\"Bi\u00ean &#8211; Phi\u00ean d\u1ecbch\",\"item\":\"http:\\\/\\\/ctmconnect.net\\\/vi\\\/bien-phien-dich\\\/\"},{\"@type\":\"ListItem\",\"position\":3,\"name\":\"Bi\u00ean d\u1ecbch v\u00e0 B\u1ea3n \u0111\u1ecba h\u00f3a\",\"item\":\"http:\\\/\\\/ctmconnect.net\\\/vi\\\/bien-phien-dich\\\/bien-dich-va-ban-dia-hoa\\\/\"},{\"@type\":\"ListItem\",\"position\":4,\"name\":\"Bi\u00ean d\u1ecbch k\u1ef9 thu\u1eadt\"}]},{\"@type\":\"WebSite\",\"@id\":\"https:\\\/\\\/ctmconnect.net\\\/vi\\\/#website\",\"url\":\"https:\\\/\\\/ctmconnect.net\\\/vi\\\/\",\"name\":\"CTM Translation &amp; Consulting - The best Vietnamese translation company\",\"description\":\"High-quality translation\",\"publisher\":{\"@id\":\"https:\\\/\\\/ctmconnect.net\\\/vi\\\/#organization\"},\"potentialAction\":[{\"@type\":\"SearchAction\",\"target\":{\"@type\":\"EntryPoint\",\"urlTemplate\":\"https:\\\/\\\/ctmconnect.net\\\/vi\\\/?s={search_term_string}\"},\"query-input\":{\"@type\":\"PropertyValueSpecification\",\"valueRequired\":true,\"valueName\":\"search_term_string\"}}],\"inLanguage\":\"vi-VN\"},{\"@type\":\"Organization\",\"@id\":\"https:\\\/\\\/ctmconnect.net\\\/vi\\\/#organization\",\"name\":\"CTM Connect & Consulting\",\"url\":\"https:\\\/\\\/ctmconnect.net\\\/vi\\\/\",\"logo\":{\"@type\":\"ImageObject\",\"inLanguage\":\"vi-VN\",\"@id\":\"https:\\\/\\\/ctmconnect.net\\\/vi\\\/#\\\/schema\\\/logo\\\/image\\\/\",\"url\":\"https:\\\/\\\/ctmconnect.net\\\/wp-content\\\/uploads\\\/2020\\\/08\\\/logo_original.png\",\"contentUrl\":\"https:\\\/\\\/ctmconnect.net\\\/wp-content\\\/uploads\\\/2020\\\/08\\\/logo_original.png\",\"width\":200,\"height\":100,\"caption\":\"CTM Connect & Consulting\"},\"image\":{\"@id\":\"https:\\\/\\\/ctmconnect.net\\\/vi\\\/#\\\/schema\\\/logo\\\/image\\\/\"},\"sameAs\":[\"https:\\\/\\\/www.facebook.com\\\/TranslationConsulting\\\/\"]}]}<\/script>\n<!-- \/ Yoast SEO plugin. -->","yoast_head_json":{"title":"Bi\u00ean d\u1ecbch k\u1ef9 thu\u1eadt - CTM Translation &amp; Consulting - The best Vietnamese translation company","robots":{"index":"index","follow":"follow","max-snippet":"max-snippet:-1","max-image-preview":"max-image-preview:large","max-video-preview":"max-video-preview:-1"},"canonical":"https:\/\/ctmconnect.net\/vi\/bien-phien-dich\/bien-dich-va-ban-dia-hoa\/bien-dich-ky-thuat\/","twitter_card":"summary_large_image","twitter_title":"Bi\u00ean d\u1ecbch k\u1ef9 thu\u1eadt - CTM Translation &amp; Consulting - The best Vietnamese translation company","twitter_image":"https:\/\/ctmconnect.net\/wp-content\/uploads\/2020\/11\/editor-880x470-1.jpg","twitter_misc":{"Est. reading time":"2 minutes"},"schema":{"@context":"https:\/\/schema.org","@graph":[{"@type":"WebPage","@id":"https:\/\/ctmconnect.net\/vi\/bien-phien-dich\/bien-dich-va-ban-dia-hoa\/bien-dich-ky-thuat\/","url":"https:\/\/ctmconnect.net\/vi\/bien-phien-dich\/bien-dich-va-ban-dia-hoa\/bien-dich-ky-thuat\/","name":"Bi\u00ean d\u1ecbch k\u1ef9 thu\u1eadt - CTM Translation &amp; Consulting - The best Vietnamese translation company","isPartOf":{"@id":"https:\/\/ctmconnect.net\/vi\/#website"},"primaryImageOfPage":{"@id":"https:\/\/ctmconnect.net\/vi\/bien-phien-dich\/bien-dich-va-ban-dia-hoa\/bien-dich-ky-thuat\/#primaryimage"},"image":{"@id":"https:\/\/ctmconnect.net\/vi\/bien-phien-dich\/bien-dich-va-ban-dia-hoa\/bien-dich-ky-thuat\/#primaryimage"},"thumbnailUrl":"https:\/\/ctmconnect.net\/wp-content\/uploads\/2020\/11\/editor-880x470-1.jpg","datePublished":"2021-07-17T07:36:54+00:00","dateModified":"2021-07-22T14:33:19+00:00","breadcrumb":{"@id":"https:\/\/ctmconnect.net\/vi\/bien-phien-dich\/bien-dich-va-ban-dia-hoa\/bien-dich-ky-thuat\/#breadcrumb"},"inLanguage":"vi-VN","potentialAction":[{"@type":"ReadAction","target":["https:\/\/ctmconnect.net\/vi\/bien-phien-dich\/bien-dich-va-ban-dia-hoa\/bien-dich-ky-thuat\/"]}]},{"@type":"ImageObject","inLanguage":"vi-VN","@id":"https:\/\/ctmconnect.net\/vi\/bien-phien-dich\/bien-dich-va-ban-dia-hoa\/bien-dich-ky-thuat\/#primaryimage","url":"https:\/\/ctmconnect.net\/wp-content\/uploads\/2020\/11\/editor-880x470-1.jpg","contentUrl":"https:\/\/ctmconnect.net\/wp-content\/uploads\/2020\/11\/editor-880x470-1.jpg","width":880,"height":470},{"@type":"BreadcrumbList","@id":"https:\/\/ctmconnect.net\/vi\/bien-phien-dich\/bien-dich-va-ban-dia-hoa\/bien-dich-ky-thuat\/#breadcrumb","itemListElement":[{"@type":"ListItem","position":1,"name":"Home","item":"https:\/\/ctmconnect.net\/vi\/"},{"@type":"ListItem","position":2,"name":"Bi\u00ean &#8211; Phi\u00ean d\u1ecbch","item":"https:\/\/ctmconnect.net\/vi\/bien-phien-dich\/"},{"@type":"ListItem","position":3,"name":"Bi\u00ean d\u1ecbch v\u00e0 B\u1ea3n \u0111\u1ecba h\u00f3a","item":"https:\/\/ctmconnect.net\/vi\/bien-phien-dich\/bien-dich-va-ban-dia-hoa\/"},{"@type":"ListItem","position":4,"name":"Bi\u00ean d\u1ecbch k\u1ef9 thu\u1eadt"}]},{"@type":"WebSite","@id":"https:\/\/ctmconnect.net\/vi\/#website","url":"https:\/\/ctmconnect.net\/vi\/","name":"CTM Translation &amp; Consulting - The best Vietnamese translation company","description":"High-quality translation","publisher":{"@id":"https:\/\/ctmconnect.net\/vi\/#organization"},"potentialAction":[{"@type":"SearchAction","target":{"@type":"EntryPoint","urlTemplate":"https:\/\/ctmconnect.net\/vi\/?s={search_term_string}"},"query-input":{"@type":"PropertyValueSpecification","valueRequired":true,"valueName":"search_term_string"}}],"inLanguage":"vi-VN"},{"@type":"Organization","@id":"https:\/\/ctmconnect.net\/vi\/#organization","name":"CTM Connect & Consulting","url":"https:\/\/ctmconnect.net\/vi\/","logo":{"@type":"ImageObject","inLanguage":"vi-VN","@id":"https:\/\/ctmconnect.net\/vi\/#\/schema\/logo\/image\/","url":"https:\/\/ctmconnect.net\/wp-content\/uploads\/2020\/08\/logo_original.png","contentUrl":"https:\/\/ctmconnect.net\/wp-content\/uploads\/2020\/08\/logo_original.png","width":200,"height":100,"caption":"CTM Connect & Consulting"},"image":{"@id":"https:\/\/ctmconnect.net\/vi\/#\/schema\/logo\/image\/"},"sameAs":["https:\/\/www.facebook.com\/TranslationConsulting\/"]}]}},"_links":{"self":[{"href":"https:\/\/ctmconnect.net\/vi\/wp-json\/wp\/v2\/pages\/2231","targetHints":{"allow":["GET"]}}],"collection":[{"href":"https:\/\/ctmconnect.net\/vi\/wp-json\/wp\/v2\/pages"}],"about":[{"href":"https:\/\/ctmconnect.net\/vi\/wp-json\/wp\/v2\/types\/page"}],"author":[{"embeddable":true,"href":"https:\/\/ctmconnect.net\/vi\/wp-json\/wp\/v2\/users\/1"}],"replies":[{"embeddable":true,"href":"https:\/\/ctmconnect.net\/vi\/wp-json\/wp\/v2\/comments?post=2231"}],"version-history":[{"count":9,"href":"https:\/\/ctmconnect.net\/vi\/wp-json\/wp\/v2\/pages\/2231\/revisions"}],"predecessor-version":[{"id":2549,"href":"https:\/\/ctmconnect.net\/vi\/wp-json\/wp\/v2\/pages\/2231\/revisions\/2549"}],"up":[{"embeddable":true,"href":"https:\/\/ctmconnect.net\/vi\/wp-json\/wp\/v2\/pages\/2245"}],"wp:featuredmedia":[{"embeddable":true,"href":"https:\/\/ctmconnect.net\/vi\/wp-json\/wp\/v2\/media\/1534"}],"wp:attachment":[{"href":"https:\/\/ctmconnect.net\/vi\/wp-json\/wp\/v2\/media?parent=2231"}],"curies":[{"name":"wp","href":"https:\/\/api.w.org\/{rel}","templated":true}]}}