{"id":2245,"date":"2021-05-20T06:45:24","date_gmt":"2021-05-20T06:45:24","guid":{"rendered":"https:\/\/ctmconnect.net\/bien-phien-dich\/translation-localization\/"},"modified":"2021-10-18T16:55:06","modified_gmt":"2021-10-18T09:55:06","slug":"bien-dich-va-ban-dia-hoa","status":"publish","type":"page","link":"https:\/\/ctmconnect.net\/vi\/bien-phien-dich\/bien-dich-va-ban-dia-hoa\/","title":{"rendered":"Bi\u00ean d\u1ecbch v\u00e0 B\u1ea3n \u0111\u1ecba h\u00f3a"},"content":{"rendered":"","protected":false},"excerpt":{"rendered":"","protected":false},"author":1,"featured_media":0,"parent":2140,"menu_order":0,"comment_status":"closed","ping_status":"closed","template":"","meta":{"footnotes":""},"class_list":["post-2245","page","type-page","status-publish","hentry"],"yoast_head":"<!-- This site is optimized with the Yoast SEO plugin v27.4 - https:\/\/yoast.com\/product\/yoast-seo-wordpress\/ -->\n<title>D\u1ecbch thu\u1eadt chuy\u00ean nghi\u1ec7p v\u00e0 uy t\u00edn h\u00e0ng \u0111\u1ea7u Vi\u1ec7t Nam - CTM Translation<\/title>\n<meta name=\"description\" content=\"\u0110\u1ed9i ng\u0169 d\u1ecbch thu\u1eadt c\u1ee7a CTM l\u00e0 c\u00e1c bi\u00ean di\u0323ch vi\u00ean va\u0300 nh\u01b0\u0303ng ng\u01b0\u01a1\u0300i y\u00eau ng\u00f4n ng\u1eef, d\u00e0y d\u0103\u0323n kinh nghi\u1ec7m, c\u00f3 t\u1eeb nhi\u1ec1u chuy\u00ean m\u00f4n kh\u00e1c nhau nh\u01b0 K\u1ef9 thu\u1eadt, C\u00f4ng ngh\u1ec7 th\u00f4ng tin, Y t\u1ebf, B\u1ea3o hi\u1ec3m, Gi\u00e1o d\u1ee5c, T\u00e0i ch\u00ednh &amp; Ng\u00e2n h\u00e0ng, C\u00e1c t\u1ed5 ch\u1ee9c phi ch\u00ednh ph\u1ee7, Xu\u1ea5t nh\u1eadp kh\u1ea9u, \u0110\u1ea7u t\u01b0, Ti\u1ebfp th\u1ecb v\u00e0 Quan h\u1ec7 c\u00f4ng ch\u00fang, v.v.\" \/>\n<meta name=\"robots\" content=\"index, follow, max-snippet:-1, max-image-preview:large, max-video-preview:-1\" \/>\n<link rel=\"canonical\" href=\"https:\/\/ctmconnect.net\/vi\/bien-phien-dich\/bien-dich-va-ban-dia-hoa\/\" \/>\n<meta name=\"twitter:card\" content=\"summary_large_image\" \/>\n<meta name=\"twitter:title\" content=\"D\u1ecbch thu\u1eadt chuy\u00ean nghi\u1ec7p v\u00e0 uy t\u00edn h\u00e0ng \u0111\u1ea7u Vi\u1ec7t Nam - CTM Translation\" \/>\n<meta name=\"twitter:description\" content=\"\u0110\u1ed9i ng\u0169 d\u1ecbch thu\u1eadt c\u1ee7a CTM l\u00e0 c\u00e1c bi\u00ean di\u0323ch vi\u00ean va\u0300 nh\u01b0\u0303ng ng\u01b0\u01a1\u0300i y\u00eau ng\u00f4n ng\u1eef, d\u00e0y d\u0103\u0323n kinh nghi\u1ec7m, c\u00f3 t\u1eeb nhi\u1ec1u chuy\u00ean m\u00f4n kh\u00e1c nhau nh\u01b0 K\u1ef9 thu\u1eadt, C\u00f4ng ngh\u1ec7 th\u00f4ng tin, Y t\u1ebf, B\u1ea3o hi\u1ec3m, Gi\u00e1o d\u1ee5c, T\u00e0i ch\u00ednh &amp; Ng\u00e2n h\u00e0ng, C\u00e1c t\u1ed5 ch\u1ee9c phi ch\u00ednh ph\u1ee7, Xu\u1ea5t nh\u1eadp kh\u1ea9u, \u0110\u1ea7u t\u01b0, Ti\u1ebfp th\u1ecb v\u00e0 Quan h\u1ec7 c\u00f4ng ch\u00fang, v.v.\" \/>\n<script type=\"application\/ld+json\" class=\"yoast-schema-graph\">{\"@context\":\"https:\\\/\\\/schema.org\",\"@graph\":[{\"@type\":\"WebPage\",\"@id\":\"https:\\\/\\\/ctmconnect.net\\\/vi\\\/bien-phien-dich\\\/bien-dich-va-ban-dia-hoa\\\/\",\"url\":\"https:\\\/\\\/ctmconnect.net\\\/vi\\\/bien-phien-dich\\\/bien-dich-va-ban-dia-hoa\\\/\",\"name\":\"D\u1ecbch thu\u1eadt chuy\u00ean nghi\u1ec7p v\u00e0 uy t\u00edn h\u00e0ng \u0111\u1ea7u Vi\u1ec7t Nam - CTM Translation\",\"isPartOf\":{\"@id\":\"https:\\\/\\\/ctmconnect.net\\\/vi\\\/#website\"},\"datePublished\":\"2021-05-20T06:45:24+00:00\",\"dateModified\":\"2021-10-18T09:55:06+00:00\",\"description\":\"\u0110\u1ed9i ng\u0169 d\u1ecbch thu\u1eadt c\u1ee7a CTM l\u00e0 c\u00e1c bi\u00ean di\u0323ch vi\u00ean va\u0300 nh\u01b0\u0303ng ng\u01b0\u01a1\u0300i y\u00eau ng\u00f4n ng\u1eef, d\u00e0y d\u0103\u0323n kinh nghi\u1ec7m, c\u00f3 t\u1eeb nhi\u1ec1u chuy\u00ean m\u00f4n kh\u00e1c nhau nh\u01b0 K\u1ef9 thu\u1eadt, C\u00f4ng ngh\u1ec7 th\u00f4ng tin, Y t\u1ebf, B\u1ea3o hi\u1ec3m, Gi\u00e1o d\u1ee5c, T\u00e0i ch\u00ednh & Ng\u00e2n h\u00e0ng, C\u00e1c t\u1ed5 ch\u1ee9c phi ch\u00ednh ph\u1ee7, Xu\u1ea5t nh\u1eadp kh\u1ea9u, \u0110\u1ea7u t\u01b0, Ti\u1ebfp th\u1ecb v\u00e0 Quan h\u1ec7 c\u00f4ng ch\u00fang, v.v.\",\"breadcrumb\":{\"@id\":\"https:\\\/\\\/ctmconnect.net\\\/vi\\\/bien-phien-dich\\\/bien-dich-va-ban-dia-hoa\\\/#breadcrumb\"},\"inLanguage\":\"vi-VN\",\"potentialAction\":[{\"@type\":\"ReadAction\",\"target\":[\"https:\\\/\\\/ctmconnect.net\\\/vi\\\/bien-phien-dich\\\/bien-dich-va-ban-dia-hoa\\\/\"]}]},{\"@type\":\"BreadcrumbList\",\"@id\":\"https:\\\/\\\/ctmconnect.net\\\/vi\\\/bien-phien-dich\\\/bien-dich-va-ban-dia-hoa\\\/#breadcrumb\",\"itemListElement\":[{\"@type\":\"ListItem\",\"position\":1,\"name\":\"Home\",\"item\":\"http:\\\/\\\/ctmconnect.net\\\/vi\\\/\"},{\"@type\":\"ListItem\",\"position\":2,\"name\":\"Bi\u00ean &#8211; Phi\u00ean d\u1ecbch\",\"item\":\"http:\\\/\\\/ctmconnect.net\\\/vi\\\/bien-phien-dich\\\/\"},{\"@type\":\"ListItem\",\"position\":3,\"name\":\"Bi\u00ean d\u1ecbch v\u00e0 B\u1ea3n \u0111\u1ecba h\u00f3a\"}]},{\"@type\":\"WebSite\",\"@id\":\"https:\\\/\\\/ctmconnect.net\\\/vi\\\/#website\",\"url\":\"https:\\\/\\\/ctmconnect.net\\\/vi\\\/\",\"name\":\"CTM Translation &amp; Consulting - The best Vietnamese translation company\",\"description\":\"High-quality translation\",\"publisher\":{\"@id\":\"https:\\\/\\\/ctmconnect.net\\\/vi\\\/#organization\"},\"potentialAction\":[{\"@type\":\"SearchAction\",\"target\":{\"@type\":\"EntryPoint\",\"urlTemplate\":\"https:\\\/\\\/ctmconnect.net\\\/vi\\\/?s={search_term_string}\"},\"query-input\":{\"@type\":\"PropertyValueSpecification\",\"valueRequired\":true,\"valueName\":\"search_term_string\"}}],\"inLanguage\":\"vi-VN\"},{\"@type\":\"Organization\",\"@id\":\"https:\\\/\\\/ctmconnect.net\\\/vi\\\/#organization\",\"name\":\"CTM Connect & Consulting\",\"url\":\"https:\\\/\\\/ctmconnect.net\\\/vi\\\/\",\"logo\":{\"@type\":\"ImageObject\",\"inLanguage\":\"vi-VN\",\"@id\":\"https:\\\/\\\/ctmconnect.net\\\/vi\\\/#\\\/schema\\\/logo\\\/image\\\/\",\"url\":\"https:\\\/\\\/ctmconnect.net\\\/wp-content\\\/uploads\\\/2020\\\/08\\\/logo_original.png\",\"contentUrl\":\"https:\\\/\\\/ctmconnect.net\\\/wp-content\\\/uploads\\\/2020\\\/08\\\/logo_original.png\",\"width\":200,\"height\":100,\"caption\":\"CTM Connect & Consulting\"},\"image\":{\"@id\":\"https:\\\/\\\/ctmconnect.net\\\/vi\\\/#\\\/schema\\\/logo\\\/image\\\/\"},\"sameAs\":[\"https:\\\/\\\/www.facebook.com\\\/TranslationConsulting\\\/\"]}]}<\/script>\n<!-- \/ Yoast SEO plugin. -->","yoast_head_json":{"title":"D\u1ecbch thu\u1eadt chuy\u00ean nghi\u1ec7p v\u00e0 uy t\u00edn h\u00e0ng \u0111\u1ea7u Vi\u1ec7t Nam - CTM Translation","description":"\u0110\u1ed9i ng\u0169 d\u1ecbch thu\u1eadt c\u1ee7a CTM l\u00e0 c\u00e1c bi\u00ean di\u0323ch vi\u00ean va\u0300 nh\u01b0\u0303ng ng\u01b0\u01a1\u0300i y\u00eau ng\u00f4n ng\u1eef, d\u00e0y d\u0103\u0323n kinh nghi\u1ec7m, c\u00f3 t\u1eeb nhi\u1ec1u chuy\u00ean m\u00f4n kh\u00e1c nhau nh\u01b0 K\u1ef9 thu\u1eadt, C\u00f4ng ngh\u1ec7 th\u00f4ng tin, Y t\u1ebf, B\u1ea3o hi\u1ec3m, Gi\u00e1o d\u1ee5c, T\u00e0i ch\u00ednh & Ng\u00e2n h\u00e0ng, C\u00e1c t\u1ed5 ch\u1ee9c phi ch\u00ednh ph\u1ee7, Xu\u1ea5t nh\u1eadp kh\u1ea9u, \u0110\u1ea7u t\u01b0, Ti\u1ebfp th\u1ecb v\u00e0 Quan h\u1ec7 c\u00f4ng ch\u00fang, v.v.","robots":{"index":"index","follow":"follow","max-snippet":"max-snippet:-1","max-image-preview":"max-image-preview:large","max-video-preview":"max-video-preview:-1"},"canonical":"https:\/\/ctmconnect.net\/vi\/bien-phien-dich\/bien-dich-va-ban-dia-hoa\/","twitter_card":"summary_large_image","twitter_title":"D\u1ecbch thu\u1eadt chuy\u00ean nghi\u1ec7p v\u00e0 uy t\u00edn h\u00e0ng \u0111\u1ea7u Vi\u1ec7t Nam - CTM Translation","twitter_description":"\u0110\u1ed9i ng\u0169 d\u1ecbch thu\u1eadt c\u1ee7a CTM l\u00e0 c\u00e1c bi\u00ean di\u0323ch vi\u00ean va\u0300 nh\u01b0\u0303ng ng\u01b0\u01a1\u0300i y\u00eau ng\u00f4n ng\u1eef, d\u00e0y d\u0103\u0323n kinh nghi\u1ec7m, c\u00f3 t\u1eeb nhi\u1ec1u chuy\u00ean m\u00f4n kh\u00e1c nhau nh\u01b0 K\u1ef9 thu\u1eadt, C\u00f4ng ngh\u1ec7 th\u00f4ng tin, Y t\u1ebf, B\u1ea3o hi\u1ec3m, Gi\u00e1o d\u1ee5c, T\u00e0i ch\u00ednh & Ng\u00e2n h\u00e0ng, C\u00e1c t\u1ed5 ch\u1ee9c phi ch\u00ednh ph\u1ee7, Xu\u1ea5t nh\u1eadp kh\u1ea9u, \u0110\u1ea7u t\u01b0, Ti\u1ebfp th\u1ecb v\u00e0 Quan h\u1ec7 c\u00f4ng ch\u00fang, v.v.","schema":{"@context":"https:\/\/schema.org","@graph":[{"@type":"WebPage","@id":"https:\/\/ctmconnect.net\/vi\/bien-phien-dich\/bien-dich-va-ban-dia-hoa\/","url":"https:\/\/ctmconnect.net\/vi\/bien-phien-dich\/bien-dich-va-ban-dia-hoa\/","name":"D\u1ecbch thu\u1eadt chuy\u00ean nghi\u1ec7p v\u00e0 uy t\u00edn h\u00e0ng \u0111\u1ea7u Vi\u1ec7t Nam - CTM Translation","isPartOf":{"@id":"https:\/\/ctmconnect.net\/vi\/#website"},"datePublished":"2021-05-20T06:45:24+00:00","dateModified":"2021-10-18T09:55:06+00:00","description":"\u0110\u1ed9i ng\u0169 d\u1ecbch thu\u1eadt c\u1ee7a CTM l\u00e0 c\u00e1c bi\u00ean di\u0323ch vi\u00ean va\u0300 nh\u01b0\u0303ng ng\u01b0\u01a1\u0300i y\u00eau ng\u00f4n ng\u1eef, d\u00e0y d\u0103\u0323n kinh nghi\u1ec7m, c\u00f3 t\u1eeb nhi\u1ec1u chuy\u00ean m\u00f4n kh\u00e1c nhau nh\u01b0 K\u1ef9 thu\u1eadt, C\u00f4ng ngh\u1ec7 th\u00f4ng tin, Y t\u1ebf, B\u1ea3o hi\u1ec3m, Gi\u00e1o d\u1ee5c, T\u00e0i ch\u00ednh & Ng\u00e2n h\u00e0ng, C\u00e1c t\u1ed5 ch\u1ee9c phi ch\u00ednh ph\u1ee7, Xu\u1ea5t nh\u1eadp kh\u1ea9u, \u0110\u1ea7u t\u01b0, Ti\u1ebfp th\u1ecb v\u00e0 Quan h\u1ec7 c\u00f4ng ch\u00fang, v.v.","breadcrumb":{"@id":"https:\/\/ctmconnect.net\/vi\/bien-phien-dich\/bien-dich-va-ban-dia-hoa\/#breadcrumb"},"inLanguage":"vi-VN","potentialAction":[{"@type":"ReadAction","target":["https:\/\/ctmconnect.net\/vi\/bien-phien-dich\/bien-dich-va-ban-dia-hoa\/"]}]},{"@type":"BreadcrumbList","@id":"https:\/\/ctmconnect.net\/vi\/bien-phien-dich\/bien-dich-va-ban-dia-hoa\/#breadcrumb","itemListElement":[{"@type":"ListItem","position":1,"name":"Home","item":"https:\/\/ctmconnect.net\/vi\/"},{"@type":"ListItem","position":2,"name":"Bi\u00ean &#8211; Phi\u00ean d\u1ecbch","item":"https:\/\/ctmconnect.net\/vi\/bien-phien-dich\/"},{"@type":"ListItem","position":3,"name":"Bi\u00ean d\u1ecbch v\u00e0 B\u1ea3n \u0111\u1ecba h\u00f3a"}]},{"@type":"WebSite","@id":"https:\/\/ctmconnect.net\/vi\/#website","url":"https:\/\/ctmconnect.net\/vi\/","name":"CTM Translation &amp; Consulting - The best Vietnamese translation company","description":"High-quality translation","publisher":{"@id":"https:\/\/ctmconnect.net\/vi\/#organization"},"potentialAction":[{"@type":"SearchAction","target":{"@type":"EntryPoint","urlTemplate":"https:\/\/ctmconnect.net\/vi\/?s={search_term_string}"},"query-input":{"@type":"PropertyValueSpecification","valueRequired":true,"valueName":"search_term_string"}}],"inLanguage":"vi-VN"},{"@type":"Organization","@id":"https:\/\/ctmconnect.net\/vi\/#organization","name":"CTM Connect & Consulting","url":"https:\/\/ctmconnect.net\/vi\/","logo":{"@type":"ImageObject","inLanguage":"vi-VN","@id":"https:\/\/ctmconnect.net\/vi\/#\/schema\/logo\/image\/","url":"https:\/\/ctmconnect.net\/wp-content\/uploads\/2020\/08\/logo_original.png","contentUrl":"https:\/\/ctmconnect.net\/wp-content\/uploads\/2020\/08\/logo_original.png","width":200,"height":100,"caption":"CTM Connect & Consulting"},"image":{"@id":"https:\/\/ctmconnect.net\/vi\/#\/schema\/logo\/image\/"},"sameAs":["https:\/\/www.facebook.com\/TranslationConsulting\/"]}]}},"_links":{"self":[{"href":"https:\/\/ctmconnect.net\/vi\/wp-json\/wp\/v2\/pages\/2245","targetHints":{"allow":["GET"]}}],"collection":[{"href":"https:\/\/ctmconnect.net\/vi\/wp-json\/wp\/v2\/pages"}],"about":[{"href":"https:\/\/ctmconnect.net\/vi\/wp-json\/wp\/v2\/types\/page"}],"author":[{"embeddable":true,"href":"https:\/\/ctmconnect.net\/vi\/wp-json\/wp\/v2\/users\/1"}],"replies":[{"embeddable":true,"href":"https:\/\/ctmconnect.net\/vi\/wp-json\/wp\/v2\/comments?post=2245"}],"version-history":[{"count":3,"href":"https:\/\/ctmconnect.net\/vi\/wp-json\/wp\/v2\/pages\/2245\/revisions"}],"predecessor-version":[{"id":2251,"href":"https:\/\/ctmconnect.net\/vi\/wp-json\/wp\/v2\/pages\/2245\/revisions\/2251"}],"up":[{"embeddable":true,"href":"https:\/\/ctmconnect.net\/vi\/wp-json\/wp\/v2\/pages\/2140"}],"wp:attachment":[{"href":"https:\/\/ctmconnect.net\/vi\/wp-json\/wp\/v2\/media?parent=2245"}],"curies":[{"name":"wp","href":"https:\/\/api.w.org\/{rel}","templated":true}]}}